{"id":1797,"date":"2024-05-29T09:32:02","date_gmt":"2024-05-29T07:32:02","guid":{"rendered":"https:\/\/museum.sites2.itd.tools\/05-2\/"},"modified":"2024-11-01T22:29:13","modified_gmt":"2024-11-01T21:29:13","slug":"tafel-05","status":"publish","type":"page","link":"https:\/\/museum.braasch.sh\/da\/tafel-05\/","title":{"rendered":"05"},"content":{"rendered":"\t\t<div data-elementor-type=\"wp-page\" data-elementor-id=\"1797\" class=\"elementor elementor-1797 elementor-423\" data-elementor-post-type=\"page\">\n\t\t\t\t<div class=\"elementor-element elementor-element-57df1df tafel-nav elementor-hidden-desktop e-flex e-con-boxed e-con e-parent\" data-id=\"57df1df\" data-element_type=\"container\" data-e-type=\"container\" data-settings=\"{&quot;background_background&quot;:&quot;classic&quot;,&quot;sticky&quot;:&quot;top&quot;,&quot;sticky_offset_mobile&quot;:58,&quot;sticky_offset&quot;:50,&quot;sticky_on&quot;:[&quot;desktop&quot;,&quot;tablet&quot;,&quot;mobile&quot;],&quot;sticky_effects_offset&quot;:0,&quot;sticky_anchor_link_offset&quot;:0}\">\n\t\t\t\t\t<div class=\"e-con-inner\">\n\t\t\t\t<div class=\"elementor-element elementor-element-1182fb9 elementor-nav-menu__align-center elementor-nav-menu--dropdown-none elementor-widget elementor-widget-nav-menu\" data-id=\"1182fb9\" data-element_type=\"widget\" data-e-type=\"widget\" data-settings=\"{&quot;layout&quot;:&quot;horizontal&quot;,&quot;submenu_icon&quot;:{&quot;value&quot;:&quot;&lt;svg aria-hidden=\\&quot;true\\&quot; class=\\&quot;e-font-icon-svg e-fas-caret-down\\&quot; viewBox=\\&quot;0 0 320 512\\&quot; xmlns=\\&quot;http:\\\/\\\/www.w3.org\\\/2000\\\/svg\\&quot;&gt;&lt;path d=\\&quot;M31.3 192h257.3c17.8 0 26.7 21.5 14.1 34.1L174.1 354.8c-7.8 7.8-20.5 7.8-28.3 0L17.2 226.1C4.6 213.5 13.5 192 31.3 192z\\&quot;&gt;&lt;\\\/path&gt;&lt;\\\/svg&gt;&quot;,&quot;library&quot;:&quot;fa-solid&quot;}}\" data-widget_type=\"nav-menu.default\">\n\t\t\t\t<div class=\"elementor-widget-container\">\n\t\t\t\t\t\t\t\t<nav aria-label=\"Men\u00fc\" class=\"elementor-nav-menu--main elementor-nav-menu__container elementor-nav-menu--layout-horizontal e--pointer-none\">\n\t\t\t\t<ul id=\"menu-1-1182fb9\" class=\"elementor-nav-menu\"><li class=\"left-tafel menu-item menu-item-type-post_type menu-item-object-page menu-item-1943\"><a href=\"https:\/\/museum.braasch.sh\/da\/tafel-04\/\" class=\"elementor-item\">04<\/a><\/li>\n<li class=\"right-tafel menu-item menu-item-type-post_type menu-item-object-page menu-item-2399\"><a href=\"https:\/\/museum.braasch.sh\/da\/tafel-06\/\" class=\"elementor-item\">06<\/a><\/li>\n<\/ul>\t\t\t<\/nav>\n\t\t\t\t\t\t<nav class=\"elementor-nav-menu--dropdown elementor-nav-menu__container\" aria-hidden=\"true\">\n\t\t\t\t<ul id=\"menu-2-1182fb9\" class=\"elementor-nav-menu\"><li class=\"left-tafel menu-item menu-item-type-post_type menu-item-object-page menu-item-1943\"><a href=\"https:\/\/museum.braasch.sh\/da\/tafel-04\/\" class=\"elementor-item\" tabindex=\"-1\">04<\/a><\/li>\n<li class=\"right-tafel menu-item menu-item-type-post_type menu-item-object-page menu-item-2399\"><a href=\"https:\/\/museum.braasch.sh\/da\/tafel-06\/\" class=\"elementor-item\" tabindex=\"-1\">06<\/a><\/li>\n<\/ul>\t\t\t<\/nav>\n\t\t\t\t\t\t<\/div>\n\t\t\t\t<\/div>\n\t\t\t\t\t<\/div>\n\t\t\t\t<\/div>\n\t\t<div class=\"elementor-element elementor-element-ab23260 elementor-hidden-desktop e-flex e-con-boxed e-con e-parent\" data-id=\"ab23260\" data-element_type=\"container\" data-e-type=\"container\" data-settings=\"{&quot;background_background&quot;:&quot;classic&quot;}\">\n\t\t\t\t\t<div class=\"e-con-inner\">\n\t\t\t\t<div class=\"elementor-element elementor-element-591f173 elementor-widget elementor-widget-heading\" data-id=\"591f173\" data-element_type=\"widget\" data-e-type=\"widget\" data-settings=\"{&quot;sticky&quot;:&quot;top&quot;,&quot;sticky_offset&quot;:116,&quot;sticky_on&quot;:[&quot;desktop&quot;,&quot;tablet&quot;,&quot;mobile&quot;],&quot;sticky_effects_offset&quot;:0,&quot;sticky_anchor_link_offset&quot;:0}\" data-widget_type=\"heading.default\">\n\t\t\t\t<div class=\"elementor-widget-container\">\n\t\t\t\t\t<h1 class=\"elementor-heading-title elementor-size-default\">05<\/h1>\t\t\t\t<\/div>\n\t\t\t\t<\/div>\n\t\t\t\t<div class=\"elementor-element elementor-element-dfddf35 elementor-widget elementor-widget-heading\" data-id=\"dfddf35\" data-element_type=\"widget\" data-e-type=\"widget\" data-widget_type=\"heading.default\">\n\t\t\t\t<div class=\"elementor-widget-container\">\n\t\t\t\t\t<h2 class=\"elementor-heading-title elementor-size-default\">Hvordan teglsten fra Flensborg kom til Karibien<\/h2>\t\t\t\t<\/div>\n\t\t\t\t<\/div>\n\t\t\t\t<div class=\"elementor-element elementor-element-e2257ac elementor-widget elementor-widget-text-editor\" data-id=\"e2257ac\" data-element_type=\"widget\" data-e-type=\"widget\" data-widget_type=\"text-editor.default\">\n\t\t\t\t<div class=\"elementor-widget-container\">\n\t\t\t\t\t\t\t\t\t<p>Teglsten fra Flensborg fungerede som ballast p\u00e5 handelsskibene og skulle desuden bruges til at bygge f\u00e6stninger, huse, veje og trapper p\u00e5 de tre sm\u00e5 \u00f8er. Den dag i dag kan man overalt se disse typiske gule sten, der produceredes p\u00e5 de mange teglv\u00e6rker, som l\u00e5 rundt om Flensborg ord, f. eks. i Cathrinesminde p\u00e5 Broagerhalv\u00f8en, som ligger overfor den tyske halv\u00f8 Holnis. Langs Broager-landets kyst kan man stadig nde rester af den samme slags gule teglsten ved bredden.  <\/p>\n\t\t\t\t\t\t\t\t<\/div>\n\t\t\t\t<\/div>\n\t\t\t\t<div class=\"elementor-element elementor-element-63e8adf elementor-widget elementor-widget-heading\" data-id=\"63e8adf\" data-element_type=\"widget\" data-e-type=\"widget\" data-widget_type=\"heading.default\">\n\t\t\t\t<div class=\"elementor-widget-container\">\n\t\t\t\t\t<h3 class=\"elementor-heading-title elementor-size-default\">Sm\u00e5 billeder fra venstre mod h\u00f8jre:<\/h3>\t\t\t\t<\/div>\n\t\t\t\t<\/div>\n\t\t\t\t<div class=\"elementor-element elementor-element-75bda90 elementor-widget elementor-widget-text-editor\" data-id=\"75bda90\" data-element_type=\"widget\" data-e-type=\"widget\" data-widget_type=\"text-editor.default\">\n\t\t\t\t<div class=\"elementor-widget-container\">\n\t\t\t\t\t\t\t\t\t<ul>\n<li>Indre g\u00e5rd p\u00e5 fortet i Christianssted (St. Croix)<\/li>\n<li class=\"p2\">\u201eNintynine steps\u201c \u2013 den ber\u00f8mte trappe gennem det historiske kvart\u00e9r i Charlotte Amalie (St. Thomas)<\/li>\n<li>Trappe til Frederikskirken (Frederik Church) i Charlotte Amalie (St. Thomas)<\/li>\n<\/ul>\t\t\t\t\t\t\t\t<\/div>\n\t\t\t\t<\/div>\n\t\t\t\t\t<\/div>\n\t\t\t\t<\/div>\n\t\t\t\t<\/div>\n\t\t","protected":false},"excerpt":{"rendered":"<p>05 Hvordan teglsten fra Flensborg kom til Karibien Teglsten fra Flensborg fungerede som ballast p\u00e5 handelsskibene og skulle desuden bruges til at bygge f\u00e6stninger, huse, veje og trapper p\u00e5 de tre sm\u00e5 \u00f8er. Den dag i dag kan man overalt se disse typiske gule sten, der produceredes p\u00e5 de mange teglv\u00e6rker, som l\u00e5 rundt om [&hellip;]<\/p>\n","protected":false},"author":1,"featured_media":0,"parent":0,"menu_order":50,"comment_status":"closed","ping_status":"closed","template":"","meta":{"footnotes":""},"class_list":["post-1797","page","type-page","status-publish","hentry"],"_links":{"self":[{"href":"https:\/\/museum.braasch.sh\/da\/wp-json\/wp\/v2\/pages\/1797","targetHints":{"allow":["GET"]}}],"collection":[{"href":"https:\/\/museum.braasch.sh\/da\/wp-json\/wp\/v2\/pages"}],"about":[{"href":"https:\/\/museum.braasch.sh\/da\/wp-json\/wp\/v2\/types\/page"}],"author":[{"embeddable":true,"href":"https:\/\/museum.braasch.sh\/da\/wp-json\/wp\/v2\/users\/1"}],"replies":[{"embeddable":true,"href":"https:\/\/museum.braasch.sh\/da\/wp-json\/wp\/v2\/comments?post=1797"}],"version-history":[{"count":18,"href":"https:\/\/museum.braasch.sh\/da\/wp-json\/wp\/v2\/pages\/1797\/revisions"}],"predecessor-version":[{"id":4248,"href":"https:\/\/museum.braasch.sh\/da\/wp-json\/wp\/v2\/pages\/1797\/revisions\/4248"}],"wp:attachment":[{"href":"https:\/\/museum.braasch.sh\/da\/wp-json\/wp\/v2\/media?parent=1797"}],"curies":[{"name":"wp","href":"https:\/\/api.w.org\/{rel}","templated":true}]}}