{"id":1820,"date":"2024-05-29T10:14:35","date_gmt":"2024-05-29T08:14:35","guid":{"rendered":"https:\/\/museum.sites2.itd.tools\/04-2\/"},"modified":"2024-11-01T22:28:39","modified_gmt":"2024-11-01T21:28:39","slug":"tafel-04","status":"publish","type":"page","link":"https:\/\/museum.braasch.sh\/da\/tafel-04\/","title":{"rendered":"04"},"content":{"rendered":"\t\t<div data-elementor-type=\"wp-page\" data-elementor-id=\"1820\" class=\"elementor elementor-1820 elementor-444\" data-elementor-post-type=\"page\">\n\t\t\t\t<div class=\"elementor-element elementor-element-6652c93 tafel-nav elementor-hidden-desktop e-flex e-con-boxed e-con e-parent\" data-id=\"6652c93\" data-element_type=\"container\" data-e-type=\"container\" data-settings=\"{&quot;background_background&quot;:&quot;classic&quot;,&quot;sticky&quot;:&quot;top&quot;,&quot;sticky_offset_mobile&quot;:58,&quot;sticky_offset&quot;:50,&quot;sticky_on&quot;:[&quot;desktop&quot;,&quot;tablet&quot;,&quot;mobile&quot;],&quot;sticky_effects_offset&quot;:0,&quot;sticky_anchor_link_offset&quot;:0}\">\n\t\t\t\t\t<div class=\"e-con-inner\">\n\t\t\t\t<div class=\"elementor-element elementor-element-f251137 elementor-nav-menu__align-center elementor-nav-menu--dropdown-none elementor-widget elementor-widget-nav-menu\" data-id=\"f251137\" data-element_type=\"widget\" data-e-type=\"widget\" data-settings=\"{&quot;layout&quot;:&quot;horizontal&quot;,&quot;submenu_icon&quot;:{&quot;value&quot;:&quot;&lt;svg aria-hidden=\\&quot;true\\&quot; class=\\&quot;e-font-icon-svg e-fas-caret-down\\&quot; viewBox=\\&quot;0 0 320 512\\&quot; xmlns=\\&quot;http:\\\/\\\/www.w3.org\\\/2000\\\/svg\\&quot;&gt;&lt;path d=\\&quot;M31.3 192h257.3c17.8 0 26.7 21.5 14.1 34.1L174.1 354.8c-7.8 7.8-20.5 7.8-28.3 0L17.2 226.1C4.6 213.5 13.5 192 31.3 192z\\&quot;&gt;&lt;\\\/path&gt;&lt;\\\/svg&gt;&quot;,&quot;library&quot;:&quot;fa-solid&quot;}}\" data-widget_type=\"nav-menu.default\">\n\t\t\t\t<div class=\"elementor-widget-container\">\n\t\t\t\t\t\t\t\t<nav aria-label=\"Men\u00fc\" class=\"elementor-nav-menu--main elementor-nav-menu__container elementor-nav-menu--layout-horizontal e--pointer-none\">\n\t\t\t\t<ul id=\"menu-1-f251137\" class=\"elementor-nav-menu\"><li class=\"left-tafel menu-item menu-item-type-post_type menu-item-object-page menu-item-2736\"><a href=\"https:\/\/museum.braasch.sh\/da\/tafel-03\/\" class=\"elementor-item\">03<\/a><\/li>\n<li class=\"right-tafel menu-item menu-item-type-post_type menu-item-object-page menu-item-1811\"><a href=\"https:\/\/museum.braasch.sh\/da\/tafel-05\/\" class=\"elementor-item\">05<\/a><\/li>\n<\/ul>\t\t\t<\/nav>\n\t\t\t\t\t\t<nav class=\"elementor-nav-menu--dropdown elementor-nav-menu__container\" aria-hidden=\"true\">\n\t\t\t\t<ul id=\"menu-2-f251137\" class=\"elementor-nav-menu\"><li class=\"left-tafel menu-item menu-item-type-post_type menu-item-object-page menu-item-2736\"><a href=\"https:\/\/museum.braasch.sh\/da\/tafel-03\/\" class=\"elementor-item\" tabindex=\"-1\">03<\/a><\/li>\n<li class=\"right-tafel menu-item menu-item-type-post_type menu-item-object-page menu-item-1811\"><a href=\"https:\/\/museum.braasch.sh\/da\/tafel-05\/\" class=\"elementor-item\" tabindex=\"-1\">05<\/a><\/li>\n<\/ul>\t\t\t<\/nav>\n\t\t\t\t\t\t<\/div>\n\t\t\t\t<\/div>\n\t\t\t\t\t<\/div>\n\t\t\t\t<\/div>\n\t\t<div class=\"elementor-element elementor-element-0a41210 elementor-hidden-desktop e-flex e-con-boxed e-con e-parent\" data-id=\"0a41210\" data-element_type=\"container\" data-e-type=\"container\" data-settings=\"{&quot;background_background&quot;:&quot;classic&quot;}\">\n\t\t\t\t\t<div class=\"e-con-inner\">\n\t\t\t\t<div class=\"elementor-element elementor-element-37be60b elementor-widget elementor-widget-heading\" data-id=\"37be60b\" data-element_type=\"widget\" data-e-type=\"widget\" data-settings=\"{&quot;sticky&quot;:&quot;top&quot;,&quot;sticky_offset&quot;:116,&quot;sticky_on&quot;:[&quot;desktop&quot;,&quot;tablet&quot;,&quot;mobile&quot;],&quot;sticky_effects_offset&quot;:0,&quot;sticky_anchor_link_offset&quot;:0}\" data-widget_type=\"heading.default\">\n\t\t\t\t<div class=\"elementor-widget-container\">\n\t\t\t\t\t<h1 class=\"elementor-heading-title elementor-size-default\">04<\/h1>\t\t\t\t<\/div>\n\t\t\t\t<\/div>\n\t\t\t\t<div class=\"elementor-element elementor-element-f46eadf elementor-widget elementor-widget-heading\" data-id=\"f46eadf\" data-element_type=\"widget\" data-e-type=\"widget\" data-widget_type=\"heading.default\">\n\t\t\t\t<div class=\"elementor-widget-container\">\n\t\t\t\t\t<h2 class=\"elementor-heading-title elementor-size-default\">Fregatten \u201eUrania\u201c<br \/>tilh\u00f8rende familie<br \/>Brodersen<\/h2>\t\t\t\t<\/div>\n\t\t\t\t<\/div>\n\t\t\t\t<div class=\"elementor-element elementor-element-2d7ba1d elementor-widget elementor-widget-text-editor\" data-id=\"2d7ba1d\" data-element_type=\"widget\" data-e-type=\"widget\" data-widget_type=\"text-editor.default\">\n\t\t\t\t<div class=\"elementor-widget-container\">\n\t\t\t\t\t\t\t\t\t<p>I over 33 \u00e5r styrede kaptajnerne i familien Brodersen det i 1826 i Stettin byggede handelsskib \u201eUrania\u201c. Under dansk flag med nummer \u201eQ 131\u201c var tremastb\u00e5den med op til 14 mand bes\u00e6tning ca. 3 m\u00e5neder p\u00e5 farten mellem Flensborg og Karibien. <\/p>\n<p>F\u00f8rste kaptajn og i starten ogs\u00e5 eneste reder var i 20 \u00e5r Asmus Brodersen. Hans s\u00f8n Nis, tidligere styrmand ombord, f\u00f8rte skibet i 8 \u00e5r \u2013 f\u00f8rst og fremmest p\u00e5 vestindienhandelen med \u00f8en St. Croix, men ogs\u00e5 p\u00e5 hvalfangsttogter til Gr\u00f8nland. Nis d\u00f8de i 1864 i rum s\u00f8. Hans bror Behrend Brodersen stod i spidsen for skibet i 5 \u00e5r.   <\/p>\n<p>Efter 40 eventyrlige \u00e5r med mange togter blev \u201eUrania\u201c den 30. september 1866 \u00f8delagt af en hurrican-storm i havnen i Puerto Plata (i dag den Dominikanske Republik).<\/p>\n\t\t\t\t\t\t\t\t<\/div>\n\t\t\t\t<\/div>\n\t\t\t\t<div class=\"elementor-element elementor-element-c10fb19 elementor-widget elementor-widget-heading\" data-id=\"c10fb19\" data-element_type=\"widget\" data-e-type=\"widget\" data-widget_type=\"heading.default\">\n\t\t\t\t<div class=\"elementor-widget-container\">\n\t\t\t\t\t<h3 class=\"elementor-heading-title elementor-size-default\">Hvalfangst med rom som opkvikker<\/h3>\t\t\t\t<\/div>\n\t\t\t\t<\/div>\n\t\t\t\t<div class=\"elementor-element elementor-element-5baa4a4 elementor-widget elementor-widget-text-editor\" data-id=\"5baa4a4\" data-element_type=\"widget\" data-e-type=\"widget\" data-widget_type=\"text-editor.default\">\n\t\t\t\t<div class=\"elementor-widget-container\">\n\t\t\t\t\t\t\t\t\t<p>Fregatten \u201eUrania\u201c tilh\u00f8rende k\u00f8bmandsfamilien Brodersen sejlede ikke kun p\u00e5 vestindienfart, men ogs\u00e5 mod Norge for at g\u00e5 p\u00e5 hvalfangst ud for Gr\u00f8nland.<\/p>\n<p>For at fangstb\u00e5dene (chalupper) kunne finde tilbage til hovedskibet i t\u00e5ge, affyredes herfra kanoner som signal. I forbindelse med en affyring sprang en kanon, hvorved kaptajn Nis Brodersen kom s\u00e5 alvorligt til skade, at han m\u00e5tte have et ben amputeret nogle uger senere i Stavanger. I over\u00e9nsstemmelse med de dav\u00e6rende behandlingsmetoder ombord kom man sydende fisketran p\u00e5 s\u00e5ret.  <\/p>\n<p>Han overlevede episoden og fortsatte ogs\u00e5 sidenhen med at drage til s\u00f8s. Efter sigende fik han boret huller i skibsd\u00e6kket, s\u00e5 han kunne st\u00e5 mere stabilt med sit tr\u00e6ben i h\u00f8j s\u00f8gang &#8230; <\/p>\n\t\t\t\t\t\t\t\t<\/div>\n\t\t\t\t<\/div>\n\t\t\t\t\t<\/div>\n\t\t\t\t<\/div>\n\t\t\t\t<\/div>\n\t\t","protected":false},"excerpt":{"rendered":"<p>04 Fregatten \u201eUrania\u201ctilh\u00f8rende familieBrodersen I over 33 \u00e5r styrede kaptajnerne i familien Brodersen det i 1826 i Stettin byggede handelsskib \u201eUrania\u201c. Under dansk flag med nummer \u201eQ 131\u201c var tremastb\u00e5den med op til 14 mand bes\u00e6tning ca. 3 m\u00e5neder p\u00e5 farten mellem Flensborg og Karibien. F\u00f8rste kaptajn og i starten ogs\u00e5 eneste reder var i [&hellip;]<\/p>\n","protected":false},"author":1,"featured_media":0,"parent":0,"menu_order":40,"comment_status":"closed","ping_status":"closed","template":"","meta":{"footnotes":""},"class_list":["post-1820","page","type-page","status-publish","hentry"],"_links":{"self":[{"href":"https:\/\/museum.braasch.sh\/da\/wp-json\/wp\/v2\/pages\/1820","targetHints":{"allow":["GET"]}}],"collection":[{"href":"https:\/\/museum.braasch.sh\/da\/wp-json\/wp\/v2\/pages"}],"about":[{"href":"https:\/\/museum.braasch.sh\/da\/wp-json\/wp\/v2\/types\/page"}],"author":[{"embeddable":true,"href":"https:\/\/museum.braasch.sh\/da\/wp-json\/wp\/v2\/users\/1"}],"replies":[{"embeddable":true,"href":"https:\/\/museum.braasch.sh\/da\/wp-json\/wp\/v2\/comments?post=1820"}],"version-history":[{"count":26,"href":"https:\/\/museum.braasch.sh\/da\/wp-json\/wp\/v2\/pages\/1820\/revisions"}],"predecessor-version":[{"id":4245,"href":"https:\/\/museum.braasch.sh\/da\/wp-json\/wp\/v2\/pages\/1820\/revisions\/4245"}],"wp:attachment":[{"href":"https:\/\/museum.braasch.sh\/da\/wp-json\/wp\/v2\/media?parent=1820"}],"curies":[{"name":"wp","href":"https:\/\/api.w.org\/{rel}","templated":true}]}}