{"id":1966,"date":"2024-05-29T10:14:12","date_gmt":"2024-05-29T08:14:12","guid":{"rendered":"https:\/\/museum.sites2.itd.tools\/06-2\/"},"modified":"2024-11-01T22:29:49","modified_gmt":"2024-11-01T21:29:49","slug":"tafel-06","status":"publish","type":"page","link":"https:\/\/museum.braasch.sh\/da\/tafel-06\/","title":{"rendered":"06"},"content":{"rendered":"\t\t<div data-elementor-type=\"wp-page\" data-elementor-id=\"1966\" class=\"elementor elementor-1966 elementor-442\" data-elementor-post-type=\"page\">\n\t\t\t\t<div class=\"elementor-element elementor-element-e1f73de tafel-nav elementor-hidden-desktop e-flex e-con-boxed e-con e-parent\" data-id=\"e1f73de\" data-element_type=\"container\" data-e-type=\"container\" data-settings=\"{&quot;background_background&quot;:&quot;classic&quot;,&quot;sticky&quot;:&quot;top&quot;,&quot;sticky_offset_mobile&quot;:58,&quot;sticky_offset&quot;:50,&quot;sticky_on&quot;:[&quot;desktop&quot;,&quot;tablet&quot;,&quot;mobile&quot;],&quot;sticky_effects_offset&quot;:0,&quot;sticky_anchor_link_offset&quot;:0}\">\n\t\t\t\t\t<div class=\"e-con-inner\">\n\t\t\t\t<div class=\"elementor-element elementor-element-8609438 elementor-nav-menu__align-center elementor-nav-menu--dropdown-none elementor-widget elementor-widget-nav-menu\" data-id=\"8609438\" data-element_type=\"widget\" data-e-type=\"widget\" data-settings=\"{&quot;layout&quot;:&quot;horizontal&quot;,&quot;submenu_icon&quot;:{&quot;value&quot;:&quot;&lt;svg aria-hidden=\\&quot;true\\&quot; class=\\&quot;e-font-icon-svg e-fas-caret-down\\&quot; viewBox=\\&quot;0 0 320 512\\&quot; xmlns=\\&quot;http:\\\/\\\/www.w3.org\\\/2000\\\/svg\\&quot;&gt;&lt;path d=\\&quot;M31.3 192h257.3c17.8 0 26.7 21.5 14.1 34.1L174.1 354.8c-7.8 7.8-20.5 7.8-28.3 0L17.2 226.1C4.6 213.5 13.5 192 31.3 192z\\&quot;&gt;&lt;\\\/path&gt;&lt;\\\/svg&gt;&quot;,&quot;library&quot;:&quot;fa-solid&quot;}}\" data-widget_type=\"nav-menu.default\">\n\t\t\t\t<div class=\"elementor-widget-container\">\n\t\t\t\t\t\t\t\t<nav aria-label=\"Men\u00fc\" class=\"elementor-nav-menu--main elementor-nav-menu__container elementor-nav-menu--layout-horizontal e--pointer-none\">\n\t\t\t\t<ul id=\"menu-1-8609438\" class=\"elementor-nav-menu\"><li class=\"left-tafel menu-item menu-item-type-post_type menu-item-object-page menu-item-1812\"><a href=\"https:\/\/museum.braasch.sh\/da\/tafel-05\/\" class=\"elementor-item\">05<\/a><\/li>\n<li class=\"right-tafel menu-item menu-item-type-post_type menu-item-object-page menu-item-2739\"><a href=\"https:\/\/museum.braasch.sh\/da\/tafel-07\/\" class=\"elementor-item\">07<\/a><\/li>\n<\/ul>\t\t\t<\/nav>\n\t\t\t\t\t\t<nav class=\"elementor-nav-menu--dropdown elementor-nav-menu__container\" aria-hidden=\"true\">\n\t\t\t\t<ul id=\"menu-2-8609438\" class=\"elementor-nav-menu\"><li class=\"left-tafel menu-item menu-item-type-post_type menu-item-object-page menu-item-1812\"><a href=\"https:\/\/museum.braasch.sh\/da\/tafel-05\/\" class=\"elementor-item\" tabindex=\"-1\">05<\/a><\/li>\n<li class=\"right-tafel menu-item menu-item-type-post_type menu-item-object-page menu-item-2739\"><a href=\"https:\/\/museum.braasch.sh\/da\/tafel-07\/\" class=\"elementor-item\" tabindex=\"-1\">07<\/a><\/li>\n<\/ul>\t\t\t<\/nav>\n\t\t\t\t\t\t<\/div>\n\t\t\t\t<\/div>\n\t\t\t\t\t<\/div>\n\t\t\t\t<\/div>\n\t\t<div class=\"elementor-element elementor-element-7ec9429 elementor-hidden-desktop e-flex e-con-boxed e-con e-parent\" data-id=\"7ec9429\" data-element_type=\"container\" data-e-type=\"container\" data-settings=\"{&quot;background_background&quot;:&quot;classic&quot;}\">\n\t\t\t\t\t<div class=\"e-con-inner\">\n\t\t\t\t<div class=\"elementor-element elementor-element-402e78a elementor-widget elementor-widget-heading\" data-id=\"402e78a\" data-element_type=\"widget\" data-e-type=\"widget\" data-settings=\"{&quot;sticky&quot;:&quot;top&quot;,&quot;sticky_offset&quot;:116,&quot;sticky_on&quot;:[&quot;desktop&quot;,&quot;tablet&quot;,&quot;mobile&quot;],&quot;sticky_effects_offset&quot;:0,&quot;sticky_anchor_link_offset&quot;:0}\" data-widget_type=\"heading.default\">\n\t\t\t\t<div class=\"elementor-widget-container\">\n\t\t\t\t\t<h1 class=\"elementor-heading-title elementor-size-default\">06<\/h1>\t\t\t\t<\/div>\n\t\t\t\t<\/div>\n\t\t\t\t<div class=\"elementor-element elementor-element-5e0b266 elementor-widget elementor-widget-heading\" data-id=\"5e0b266\" data-element_type=\"widget\" data-e-type=\"widget\" data-widget_type=\"heading.default\">\n\t\t\t\t<div class=\"elementor-widget-container\">\n\t\t\t\t\t<h2 class=\"elementor-heading-title elementor-size-default\">En blomstrende handel \u2013 der ogs\u00e5 havde sin skyggeside<\/h2>\t\t\t\t<\/div>\n\t\t\t\t<\/div>\n\t\t\t\t<div class=\"elementor-element elementor-element-eddd73e elementor-widget elementor-widget-text-editor\" data-id=\"eddd73e\" data-element_type=\"widget\" data-e-type=\"widget\" data-widget_type=\"text-editor.default\">\n\t\t\t\t<div class=\"elementor-widget-container\">\n\t\t\t\t\t\t\t\t\t<p>Slaver, sukker og rom var de vigtigste drivkr\u00e6fter i den \u201etransatlantiske trekantshandel\u201c, som fra det 16. til det 19. \u00e5rhundrede forbandt Europa, Vestafrika og Amerika.<\/p>\n<p>Europa leverede f\u00f8rst og fremmest billige byttevarer, s\u00e5som tekstiler, v\u00e5ben og spiritus til Vestafrikas kystomr\u00e5der, hvor de handlende l\u00e6ssede deres skibe med menneskelig \u201efragt\u201c \u2013 jaget, kidnappet og vant til tropiske temperaturer.<\/p>\n<p>Under trange forhold gik turen i lange uger tv\u00e6rs over Atlanterhavet til Vestindien, og mange slaver d\u00f8de under overfarten.<\/p>\n<p>P. g. a. de h\u00e5rde arbejdsvilk\u00e5r og den d\u00e5rlige m\u00e5de, de blev behandlet p\u00e5, d\u00f8de der altid flere mennesker end der f\u00f8dtes, hvorfor l\u00f8bende nye \u201eforsyninger\u201c var en n\u00f8dvendighed.<\/p>\n<p>Selvom Flensborg-skibene f\u00f8rst og fremmest sejlede byggematerialer direkte til Karibien, og ikke blev brugt til transport af slaver, s\u00e5 drog ikke desto mindre alle, som var involveret i handelen med sukker og rom, decideret nytte af denne menneskehandel.<\/p>\n<p>Trekantshandelen holdt sig aktiv i over 300 \u00e5r. Antallet af afrikanere, der i den periode i alt blev sat til at v\u00e6re slaver, estimeres til at v\u00e6re mellem 10 og 15 millioner. <\/p>\n\t\t\t\t\t\t\t\t<\/div>\n\t\t\t\t<\/div>\n\t\t\t\t<div class=\"elementor-element elementor-element-79c8ef8 urania elementor-widget elementor-widget-image\" data-id=\"79c8ef8\" data-element_type=\"widget\" data-e-type=\"widget\" data-widget_type=\"image.default\">\n\t\t\t\t<div class=\"elementor-widget-container\">\n\t\t\t\t\t\t\t\t\t\t\t\t\t\t\t<img fetchpriority=\"high\" decoding=\"async\" width=\"800\" height=\"343\" src=\"https:\/\/museum.braasch.sh\/wp-content\/uploads\/2024\/08\/Urania_small-1024x439.jpg\" class=\"attachment-large size-large wp-image-2224\" alt=\"Segelschiff Urania\" srcset=\"https:\/\/museum.braasch.sh\/wp-content\/uploads\/2024\/08\/Urania_small-1024x439.jpg 1024w, https:\/\/museum.braasch.sh\/wp-content\/uploads\/2024\/08\/Urania_small-300x129.jpg 300w, https:\/\/museum.braasch.sh\/wp-content\/uploads\/2024\/08\/Urania_small-768x329.jpg 768w, https:\/\/museum.braasch.sh\/wp-content\/uploads\/2024\/08\/Urania_small-1536x658.jpg 1536w, https:\/\/museum.braasch.sh\/wp-content\/uploads\/2024\/08\/Urania_small-2048x878.jpg 2048w, https:\/\/museum.braasch.sh\/wp-content\/uploads\/2024\/08\/Urania_small-24x10.jpg 24w, https:\/\/museum.braasch.sh\/wp-content\/uploads\/2024\/08\/Urania_small-36x15.jpg 36w, https:\/\/museum.braasch.sh\/wp-content\/uploads\/2024\/08\/Urania_small-48x21.jpg 48w\" sizes=\"(max-width: 800px) 100vw, 800px\" \/>\t\t\t\t\t\t\t\t\t\t\t\t\t\t\t<\/div>\n\t\t\t\t<\/div>\n\t\t\t\t<div class=\"elementor-element elementor-element-64ee9b9 elementor-widget elementor-widget-text-editor\" data-id=\"64ee9b9\" data-element_type=\"widget\" data-e-type=\"widget\" data-widget_type=\"text-editor.default\">\n\t\t\t\t<div class=\"elementor-widget-container\">\n\t\t\t\t\t\t\t\t\t<p><strong>Heinrich Carl von Schimmelmann (1724 &#8211; 1782)<\/strong>, en dygtig og driftig forretningsmand fra Pommern og s\u00e5k. skatmester (kassemester) for den danske konge, gjorde trekantshandelen stadig mere perfekt. Siden 1763 havde han v\u00e6ret ejer af de fire st\u00f8rste plantager p\u00e5 \u00f8erne, og der arbejdede over tusind slaver p\u00e5 hans bedrifter. Trekantshandelen gjorde ham til Europas rigeste mand. Kendt er han ogs\u00e5 blevet gennem Ahrensburg i n\u00e6rheden af Hamborg. Han k\u00f8bte d\u00e9r slottet af samme navn og lagde grundstenen til den nuv\u00e6rende by.    <\/p>\n<p>Ironisk nok var det gennem p\u00e5virkningen af hans s\u00f8n, <strong>Ernst von Schimmelmann<\/strong>, (1747-1831), at Danmark i 1792 blev det f\u00f8rste europ\u00e6ische land, som forb\u00f8d slavehandelen \u2013 omend med en dispensations- og overgangsfrist p\u00e5 10 \u00e5r &#8230;<\/p>\n<p>Den endelige stopper i den forbindelse satte imidlertid den sidste generalguvern\u00f8r for Dansk-Vestindien, <b>Peter von Scholten<\/b> (1784 &#8211; 1854), da han den 3. juli 1848 gav slaverne p\u00e5 \u00f8erne deres frihed. En dristig handling, der medf\u00f8rte, at man fors\u00f8gte at s\u00e6tte ham fra bestillingen i sit embede samt fratage ham hans pension.  <\/p>\n\t\t\t\t\t\t\t\t<\/div>\n\t\t\t\t<\/div>\n\t\t\t\t<div class=\"elementor-element elementor-element-b7b8aed urania elementor-widget elementor-widget-image\" data-id=\"b7b8aed\" data-element_type=\"widget\" data-e-type=\"widget\" data-widget_type=\"image.default\">\n\t\t\t\t<div class=\"elementor-widget-container\">\n\t\t\t\t\t\t\t\t\t\t\t\t\t\t\t<img fetchpriority=\"high\" decoding=\"async\" width=\"800\" height=\"343\" src=\"https:\/\/museum.braasch.sh\/wp-content\/uploads\/2024\/08\/Urania_small-1024x439.jpg\" class=\"attachment-large size-large wp-image-2224\" alt=\"Segelschiff Urania\" srcset=\"https:\/\/museum.braasch.sh\/wp-content\/uploads\/2024\/08\/Urania_small-1024x439.jpg 1024w, https:\/\/museum.braasch.sh\/wp-content\/uploads\/2024\/08\/Urania_small-300x129.jpg 300w, https:\/\/museum.braasch.sh\/wp-content\/uploads\/2024\/08\/Urania_small-768x329.jpg 768w, https:\/\/museum.braasch.sh\/wp-content\/uploads\/2024\/08\/Urania_small-1536x658.jpg 1536w, https:\/\/museum.braasch.sh\/wp-content\/uploads\/2024\/08\/Urania_small-2048x878.jpg 2048w, https:\/\/museum.braasch.sh\/wp-content\/uploads\/2024\/08\/Urania_small-24x10.jpg 24w, https:\/\/museum.braasch.sh\/wp-content\/uploads\/2024\/08\/Urania_small-36x15.jpg 36w, https:\/\/museum.braasch.sh\/wp-content\/uploads\/2024\/08\/Urania_small-48x21.jpg 48w\" sizes=\"(max-width: 800px) 100vw, 800px\" \/>\t\t\t\t\t\t\t\t\t\t\t\t\t\t\t<\/div>\n\t\t\t\t<\/div>\n\t\t\t\t<div class=\"elementor-element elementor-element-f1ff123 elementor-widget elementor-widget-heading\" data-id=\"f1ff123\" data-element_type=\"widget\" data-e-type=\"widget\" data-widget_type=\"heading.default\">\n\t\t\t\t<div class=\"elementor-widget-container\">\n\t\t\t\t\t<h3 class=\"elementor-heading-title elementor-size-default\">Flere billedtekster:<\/h3>\t\t\t\t<\/div>\n\t\t\t\t<\/div>\n\t\t\t\t<div class=\"elementor-element elementor-element-e9105ce elementor-widget elementor-widget-text-editor\" data-id=\"e9105ce\" data-element_type=\"widget\" data-e-type=\"widget\" data-widget_type=\"text-editor.default\">\n\t\t\t\t<div class=\"elementor-widget-container\">\n\t\t\t\t\t\t\t\t\t<ul>\n<li>Bel\u00e6gningsoversigt for det engelske slaveskib \u201eBrookes\u201c<\/li>\n<li>Et \u201eS\u201c i et hjerte \u2013 et makabert br\u00e6ndem\u00e6rke p\u00e5 de Schimmelmann\u2018ske slaver.<\/li>\n<\/ul>\n\t\t\t\t\t\t\t\t<\/div>\n\t\t\t\t<\/div>\n\t\t\t\t\t<\/div>\n\t\t\t\t<\/div>\n\t\t\t\t<\/div>\n\t\t","protected":false},"excerpt":{"rendered":"<p>06 En blomstrende handel \u2013 der ogs\u00e5 havde sin skyggeside Slaver, sukker og rom var de vigtigste drivkr\u00e6fter i den \u201etransatlantiske trekantshandel\u201c, som fra det 16. til det 19. \u00e5rhundrede forbandt Europa, Vestafrika og Amerika. Europa leverede f\u00f8rst og fremmest billige byttevarer, s\u00e5som tekstiler, v\u00e5ben og spiritus til Vestafrikas kystomr\u00e5der, hvor de handlende l\u00e6ssede deres [&hellip;]<\/p>\n","protected":false},"author":1,"featured_media":0,"parent":0,"menu_order":60,"comment_status":"closed","ping_status":"closed","template":"","meta":{"footnotes":""},"class_list":["post-1966","page","type-page","status-publish","hentry"],"_links":{"self":[{"href":"https:\/\/museum.braasch.sh\/da\/wp-json\/wp\/v2\/pages\/1966","targetHints":{"allow":["GET"]}}],"collection":[{"href":"https:\/\/museum.braasch.sh\/da\/wp-json\/wp\/v2\/pages"}],"about":[{"href":"https:\/\/museum.braasch.sh\/da\/wp-json\/wp\/v2\/types\/page"}],"author":[{"embeddable":true,"href":"https:\/\/museum.braasch.sh\/da\/wp-json\/wp\/v2\/users\/1"}],"replies":[{"embeddable":true,"href":"https:\/\/museum.braasch.sh\/da\/wp-json\/wp\/v2\/comments?post=1966"}],"version-history":[{"count":16,"href":"https:\/\/museum.braasch.sh\/da\/wp-json\/wp\/v2\/pages\/1966\/revisions"}],"predecessor-version":[{"id":4251,"href":"https:\/\/museum.braasch.sh\/da\/wp-json\/wp\/v2\/pages\/1966\/revisions\/4251"}],"wp:attachment":[{"href":"https:\/\/museum.braasch.sh\/da\/wp-json\/wp\/v2\/media?parent=1966"}],"curies":[{"name":"wp","href":"https:\/\/api.w.org\/{rel}","templated":true}]}}