{"id":1986,"date":"2024-05-30T13:38:23","date_gmt":"2024-05-30T11:38:23","guid":{"rendered":"https:\/\/museum.sites2.itd.tools\/09-2\/"},"modified":"2024-11-01T22:32:26","modified_gmt":"2024-11-01T21:32:26","slug":"tafel-09","status":"publish","type":"page","link":"https:\/\/museum.braasch.sh\/da\/tafel-09\/","title":{"rendered":"09"},"content":{"rendered":"\t\t<div data-elementor-type=\"wp-page\" data-elementor-id=\"1986\" class=\"elementor elementor-1986 elementor-841\" data-elementor-post-type=\"page\">\n\t\t\t\t<div class=\"elementor-element elementor-element-b12e318 tafel-nav elementor-hidden-desktop e-flex e-con-boxed e-con e-parent\" data-id=\"b12e318\" data-element_type=\"container\" data-e-type=\"container\" data-settings=\"{&quot;background_background&quot;:&quot;classic&quot;,&quot;sticky&quot;:&quot;top&quot;,&quot;sticky_offset_mobile&quot;:58,&quot;sticky_offset&quot;:50,&quot;sticky_on&quot;:[&quot;desktop&quot;,&quot;tablet&quot;,&quot;mobile&quot;],&quot;sticky_effects_offset&quot;:0,&quot;sticky_anchor_link_offset&quot;:0}\">\n\t\t\t\t\t<div class=\"e-con-inner\">\n\t\t\t\t<div class=\"elementor-element elementor-element-c15e402 elementor-nav-menu__align-center elementor-nav-menu--dropdown-none elementor-widget elementor-widget-nav-menu\" data-id=\"c15e402\" data-element_type=\"widget\" data-e-type=\"widget\" data-settings=\"{&quot;layout&quot;:&quot;horizontal&quot;,&quot;submenu_icon&quot;:{&quot;value&quot;:&quot;&lt;svg aria-hidden=\\&quot;true\\&quot; class=\\&quot;e-font-icon-svg e-fas-caret-down\\&quot; viewBox=\\&quot;0 0 320 512\\&quot; xmlns=\\&quot;http:\\\/\\\/www.w3.org\\\/2000\\\/svg\\&quot;&gt;&lt;path d=\\&quot;M31.3 192h257.3c17.8 0 26.7 21.5 14.1 34.1L174.1 354.8c-7.8 7.8-20.5 7.8-28.3 0L17.2 226.1C4.6 213.5 13.5 192 31.3 192z\\&quot;&gt;&lt;\\\/path&gt;&lt;\\\/svg&gt;&quot;,&quot;library&quot;:&quot;fa-solid&quot;}}\" data-widget_type=\"nav-menu.default\">\n\t\t\t\t<div class=\"elementor-widget-container\">\n\t\t\t\t\t\t\t\t<nav aria-label=\"Men\u00fc\" class=\"elementor-nav-menu--main elementor-nav-menu__container elementor-nav-menu--layout-horizontal e--pointer-none\">\n\t\t\t\t<ul id=\"menu-1-c15e402\" class=\"elementor-nav-menu\"><li class=\"left-tafel menu-item menu-item-type-post_type menu-item-object-page menu-item-2100\"><a href=\"https:\/\/museum.braasch.sh\/da\/tafel-08\/\" class=\"elementor-item\">08<\/a><\/li>\n<li class=\"right-tafel menu-item menu-item-type-post_type menu-item-object-page menu-item-2101\"><a href=\"https:\/\/museum.braasch.sh\/da\/tafel-10\/\" class=\"elementor-item\">10<\/a><\/li>\n<\/ul>\t\t\t<\/nav>\n\t\t\t\t\t\t<nav class=\"elementor-nav-menu--dropdown elementor-nav-menu__container\" aria-hidden=\"true\">\n\t\t\t\t<ul id=\"menu-2-c15e402\" class=\"elementor-nav-menu\"><li class=\"left-tafel menu-item menu-item-type-post_type menu-item-object-page menu-item-2100\"><a href=\"https:\/\/museum.braasch.sh\/da\/tafel-08\/\" class=\"elementor-item\" tabindex=\"-1\">08<\/a><\/li>\n<li class=\"right-tafel menu-item menu-item-type-post_type menu-item-object-page menu-item-2101\"><a href=\"https:\/\/museum.braasch.sh\/da\/tafel-10\/\" class=\"elementor-item\" tabindex=\"-1\">10<\/a><\/li>\n<\/ul>\t\t\t<\/nav>\n\t\t\t\t\t\t<\/div>\n\t\t\t\t<\/div>\n\t\t\t\t\t<\/div>\n\t\t\t\t<\/div>\n\t\t<div class=\"elementor-element elementor-element-5814d3c elementor-hidden-desktop e-flex e-con-boxed e-con e-parent\" data-id=\"5814d3c\" data-element_type=\"container\" data-e-type=\"container\" data-settings=\"{&quot;background_background&quot;:&quot;classic&quot;}\">\n\t\t\t\t\t<div class=\"e-con-inner\">\n\t\t\t\t<div class=\"elementor-element elementor-element-d3a49ec elementor-widget elementor-widget-heading\" data-id=\"d3a49ec\" data-element_type=\"widget\" data-e-type=\"widget\" data-settings=\"{&quot;sticky&quot;:&quot;top&quot;,&quot;sticky_offset&quot;:116,&quot;sticky_on&quot;:[&quot;desktop&quot;,&quot;tablet&quot;,&quot;mobile&quot;],&quot;sticky_effects_offset&quot;:0,&quot;sticky_anchor_link_offset&quot;:0}\" data-widget_type=\"heading.default\">\n\t\t\t\t<div class=\"elementor-widget-container\">\n\t\t\t\t\t<h1 class=\"elementor-heading-title elementor-size-default\">09<\/h1>\t\t\t\t<\/div>\n\t\t\t\t<\/div>\n\t\t\t\t<div class=\"elementor-element elementor-element-85646d3 elementor-widget elementor-widget-heading\" data-id=\"85646d3\" data-element_type=\"widget\" data-e-type=\"widget\" data-widget_type=\"heading.default\">\n\t\t\t\t<div class=\"elementor-widget-container\">\n\t\t\t\t\t<h2 class=\"elementor-heading-title elementor-size-default\">P\u00e5 bes\u00f8g hos Cruzan Rum<\/h2>\t\t\t\t<\/div>\n\t\t\t\t<\/div>\n\t\t\t\t<div class=\"elementor-element elementor-element-d7c34b0 elementor-widget elementor-widget-text-editor\" data-id=\"d7c34b0\" data-element_type=\"widget\" data-e-type=\"widget\" data-widget_type=\"text-editor.default\">\n\t\t\t\t<div class=\"elementor-widget-container\">\n\t\t\t\t\t\t\t\t\t<p><strong>Det sidste romdestilleri p\u00e5 U.S. Virgin Islands<\/strong><\/p><p>Mr. Donald Nelthropp er den sidste romproducent p\u00e5 St. Croix og leverer sine produkter til hele Amerika. Vi bes\u00f8ger ham i 2005. Han gl\u00e6der sig over at se g\u00e6ster from Germany og tager os p\u00e5 rundvisning p\u00e5 sin fabrik.<\/p><p>Vores g\u00e6stegave, en flaske Braasch-rom, beordrer han unders\u00f8gt \u201egaskromatografisk\u201c. Analyseresultatet tilfredsstiller ham: Han sammenligner indhold og v\u00e6rdier med de bedste sorter Meyer\u2018s Rum.<\/p><p>Han udleverer papirarket med unders\u00f8gelsesresultaterne til os med ordene \u201eNow take this sheet back to Germany and be proud of it\u201c. Og stolte er vi \u2013 og gl\u00e6der os over, at Mr. Nelthropp og hans s\u00f8n Gary tog sig s\u00e5 god tid til at tale med os, og at vores Braasch-rom nu indg\u00e5r i en samling med over hundrede sorter fra hele verden.<\/p>\t\t\t\t\t\t\t\t<\/div>\n\t\t\t\t<\/div>\n\t\t\t\t\t<\/div>\n\t\t\t\t<\/div>\n\t\t\t\t<\/div>\n\t\t","protected":false},"excerpt":{"rendered":"<p>09 P\u00e5 bes\u00f8g hos Cruzan Rum Det sidste romdestilleri p\u00e5 U.S. Virgin Islands Mr. Donald Nelthropp er den sidste romproducent p\u00e5 St. Croix og leverer sine produkter til hele Amerika. Vi bes\u00f8ger ham i 2005. Han gl\u00e6der sig over at se g\u00e6ster from Germany og tager os p\u00e5 rundvisning p\u00e5 sin fabrik. Vores g\u00e6stegave, en [&hellip;]<\/p>\n","protected":false},"author":1,"featured_media":0,"parent":0,"menu_order":90,"comment_status":"closed","ping_status":"closed","template":"","meta":{"footnotes":""},"class_list":["post-1986","page","type-page","status-publish","hentry"],"_links":{"self":[{"href":"https:\/\/museum.braasch.sh\/da\/wp-json\/wp\/v2\/pages\/1986","targetHints":{"allow":["GET"]}}],"collection":[{"href":"https:\/\/museum.braasch.sh\/da\/wp-json\/wp\/v2\/pages"}],"about":[{"href":"https:\/\/museum.braasch.sh\/da\/wp-json\/wp\/v2\/types\/page"}],"author":[{"embeddable":true,"href":"https:\/\/museum.braasch.sh\/da\/wp-json\/wp\/v2\/users\/1"}],"replies":[{"embeddable":true,"href":"https:\/\/museum.braasch.sh\/da\/wp-json\/wp\/v2\/comments?post=1986"}],"version-history":[{"count":19,"href":"https:\/\/museum.braasch.sh\/da\/wp-json\/wp\/v2\/pages\/1986\/revisions"}],"predecessor-version":[{"id":4260,"href":"https:\/\/museum.braasch.sh\/da\/wp-json\/wp\/v2\/pages\/1986\/revisions\/4260"}],"wp:attachment":[{"href":"https:\/\/museum.braasch.sh\/da\/wp-json\/wp\/v2\/media?parent=1986"}],"curies":[{"name":"wp","href":"https:\/\/api.w.org\/{rel}","templated":true}]}}