{"id":1988,"date":"2024-05-30T13:38:37","date_gmt":"2024-05-30T11:38:37","guid":{"rendered":"https:\/\/museum.sites2.itd.tools\/10-2\/"},"modified":"2024-11-01T22:32:49","modified_gmt":"2024-11-01T21:32:49","slug":"tafel-10","status":"publish","type":"page","link":"https:\/\/museum.braasch.sh\/da\/tafel-10\/","title":{"rendered":"10"},"content":{"rendered":"\t\t<div data-elementor-type=\"wp-page\" data-elementor-id=\"1988\" class=\"elementor elementor-1988 elementor-843\" data-elementor-post-type=\"page\">\n\t\t\t\t<div class=\"elementor-element elementor-element-9214369 tafel-nav elementor-hidden-desktop e-flex e-con-boxed e-con e-parent\" data-id=\"9214369\" data-element_type=\"container\" data-e-type=\"container\" data-settings=\"{&quot;background_background&quot;:&quot;classic&quot;,&quot;sticky&quot;:&quot;top&quot;,&quot;sticky_offset_mobile&quot;:58,&quot;sticky_offset&quot;:50,&quot;sticky_on&quot;:[&quot;desktop&quot;,&quot;tablet&quot;,&quot;mobile&quot;],&quot;sticky_effects_offset&quot;:0,&quot;sticky_anchor_link_offset&quot;:0}\">\n\t\t\t\t\t<div class=\"e-con-inner\">\n\t\t\t\t<div class=\"elementor-element elementor-element-fd3ca9c elementor-nav-menu__align-center elementor-nav-menu--dropdown-none elementor-widget elementor-widget-nav-menu\" data-id=\"fd3ca9c\" data-element_type=\"widget\" data-e-type=\"widget\" data-settings=\"{&quot;layout&quot;:&quot;horizontal&quot;,&quot;submenu_icon&quot;:{&quot;value&quot;:&quot;&lt;svg aria-hidden=\\&quot;true\\&quot; class=\\&quot;e-font-icon-svg e-fas-caret-down\\&quot; viewBox=\\&quot;0 0 320 512\\&quot; xmlns=\\&quot;http:\\\/\\\/www.w3.org\\\/2000\\\/svg\\&quot;&gt;&lt;path d=\\&quot;M31.3 192h257.3c17.8 0 26.7 21.5 14.1 34.1L174.1 354.8c-7.8 7.8-20.5 7.8-28.3 0L17.2 226.1C4.6 213.5 13.5 192 31.3 192z\\&quot;&gt;&lt;\\\/path&gt;&lt;\\\/svg&gt;&quot;,&quot;library&quot;:&quot;fa-solid&quot;}}\" data-widget_type=\"nav-menu.default\">\n\t\t\t\t<div class=\"elementor-widget-container\">\n\t\t\t\t\t\t\t\t<nav aria-label=\"Men\u00fc\" class=\"elementor-nav-menu--main elementor-nav-menu__container elementor-nav-menu--layout-horizontal e--pointer-none\">\n\t\t\t\t<ul id=\"menu-1-fd3ca9c\" class=\"elementor-nav-menu\"><li class=\"left-tafel menu-item menu-item-type-post_type menu-item-object-page menu-item-2102\"><a href=\"https:\/\/museum.braasch.sh\/da\/tafel-09\/\" class=\"elementor-item\">09<\/a><\/li>\n<li class=\"right-tafel menu-item menu-item-type-post_type menu-item-object-page menu-item-2103\"><a href=\"https:\/\/museum.braasch.sh\/da\/tafel-11\/\" class=\"elementor-item\">11<\/a><\/li>\n<\/ul>\t\t\t<\/nav>\n\t\t\t\t\t\t<nav class=\"elementor-nav-menu--dropdown elementor-nav-menu__container\" aria-hidden=\"true\">\n\t\t\t\t<ul id=\"menu-2-fd3ca9c\" class=\"elementor-nav-menu\"><li class=\"left-tafel menu-item menu-item-type-post_type menu-item-object-page menu-item-2102\"><a href=\"https:\/\/museum.braasch.sh\/da\/tafel-09\/\" class=\"elementor-item\" tabindex=\"-1\">09<\/a><\/li>\n<li class=\"right-tafel menu-item menu-item-type-post_type menu-item-object-page menu-item-2103\"><a href=\"https:\/\/museum.braasch.sh\/da\/tafel-11\/\" class=\"elementor-item\" tabindex=\"-1\">11<\/a><\/li>\n<\/ul>\t\t\t<\/nav>\n\t\t\t\t\t\t<\/div>\n\t\t\t\t<\/div>\n\t\t\t\t\t<\/div>\n\t\t\t\t<\/div>\n\t\t<div class=\"elementor-element elementor-element-0f5fdad elementor-hidden-desktop e-flex e-con-boxed e-con e-parent\" data-id=\"0f5fdad\" data-element_type=\"container\" data-e-type=\"container\" data-settings=\"{&quot;background_background&quot;:&quot;classic&quot;}\">\n\t\t\t\t\t<div class=\"e-con-inner\">\n\t\t\t\t<div class=\"elementor-element elementor-element-92e4a8c elementor-widget elementor-widget-heading\" data-id=\"92e4a8c\" data-element_type=\"widget\" data-e-type=\"widget\" data-settings=\"{&quot;sticky&quot;:&quot;top&quot;,&quot;sticky_offset&quot;:116,&quot;sticky_on&quot;:[&quot;desktop&quot;,&quot;tablet&quot;,&quot;mobile&quot;],&quot;sticky_effects_offset&quot;:0,&quot;sticky_anchor_link_offset&quot;:0}\" data-widget_type=\"heading.default\">\n\t\t\t\t<div class=\"elementor-widget-container\">\n\t\t\t\t\t<h1 class=\"elementor-heading-title elementor-size-default\">10<\/h1>\t\t\t\t<\/div>\n\t\t\t\t<\/div>\n\t\t\t\t<div class=\"elementor-element elementor-element-89a4df9 elementor-widget elementor-widget-heading\" data-id=\"89a4df9\" data-element_type=\"widget\" data-e-type=\"widget\" data-widget_type=\"heading.default\">\n\t\t\t\t<div class=\"elementor-widget-container\">\n\t\t\t\t\t<h2 class=\"elementor-heading-title elementor-size-default\">Rom fra Jamaica<\/h2>\t\t\t\t<\/div>\n\t\t\t\t<\/div>\n\t\t\t\t<div class=\"elementor-element elementor-element-919a3f1 elementor-widget elementor-widget-text-editor\" data-id=\"919a3f1\" data-element_type=\"widget\" data-e-type=\"widget\" data-widget_type=\"text-editor.default\">\n\t\t\t\t<div class=\"elementor-widget-container\">\n\t\t\t\t\t\t\t\t\t<p>Det danske nederlag p\u00e5 Dybb\u00f8l mod Pr\u00f8jsen-\u00d8strig i 1864 bet\u00f8d, at de tre sm\u00e5 \u00f8er i Karibien fors\u00e5vidt angik de handlende i Flensborg nu var udland. De m\u00e5tte omorientere sig og sejlede fra nu af til Jamaica under det Nordtyske Forbunds flag. Jamaica er Karibiens tredjest\u00f8rste \u00f8 og var dengang britisk koloni.  <\/p>\n<p>S\u00e5ledes importerede de flensborgske k\u00f8bm\u00e6nd \u201ePure Rum\u201c fra Jamaica \u2013 n\u00e6rmere betegnet en \u201eGerman Flavoured Rum\u201c, som man p\u00e5 \u00f8en decideret havde udviklet til det tyske marked og den tyske smag. Nu om dage handles der med jamaicansk rom bl. a. via Amsterdam, Rotterdam, Hamborg og London. <\/p>\n\t\t\t\t\t\t\t\t<\/div>\n\t\t\t\t<\/div>\n\t\t\t\t\t<\/div>\n\t\t\t\t<\/div>\n\t\t\t\t<\/div>\n\t\t","protected":false},"excerpt":{"rendered":"<p>10 Rom fra Jamaica Det danske nederlag p\u00e5 Dybb\u00f8l mod Pr\u00f8jsen-\u00d8strig i 1864 bet\u00f8d, at de tre sm\u00e5 \u00f8er i Karibien fors\u00e5vidt angik de handlende i Flensborg nu var udland. De m\u00e5tte omorientere sig og sejlede fra nu af til Jamaica under det Nordtyske Forbunds flag. Jamaica er Karibiens tredjest\u00f8rste \u00f8 og var dengang britisk [&hellip;]<\/p>\n","protected":false},"author":1,"featured_media":0,"parent":0,"menu_order":100,"comment_status":"closed","ping_status":"closed","template":"","meta":{"footnotes":""},"class_list":["post-1988","page","type-page","status-publish","hentry"],"_links":{"self":[{"href":"https:\/\/museum.braasch.sh\/da\/wp-json\/wp\/v2\/pages\/1988","targetHints":{"allow":["GET"]}}],"collection":[{"href":"https:\/\/museum.braasch.sh\/da\/wp-json\/wp\/v2\/pages"}],"about":[{"href":"https:\/\/museum.braasch.sh\/da\/wp-json\/wp\/v2\/types\/page"}],"author":[{"embeddable":true,"href":"https:\/\/museum.braasch.sh\/da\/wp-json\/wp\/v2\/users\/1"}],"replies":[{"embeddable":true,"href":"https:\/\/museum.braasch.sh\/da\/wp-json\/wp\/v2\/comments?post=1988"}],"version-history":[{"count":11,"href":"https:\/\/museum.braasch.sh\/da\/wp-json\/wp\/v2\/pages\/1988\/revisions"}],"predecessor-version":[{"id":4263,"href":"https:\/\/museum.braasch.sh\/da\/wp-json\/wp\/v2\/pages\/1988\/revisions\/4263"}],"wp:attachment":[{"href":"https:\/\/museum.braasch.sh\/da\/wp-json\/wp\/v2\/media?parent=1988"}],"curies":[{"name":"wp","href":"https:\/\/api.w.org\/{rel}","templated":true}]}}