{"id":1997,"date":"2024-07-31T12:38:53","date_gmt":"2024-07-31T10:38:53","guid":{"rendered":"https:\/\/museum.sites2.itd.tools\/11-2\/"},"modified":"2024-11-01T22:33:13","modified_gmt":"2024-11-01T21:33:13","slug":"tafel-11","status":"publish","type":"page","link":"https:\/\/museum.braasch.sh\/da\/tafel-11\/","title":{"rendered":"11"},"content":{"rendered":"\t\t<div data-elementor-type=\"wp-page\" data-elementor-id=\"1997\" class=\"elementor elementor-1997 elementor-1742\" data-elementor-post-type=\"page\">\n\t\t\t\t<div class=\"elementor-element elementor-element-878b12d tafel-nav elementor-hidden-desktop e-flex e-con-boxed e-con e-parent\" data-id=\"878b12d\" data-element_type=\"container\" data-e-type=\"container\" data-settings=\"{&quot;background_background&quot;:&quot;classic&quot;,&quot;sticky&quot;:&quot;top&quot;,&quot;sticky_offset_mobile&quot;:58,&quot;sticky_offset&quot;:50,&quot;sticky_on&quot;:[&quot;desktop&quot;,&quot;tablet&quot;,&quot;mobile&quot;],&quot;sticky_effects_offset&quot;:0,&quot;sticky_anchor_link_offset&quot;:0}\">\n\t\t\t\t\t<div class=\"e-con-inner\">\n\t\t\t\t<div class=\"elementor-element elementor-element-6acdfc2 elementor-nav-menu__align-center elementor-nav-menu--dropdown-none elementor-widget elementor-widget-nav-menu\" data-id=\"6acdfc2\" data-element_type=\"widget\" data-e-type=\"widget\" data-settings=\"{&quot;layout&quot;:&quot;horizontal&quot;,&quot;submenu_icon&quot;:{&quot;value&quot;:&quot;&lt;svg aria-hidden=\\&quot;true\\&quot; class=\\&quot;e-font-icon-svg e-fas-caret-down\\&quot; viewBox=\\&quot;0 0 320 512\\&quot; xmlns=\\&quot;http:\\\/\\\/www.w3.org\\\/2000\\\/svg\\&quot;&gt;&lt;path d=\\&quot;M31.3 192h257.3c17.8 0 26.7 21.5 14.1 34.1L174.1 354.8c-7.8 7.8-20.5 7.8-28.3 0L17.2 226.1C4.6 213.5 13.5 192 31.3 192z\\&quot;&gt;&lt;\\\/path&gt;&lt;\\\/svg&gt;&quot;,&quot;library&quot;:&quot;fa-solid&quot;}}\" data-widget_type=\"nav-menu.default\">\n\t\t\t\t<div class=\"elementor-widget-container\">\n\t\t\t\t\t\t\t\t<nav aria-label=\"Men\u00fc\" class=\"elementor-nav-menu--main elementor-nav-menu__container elementor-nav-menu--layout-horizontal e--pointer-none\">\n\t\t\t\t<ul id=\"menu-1-6acdfc2\" class=\"elementor-nav-menu\"><li class=\"left-tafel menu-item menu-item-type-post_type menu-item-object-page menu-item-2104\"><a href=\"https:\/\/museum.braasch.sh\/da\/tafel-10\/\" class=\"elementor-item\">10<\/a><\/li>\n<li class=\"right-tafel menu-item menu-item-type-post_type menu-item-object-page menu-item-2105\"><a href=\"https:\/\/museum.braasch.sh\/da\/tafel-12\/\" class=\"elementor-item\">12<\/a><\/li>\n<\/ul>\t\t\t<\/nav>\n\t\t\t\t\t\t<nav class=\"elementor-nav-menu--dropdown elementor-nav-menu__container\" aria-hidden=\"true\">\n\t\t\t\t<ul id=\"menu-2-6acdfc2\" class=\"elementor-nav-menu\"><li class=\"left-tafel menu-item menu-item-type-post_type menu-item-object-page menu-item-2104\"><a href=\"https:\/\/museum.braasch.sh\/da\/tafel-10\/\" class=\"elementor-item\" tabindex=\"-1\">10<\/a><\/li>\n<li class=\"right-tafel menu-item menu-item-type-post_type menu-item-object-page menu-item-2105\"><a href=\"https:\/\/museum.braasch.sh\/da\/tafel-12\/\" class=\"elementor-item\" tabindex=\"-1\">12<\/a><\/li>\n<\/ul>\t\t\t<\/nav>\n\t\t\t\t\t\t<\/div>\n\t\t\t\t<\/div>\n\t\t\t\t\t<\/div>\n\t\t\t\t<\/div>\n\t\t<div class=\"elementor-element elementor-element-9d1d5b6 elementor-hidden-desktop e-flex e-con-boxed e-con e-parent\" data-id=\"9d1d5b6\" data-element_type=\"container\" data-e-type=\"container\" data-settings=\"{&quot;background_background&quot;:&quot;classic&quot;}\">\n\t\t\t\t\t<div class=\"e-con-inner\">\n\t\t\t\t<div class=\"elementor-element elementor-element-efc6301 116 elementor-widget elementor-widget-heading\" data-id=\"efc6301\" data-element_type=\"widget\" data-e-type=\"widget\" data-settings=\"{&quot;sticky&quot;:&quot;top&quot;,&quot;sticky_offset&quot;:107,&quot;sticky_on&quot;:[&quot;desktop&quot;,&quot;tablet&quot;,&quot;mobile&quot;],&quot;sticky_effects_offset&quot;:0,&quot;sticky_anchor_link_offset&quot;:0}\" data-widget_type=\"heading.default\">\n\t\t\t\t<div class=\"elementor-widget-container\">\n\t\t\t\t\t<h1 class=\"elementor-heading-title elementor-size-default\">11<\/h1>\t\t\t\t<\/div>\n\t\t\t\t<\/div>\n\t\t\t\t<div class=\"elementor-element elementor-element-e78fdb2 elementor-widget elementor-widget-heading\" data-id=\"e78fdb2\" data-element_type=\"widget\" data-e-type=\"widget\" data-widget_type=\"heading.default\">\n\t\t\t\t<div class=\"elementor-widget-container\">\n\t\t\t\t\t<h2 class=\"elementor-heading-title elementor-size-default\">S\u00e5dan fungerer<br \/>destillation<\/h2>\t\t\t\t<\/div>\n\t\t\t\t<\/div>\n\t\t\t\t<div class=\"elementor-element elementor-element-b3277b7 elementor-widget elementor-widget-text-editor\" data-id=\"b3277b7\" data-element_type=\"widget\" data-e-type=\"widget\" data-widget_type=\"text-editor.default\">\n\t\t\t\t<div class=\"elementor-widget-container\">\n\t\t\t\t\t\t\t\t\t<p><strong>Det her udstillede urtedestilleringsapparat anvendtes ikke til romproduktion \u2013 men princippet er det samme:<\/strong><\/p><p><strong>Kogebeholder<\/strong><br \/>Til fremstilling af urtedestillat h\u00e6ldes alkohol, vand og urter i beholderen; denne blanding kalder destillat\u00f8ren for \u201edroger\u201c. Til fremstilling af akvavit anvendes f. eks. kommen og anis, og for rom ville man fylde m\u00e6sk i.<\/p><p>Efter at v\u00e6re blevet lukket med skruer varmes beholderen op \u2013 for romproduktionens vedkommende i sin tid med ild, p\u00e5 dette apparat dog med varm damp.<\/p><p><strong>Hjelm<\/strong><br \/>Her udskilles (fras\u00e9pareres) skummet, og der foreg\u00e5r kondensation for f\u00f8rste gang.<br \/>Alkoholdampen drypper atter tilbage i kogebeholderen \u2013 hvilket g\u00f8r, at destilleringen begynder p\u00e5 en sk\u00e5nsom m\u00e5de.<\/p><p><strong>Svanehals<\/strong><br \/>P. g. a. genopvarmning stiger alkoholen, der nu komplet er blevet til damp, gennem svanehalsr\u00f8ret op i spiralkondensatoren.<\/p><p><strong>Spiralkondensator<\/strong><br \/>I kondensatoren k\u00f8ler dampene af, d. v. s. de bliver flydende. Den kondenserede v\u00e6ske kommer i den forbindelse ned p\u00e5 den \u00f8nskede afl\u00f8bstemperatur. Kondensatet l\u00f8ber gennem tinbelagte kobberspiralr\u00f8r ovenfra og ned, k\u00f8levandet str\u00f8mmer i modsat retning nedefra og op.<\/p><p><strong>Lagfilter<\/strong><br \/>Inden p\u00e5fyldning p\u00e5 flasker l\u00f8ber den f\u00e6rdige spiritus f. eks. gennem et s\u00e5dant finlagsfilter med papirlag for p\u00e5 den m\u00e5de at fjerne det sidste grums.<\/p><p><strong>Alkoholpumpe<\/strong><br \/>Cirkulationspumpe til ompumpning af f\u00e6rdig spiritus, halvfabrikata eller ogs\u00e5 rom fra fade i blandingsbeholdere eller omvendt.<\/p>\t\t\t\t\t\t\t\t<\/div>\n\t\t\t\t<\/div>\n\t\t\t\t\t<\/div>\n\t\t\t\t<\/div>\n\t\t\t\t<\/div>\n\t\t","protected":false},"excerpt":{"rendered":"<p>11 S\u00e5dan fungererdestillation Det her udstillede urtedestilleringsapparat anvendtes ikke til romproduktion \u2013 men princippet er det samme: KogebeholderTil fremstilling af urtedestillat h\u00e6ldes alkohol, vand og urter i beholderen; denne blanding kalder destillat\u00f8ren for \u201edroger\u201c. Til fremstilling af akvavit anvendes f. eks. kommen og anis, og for rom ville man fylde m\u00e6sk i. Efter at v\u00e6re [&hellip;]<\/p>\n","protected":false},"author":1,"featured_media":0,"parent":0,"menu_order":110,"comment_status":"closed","ping_status":"closed","template":"","meta":{"footnotes":""},"class_list":["post-1997","page","type-page","status-publish","hentry"],"_links":{"self":[{"href":"https:\/\/museum.braasch.sh\/da\/wp-json\/wp\/v2\/pages\/1997","targetHints":{"allow":["GET"]}}],"collection":[{"href":"https:\/\/museum.braasch.sh\/da\/wp-json\/wp\/v2\/pages"}],"about":[{"href":"https:\/\/museum.braasch.sh\/da\/wp-json\/wp\/v2\/types\/page"}],"author":[{"embeddable":true,"href":"https:\/\/museum.braasch.sh\/da\/wp-json\/wp\/v2\/users\/1"}],"replies":[{"embeddable":true,"href":"https:\/\/museum.braasch.sh\/da\/wp-json\/wp\/v2\/comments?post=1997"}],"version-history":[{"count":18,"href":"https:\/\/museum.braasch.sh\/da\/wp-json\/wp\/v2\/pages\/1997\/revisions"}],"predecessor-version":[{"id":4266,"href":"https:\/\/museum.braasch.sh\/da\/wp-json\/wp\/v2\/pages\/1997\/revisions\/4266"}],"wp:attachment":[{"href":"https:\/\/museum.braasch.sh\/da\/wp-json\/wp\/v2\/media?parent=1997"}],"curies":[{"name":"wp","href":"https:\/\/api.w.org\/{rel}","templated":true}]}}