{"id":2003,"date":"2024-07-31T12:59:05","date_gmt":"2024-07-31T10:59:05","guid":{"rendered":"https:\/\/museum.sites2.itd.tools\/12-2\/"},"modified":"2024-11-01T22:33:36","modified_gmt":"2024-11-01T21:33:36","slug":"tafel-12","status":"publish","type":"page","link":"https:\/\/museum.braasch.sh\/da\/tafel-12\/","title":{"rendered":"12"},"content":{"rendered":"\t\t<div data-elementor-type=\"wp-page\" data-elementor-id=\"2003\" class=\"elementor elementor-2003 elementor-1757\" data-elementor-post-type=\"page\">\n\t\t\t\t<div class=\"elementor-element elementor-element-41b4e47 tafel-nav elementor-hidden-desktop e-flex e-con-boxed e-con e-parent\" data-id=\"41b4e47\" data-element_type=\"container\" data-e-type=\"container\" data-settings=\"{&quot;background_background&quot;:&quot;classic&quot;,&quot;sticky&quot;:&quot;top&quot;,&quot;sticky_offset_mobile&quot;:58,&quot;sticky_offset&quot;:50,&quot;sticky_on&quot;:[&quot;desktop&quot;,&quot;tablet&quot;,&quot;mobile&quot;],&quot;sticky_effects_offset&quot;:0,&quot;sticky_anchor_link_offset&quot;:0}\">\n\t\t\t\t\t<div class=\"e-con-inner\">\n\t\t\t\t<div class=\"elementor-element elementor-element-be95d9a elementor-nav-menu__align-center elementor-nav-menu--dropdown-none elementor-widget elementor-widget-nav-menu\" data-id=\"be95d9a\" data-element_type=\"widget\" data-e-type=\"widget\" data-settings=\"{&quot;layout&quot;:&quot;horizontal&quot;,&quot;submenu_icon&quot;:{&quot;value&quot;:&quot;&lt;svg aria-hidden=\\&quot;true\\&quot; class=\\&quot;e-font-icon-svg e-fas-caret-down\\&quot; viewBox=\\&quot;0 0 320 512\\&quot; xmlns=\\&quot;http:\\\/\\\/www.w3.org\\\/2000\\\/svg\\&quot;&gt;&lt;path d=\\&quot;M31.3 192h257.3c17.8 0 26.7 21.5 14.1 34.1L174.1 354.8c-7.8 7.8-20.5 7.8-28.3 0L17.2 226.1C4.6 213.5 13.5 192 31.3 192z\\&quot;&gt;&lt;\\\/path&gt;&lt;\\\/svg&gt;&quot;,&quot;library&quot;:&quot;fa-solid&quot;}}\" data-widget_type=\"nav-menu.default\">\n\t\t\t\t<div class=\"elementor-widget-container\">\n\t\t\t\t\t\t\t\t<nav aria-label=\"Men\u00fc\" class=\"elementor-nav-menu--main elementor-nav-menu__container elementor-nav-menu--layout-horizontal e--pointer-none\">\n\t\t\t\t<ul id=\"menu-1-be95d9a\" class=\"elementor-nav-menu\"><li class=\"left-tafel menu-item menu-item-type-post_type menu-item-object-page menu-item-2106\"><a href=\"https:\/\/museum.braasch.sh\/da\/tafel-11\/\" class=\"elementor-item\">11<\/a><\/li>\n<li class=\"right-tafel menu-item menu-item-type-post_type menu-item-object-page menu-item-2107\"><a href=\"https:\/\/museum.braasch.sh\/da\/tafel-13\/\" class=\"elementor-item\">13<\/a><\/li>\n<\/ul>\t\t\t<\/nav>\n\t\t\t\t\t\t<nav class=\"elementor-nav-menu--dropdown elementor-nav-menu__container\" aria-hidden=\"true\">\n\t\t\t\t<ul id=\"menu-2-be95d9a\" class=\"elementor-nav-menu\"><li class=\"left-tafel menu-item menu-item-type-post_type menu-item-object-page menu-item-2106\"><a href=\"https:\/\/museum.braasch.sh\/da\/tafel-11\/\" class=\"elementor-item\" tabindex=\"-1\">11<\/a><\/li>\n<li class=\"right-tafel menu-item menu-item-type-post_type menu-item-object-page menu-item-2107\"><a href=\"https:\/\/museum.braasch.sh\/da\/tafel-13\/\" class=\"elementor-item\" tabindex=\"-1\">13<\/a><\/li>\n<\/ul>\t\t\t<\/nav>\n\t\t\t\t\t\t<\/div>\n\t\t\t\t<\/div>\n\t\t\t\t\t<\/div>\n\t\t\t\t<\/div>\n\t\t<div class=\"elementor-element elementor-element-102a71e elementor-hidden-desktop e-flex e-con-boxed e-con e-parent\" data-id=\"102a71e\" data-element_type=\"container\" data-e-type=\"container\" data-settings=\"{&quot;background_background&quot;:&quot;classic&quot;}\">\n\t\t\t\t\t<div class=\"e-con-inner\">\n\t\t\t\t<div class=\"elementor-element elementor-element-6e83198 elementor-widget elementor-widget-heading\" data-id=\"6e83198\" data-element_type=\"widget\" data-e-type=\"widget\" data-settings=\"{&quot;sticky&quot;:&quot;top&quot;,&quot;sticky_offset&quot;:116,&quot;sticky_on&quot;:[&quot;desktop&quot;,&quot;tablet&quot;,&quot;mobile&quot;],&quot;sticky_effects_offset&quot;:0,&quot;sticky_anchor_link_offset&quot;:0}\" data-widget_type=\"heading.default\">\n\t\t\t\t<div class=\"elementor-widget-container\">\n\t\t\t\t\t<h1 class=\"elementor-heading-title elementor-size-default\">12<\/h1>\t\t\t\t<\/div>\n\t\t\t\t<\/div>\n\t\t\t\t<div class=\"elementor-element elementor-element-17ac48d elementor-widget elementor-widget-heading\" data-id=\"17ac48d\" data-element_type=\"widget\" data-e-type=\"widget\" data-widget_type=\"heading.default\">\n\t\t\t\t<div class=\"elementor-widget-container\">\n\t\t\t\t\t<h2 class=\"elementor-heading-title elementor-size-default\">Romproduktion<br \/> i Flensborg<\/h2>\t\t\t\t<\/div>\n\t\t\t\t<\/div>\n\t\t\t\t<div class=\"elementor-element elementor-element-eaccb72 elementor-widget elementor-widget-text-editor\" data-id=\"eaccb72\" data-element_type=\"widget\" data-e-type=\"widget\" data-widget_type=\"text-editor.default\">\n\t\t\t\t<div class=\"elementor-widget-container\">\n\t\t\t\t\t\t\t\t\t<p>Karibiens guld, \u201ethe Pure Rum\u201c, der havde 70 %, n\u00e5r den ankom til Flensborg, var for st\u00e6rk til at kunne drikkes rent. Den modnedes i de flensborgske romfabrikanters lagringsk\u00e6ldre, inden den blev tilsat vand, s\u00e5 den kom ned p\u00e5 en styrke, hvor den kunne nydes som drik. <\/p>\n<p>Og p\u00e5 samme m\u00e5de, som hver plantage p\u00e5 \u00f8erne destillerede sin egen romtype, havde ogs\u00e5 hver romvirksomhed i Flensborg sin egen \u201eblanding\u201c, som man fremstillede efter sin egen specielle opskrift, n\u00e5r det gjaldt blandingen af forskellige romsorter.<\/p>\n<p>Det medf\u00f8rte en fantastisk mangfoldighed og storartede kvaliteter af enhver art. Det var det, der gjorde Flensborg til en ber\u00f8mt romby.<\/p>\n<p>I midten af det 18. \u00e5rhundrede skal der efter sigende have eksisteret op imod 200 br\u00e6ndevinsdestillat\u00f8rer i k\u00e6lderhv\u00e6lvinger og bagg\u00e5rde i den gamle del af byen. S\u00e5fremt befolkningen var tilstr\u00e6kkeligt velforsynet med br\u00f8d, og der stadig var korn i overskud, havde enhver borger lov til at lave br\u00e6ndevin heraf. <\/p>\n<p>Denne omst\u00e6ndighed \u2013 plus de h\u00f8je toldsatser, som undenlandsk rom blev belagt med \u2013 bevirkede, at man opfandt \u201esammenstukken\u201c rom (ty.: \u201eRumverschnitt\u201c). Blandingen af kornbr\u00e6ndevin (senere kartoffelalkohol) og aromatisk sukkerr\u00f8rsdestillat med sit h\u00f8je procenttal resulterede i en popul\u00e6r drik, som is\u00e6r solgtes til hvalfangere i Norge i store kvanta. <\/p>\n<p>Endnu i starten af det sidste \u00e5rhundrede fandtes der omkring 30 rom- og spiritusproducenter. Men krige, gr\u00e6nseflytninger, tekniske fremskridt og \u00e6ndrede konkurrenceforhold mindskede antallet af virksomheder resp. gjorde, at de mindre blev opk\u00f8bt af de st\u00f8rre. <\/p>\n<p>Siden k\u00f8bmandsfamilien Dethleffsen i 1998 trak sig ud af den oprindelige forretning med spiritushandel, kan firmaerne, der stadig holder traditionen i h\u00e6vd, nu om stunder t\u00e6lles p\u00e5 \u00e9n h\u00e5nd \u2013 d\u00e9riblandt virksomhederne Johannsen og Braasch.<\/p>\n\t\t\t\t\t\t\t\t<\/div>\n\t\t\t\t<\/div>\n\t\t\t\t\t<\/div>\n\t\t\t\t<\/div>\n\t\t\t\t<\/div>\n\t\t","protected":false},"excerpt":{"rendered":"<p>12 Romproduktion i Flensborg Karibiens guld, \u201ethe Pure Rum\u201c, der havde 70 %, n\u00e5r den ankom til Flensborg, var for st\u00e6rk til at kunne drikkes rent. Den modnedes i de flensborgske romfabrikanters lagringsk\u00e6ldre, inden den blev tilsat vand, s\u00e5 den kom ned p\u00e5 en styrke, hvor den kunne nydes som drik. Og p\u00e5 samme m\u00e5de, [&hellip;]<\/p>\n","protected":false},"author":1,"featured_media":0,"parent":0,"menu_order":120,"comment_status":"closed","ping_status":"closed","template":"","meta":{"footnotes":""},"class_list":["post-2003","page","type-page","status-publish","hentry"],"_links":{"self":[{"href":"https:\/\/museum.braasch.sh\/da\/wp-json\/wp\/v2\/pages\/2003","targetHints":{"allow":["GET"]}}],"collection":[{"href":"https:\/\/museum.braasch.sh\/da\/wp-json\/wp\/v2\/pages"}],"about":[{"href":"https:\/\/museum.braasch.sh\/da\/wp-json\/wp\/v2\/types\/page"}],"author":[{"embeddable":true,"href":"https:\/\/museum.braasch.sh\/da\/wp-json\/wp\/v2\/users\/1"}],"replies":[{"embeddable":true,"href":"https:\/\/museum.braasch.sh\/da\/wp-json\/wp\/v2\/comments?post=2003"}],"version-history":[{"count":18,"href":"https:\/\/museum.braasch.sh\/da\/wp-json\/wp\/v2\/pages\/2003\/revisions"}],"predecessor-version":[{"id":4269,"href":"https:\/\/museum.braasch.sh\/da\/wp-json\/wp\/v2\/pages\/2003\/revisions\/4269"}],"wp:attachment":[{"href":"https:\/\/museum.braasch.sh\/da\/wp-json\/wp\/v2\/media?parent=2003"}],"curies":[{"name":"wp","href":"https:\/\/api.w.org\/{rel}","templated":true}]}}