{"id":2009,"date":"2024-07-31T13:04:30","date_gmt":"2024-07-31T11:04:30","guid":{"rendered":"https:\/\/museum.sites2.itd.tools\/13-2\/"},"modified":"2024-11-01T22:33:56","modified_gmt":"2024-11-01T21:33:56","slug":"tafel-13","status":"publish","type":"page","link":"https:\/\/museum.braasch.sh\/da\/tafel-13\/","title":{"rendered":"13"},"content":{"rendered":"\t\t<div data-elementor-type=\"wp-page\" data-elementor-id=\"2009\" class=\"elementor elementor-2009 elementor-1762\" data-elementor-post-type=\"page\">\n\t\t\t\t<div class=\"elementor-element elementor-element-7482270 tafel-nav elementor-hidden-desktop e-flex e-con-boxed e-con e-parent\" data-id=\"7482270\" data-element_type=\"container\" data-e-type=\"container\" data-settings=\"{&quot;background_background&quot;:&quot;classic&quot;,&quot;sticky&quot;:&quot;top&quot;,&quot;sticky_offset_mobile&quot;:58,&quot;sticky_offset&quot;:50,&quot;sticky_on&quot;:[&quot;desktop&quot;,&quot;tablet&quot;,&quot;mobile&quot;],&quot;sticky_effects_offset&quot;:0,&quot;sticky_anchor_link_offset&quot;:0}\">\n\t\t\t\t\t<div class=\"e-con-inner\">\n\t\t\t\t<div class=\"elementor-element elementor-element-ff4c3e3 elementor-nav-menu__align-center elementor-nav-menu--dropdown-none elementor-widget elementor-widget-nav-menu\" data-id=\"ff4c3e3\" data-element_type=\"widget\" data-e-type=\"widget\" data-settings=\"{&quot;layout&quot;:&quot;horizontal&quot;,&quot;submenu_icon&quot;:{&quot;value&quot;:&quot;&lt;svg aria-hidden=\\&quot;true\\&quot; class=\\&quot;e-font-icon-svg e-fas-caret-down\\&quot; viewBox=\\&quot;0 0 320 512\\&quot; xmlns=\\&quot;http:\\\/\\\/www.w3.org\\\/2000\\\/svg\\&quot;&gt;&lt;path d=\\&quot;M31.3 192h257.3c17.8 0 26.7 21.5 14.1 34.1L174.1 354.8c-7.8 7.8-20.5 7.8-28.3 0L17.2 226.1C4.6 213.5 13.5 192 31.3 192z\\&quot;&gt;&lt;\\\/path&gt;&lt;\\\/svg&gt;&quot;,&quot;library&quot;:&quot;fa-solid&quot;}}\" data-widget_type=\"nav-menu.default\">\n\t\t\t\t<div class=\"elementor-widget-container\">\n\t\t\t\t\t\t\t\t<nav aria-label=\"Men\u00fc\" class=\"elementor-nav-menu--main elementor-nav-menu__container elementor-nav-menu--layout-horizontal e--pointer-none\">\n\t\t\t\t<ul id=\"menu-1-ff4c3e3\" class=\"elementor-nav-menu\"><li class=\"left-tafel menu-item menu-item-type-post_type menu-item-object-page menu-item-2108\"><a href=\"https:\/\/museum.braasch.sh\/da\/tafel-12\/\" class=\"elementor-item\">12<\/a><\/li>\n<li class=\"right-tafel menu-item menu-item-type-post_type menu-item-object-page menu-item-2109\"><a href=\"https:\/\/museum.braasch.sh\/da\/tafel-14\/\" class=\"elementor-item\">14<\/a><\/li>\n<\/ul>\t\t\t<\/nav>\n\t\t\t\t\t\t<nav class=\"elementor-nav-menu--dropdown elementor-nav-menu__container\" aria-hidden=\"true\">\n\t\t\t\t<ul id=\"menu-2-ff4c3e3\" class=\"elementor-nav-menu\"><li class=\"left-tafel menu-item menu-item-type-post_type menu-item-object-page menu-item-2108\"><a href=\"https:\/\/museum.braasch.sh\/da\/tafel-12\/\" class=\"elementor-item\" tabindex=\"-1\">12<\/a><\/li>\n<li class=\"right-tafel menu-item menu-item-type-post_type menu-item-object-page menu-item-2109\"><a href=\"https:\/\/museum.braasch.sh\/da\/tafel-14\/\" class=\"elementor-item\" tabindex=\"-1\">14<\/a><\/li>\n<\/ul>\t\t\t<\/nav>\n\t\t\t\t\t\t<\/div>\n\t\t\t\t<\/div>\n\t\t\t\t\t<\/div>\n\t\t\t\t<\/div>\n\t\t<div class=\"elementor-element elementor-element-34d3e1e elementor-hidden-desktop e-flex e-con-boxed e-con e-parent\" data-id=\"34d3e1e\" data-element_type=\"container\" data-e-type=\"container\" data-settings=\"{&quot;background_background&quot;:&quot;classic&quot;}\">\n\t\t\t\t\t<div class=\"e-con-inner\">\n\t\t\t\t<div class=\"elementor-element elementor-element-09dddab elementor-widget elementor-widget-heading\" data-id=\"09dddab\" data-element_type=\"widget\" data-e-type=\"widget\" data-settings=\"{&quot;sticky&quot;:&quot;top&quot;,&quot;sticky_offset&quot;:116,&quot;sticky_on&quot;:[&quot;desktop&quot;,&quot;tablet&quot;,&quot;mobile&quot;],&quot;sticky_effects_offset&quot;:0,&quot;sticky_anchor_link_offset&quot;:0}\" data-widget_type=\"heading.default\">\n\t\t\t\t<div class=\"elementor-widget-container\">\n\t\t\t\t\t<h1 class=\"elementor-heading-title elementor-size-default\">13<\/h1>\t\t\t\t<\/div>\n\t\t\t\t<\/div>\n\t\t\t\t<div class=\"elementor-element elementor-element-54707ed elementor-widget elementor-widget-heading\" data-id=\"54707ed\" data-element_type=\"widget\" data-e-type=\"widget\" data-widget_type=\"heading.default\">\n\t\t\t\t<div class=\"elementor-widget-container\">\n\t\t\t\t\t<h2 class=\"elementor-heading-title elementor-size-default\">Indigo-G\u00e5rden<\/h2>\t\t\t\t<\/div>\n\t\t\t\t<\/div>\n\t\t\t\t<div class=\"elementor-element elementor-element-7277305 elementor-widget elementor-widget-text-editor\" data-id=\"7277305\" data-element_type=\"widget\" data-e-type=\"widget\" data-widget_type=\"text-editor.default\">\n\t\t\t\t<div class=\"elementor-widget-container\">\n\t\t\t\t\t\t\t\t\t<p>J\u00fcrgen Brodersen, efterf\u00f8lger til Asmus, Behrend og Nis Brodersen, som drog p\u00e5 Vestindien-f\u00e6rd, valgte at blive handelsmand. Af sin tidligere l\u00e6remester i Flensborg k\u00f8bte han i 1867 kolonialvareforretningen H. P. Schmidt. Virksomheden var blevet etableret i 1779 og l\u00e5 p\u00e5 adressen Angelburger Stra\u00dfe 28 \u2013 i sin tid kaldt \u201eIndigo-G\u00e5rden\u201c. Firmaet kom sidenhen til at hedde \u201eJ. Brodersen, Flensburg, Kolonialwaren-Gro\u00dfhandlung, Kaffee-R\u00f6sterei und Rum-Import\u201c (kolonialvaregrossist, kafferisteri og romimport). I n\u00e6sten 20 \u00e5r var J\u00fcrgen Brodersen formand for Flensborgs handelsstandsforening; immerv\u00e6k havde han \u00e9n af byens mest betydningsfulde butiksvirksomheder.<\/p><p>Hans s\u00f8n Franz Nis Brodersen udvidede senere firmaet til ogs\u00e5 at omfatte tobaksfabrikation, et petroleumslager og et snapsebr\u00e6nderi. Kolonialvarerne forarbejdedes, for\u00e6dledes og solgtes i Flensborg. Den sidste deciderede ladning r\u00f8rsukker fra Karibien med sejlskib fik firmaet leveret i 1895. I 1929 m\u00e5tte firma J. Brodersen lukke ned, idet dets vigtigste afs\u00e6tningsomr\u00e5de i Nordslesvig efter folkeafstemningen 1920 var blevet dansk. <br \/>Huset i Angelburger Stra\u00dfe blev revet ned i 1973, hvorefter tekstilvarehuset \u201eCA\u201c byggede nyt p\u00e5 adressen.<\/p>\t\t\t\t\t\t\t\t<\/div>\n\t\t\t\t<\/div>\n\t\t\t\t<div class=\"elementor-element elementor-element-df06e69 elementor-widget elementor-widget-text-editor\" data-id=\"df06e69\" data-element_type=\"widget\" data-e-type=\"widget\" data-widget_type=\"text-editor.default\">\n\t\t\t\t<div class=\"elementor-widget-container\">\n\t\t\t\t\t\t\t\t\t<p><strong>Navnet \u201eIndigo-G\u00e5rden\u201c<\/strong><br \/>Der var store udsving i priserne for det kraftige bl\u00e5 farvestof indigo. Det hed sig dengang, at det i sin tid var lykkedes en forretningsmand, der sejlede p\u00e5 Vestindien, at oplagre et stort parti af denne kolonialvare her p\u00e5 stedet og sidenhen s\u00e6lge det med fortjeneste. Overskuddet anvendte han til at bygge huset i Angelburger Stra\u00dfe 28.<\/p>\t\t\t\t\t\t\t\t<\/div>\n\t\t\t\t<\/div>\n\t\t\t\t\t<\/div>\n\t\t\t\t<\/div>\n\t\t\t\t<\/div>\n\t\t","protected":false},"excerpt":{"rendered":"<p>13 Indigo-G\u00e5rden J\u00fcrgen Brodersen, efterf\u00f8lger til Asmus, Behrend og Nis Brodersen, som drog p\u00e5 Vestindien-f\u00e6rd, valgte at blive handelsmand. Af sin tidligere l\u00e6remester i Flensborg k\u00f8bte han i 1867 kolonialvareforretningen H. P. Schmidt. Virksomheden var blevet etableret i 1779 og l\u00e5 p\u00e5 adressen Angelburger Stra\u00dfe 28 \u2013 i sin tid kaldt \u201eIndigo-G\u00e5rden\u201c. Firmaet kom sidenhen [&hellip;]<\/p>\n","protected":false},"author":1,"featured_media":0,"parent":0,"menu_order":130,"comment_status":"closed","ping_status":"closed","template":"","meta":{"footnotes":""},"class_list":["post-2009","page","type-page","status-publish","hentry"],"_links":{"self":[{"href":"https:\/\/museum.braasch.sh\/da\/wp-json\/wp\/v2\/pages\/2009","targetHints":{"allow":["GET"]}}],"collection":[{"href":"https:\/\/museum.braasch.sh\/da\/wp-json\/wp\/v2\/pages"}],"about":[{"href":"https:\/\/museum.braasch.sh\/da\/wp-json\/wp\/v2\/types\/page"}],"author":[{"embeddable":true,"href":"https:\/\/museum.braasch.sh\/da\/wp-json\/wp\/v2\/users\/1"}],"replies":[{"embeddable":true,"href":"https:\/\/museum.braasch.sh\/da\/wp-json\/wp\/v2\/comments?post=2009"}],"version-history":[{"count":13,"href":"https:\/\/museum.braasch.sh\/da\/wp-json\/wp\/v2\/pages\/2009\/revisions"}],"predecessor-version":[{"id":4272,"href":"https:\/\/museum.braasch.sh\/da\/wp-json\/wp\/v2\/pages\/2009\/revisions\/4272"}],"wp:attachment":[{"href":"https:\/\/museum.braasch.sh\/da\/wp-json\/wp\/v2\/media?parent=2009"}],"curies":[{"name":"wp","href":"https:\/\/api.w.org\/{rel}","templated":true}]}}