{"id":2011,"date":"2024-07-31T13:04:45","date_gmt":"2024-07-31T11:04:45","guid":{"rendered":"https:\/\/museum.sites2.itd.tools\/14-2\/"},"modified":"2024-11-01T22:34:31","modified_gmt":"2024-11-01T21:34:31","slug":"tafel-14","status":"publish","type":"page","link":"https:\/\/museum.braasch.sh\/da\/tafel-14\/","title":{"rendered":"14"},"content":{"rendered":"\t\t<div data-elementor-type=\"wp-page\" data-elementor-id=\"2011\" class=\"elementor elementor-2011 elementor-1764\" data-elementor-post-type=\"page\">\n\t\t\t\t<div class=\"elementor-element elementor-element-227af7e tafel-nav elementor-hidden-desktop e-flex e-con-boxed e-con e-parent\" data-id=\"227af7e\" data-element_type=\"container\" data-e-type=\"container\" data-settings=\"{&quot;background_background&quot;:&quot;classic&quot;,&quot;sticky&quot;:&quot;top&quot;,&quot;sticky_offset_mobile&quot;:58,&quot;sticky_offset&quot;:50,&quot;sticky_on&quot;:[&quot;desktop&quot;,&quot;tablet&quot;,&quot;mobile&quot;],&quot;sticky_effects_offset&quot;:0,&quot;sticky_anchor_link_offset&quot;:0}\">\n\t\t\t\t\t<div class=\"e-con-inner\">\n\t\t\t\t<div class=\"elementor-element elementor-element-079a400 elementor-nav-menu__align-center elementor-nav-menu--dropdown-none elementor-widget elementor-widget-nav-menu\" data-id=\"079a400\" data-element_type=\"widget\" data-e-type=\"widget\" data-settings=\"{&quot;layout&quot;:&quot;horizontal&quot;,&quot;submenu_icon&quot;:{&quot;value&quot;:&quot;&lt;svg aria-hidden=\\&quot;true\\&quot; class=\\&quot;e-font-icon-svg e-fas-caret-down\\&quot; viewBox=\\&quot;0 0 320 512\\&quot; xmlns=\\&quot;http:\\\/\\\/www.w3.org\\\/2000\\\/svg\\&quot;&gt;&lt;path d=\\&quot;M31.3 192h257.3c17.8 0 26.7 21.5 14.1 34.1L174.1 354.8c-7.8 7.8-20.5 7.8-28.3 0L17.2 226.1C4.6 213.5 13.5 192 31.3 192z\\&quot;&gt;&lt;\\\/path&gt;&lt;\\\/svg&gt;&quot;,&quot;library&quot;:&quot;fa-solid&quot;}}\" data-widget_type=\"nav-menu.default\">\n\t\t\t\t<div class=\"elementor-widget-container\">\n\t\t\t\t\t\t\t\t<nav aria-label=\"Men\u00fc\" class=\"elementor-nav-menu--main elementor-nav-menu__container elementor-nav-menu--layout-horizontal e--pointer-none\">\n\t\t\t\t<ul id=\"menu-1-079a400\" class=\"elementor-nav-menu\"><li class=\"left-tafel menu-item menu-item-type-post_type menu-item-object-page menu-item-2110\"><a href=\"https:\/\/museum.braasch.sh\/da\/tafel-13\/\" class=\"elementor-item\">13<\/a><\/li>\n<li class=\"right-tafel menu-item menu-item-type-post_type menu-item-object-page menu-item-2486\"><a href=\"https:\/\/museum.braasch.sh\/da\/tafel-15\/\" class=\"elementor-item\">15<\/a><\/li>\n<\/ul>\t\t\t<\/nav>\n\t\t\t\t\t\t<nav class=\"elementor-nav-menu--dropdown elementor-nav-menu__container\" aria-hidden=\"true\">\n\t\t\t\t<ul id=\"menu-2-079a400\" class=\"elementor-nav-menu\"><li class=\"left-tafel menu-item menu-item-type-post_type menu-item-object-page menu-item-2110\"><a href=\"https:\/\/museum.braasch.sh\/da\/tafel-13\/\" class=\"elementor-item\" tabindex=\"-1\">13<\/a><\/li>\n<li class=\"right-tafel menu-item menu-item-type-post_type menu-item-object-page menu-item-2486\"><a href=\"https:\/\/museum.braasch.sh\/da\/tafel-15\/\" class=\"elementor-item\" tabindex=\"-1\">15<\/a><\/li>\n<\/ul>\t\t\t<\/nav>\n\t\t\t\t\t\t<\/div>\n\t\t\t\t<\/div>\n\t\t\t\t\t<\/div>\n\t\t\t\t<\/div>\n\t\t<div class=\"elementor-element elementor-element-c7eaf6a elementor-hidden-desktop e-flex e-con-boxed e-con e-parent\" data-id=\"c7eaf6a\" data-element_type=\"container\" data-e-type=\"container\" data-settings=\"{&quot;background_background&quot;:&quot;classic&quot;}\">\n\t\t\t\t\t<div class=\"e-con-inner\">\n\t\t\t\t<div class=\"elementor-element elementor-element-d1e73ea elementor-widget elementor-widget-heading\" data-id=\"d1e73ea\" data-element_type=\"widget\" data-e-type=\"widget\" data-settings=\"{&quot;sticky&quot;:&quot;top&quot;,&quot;sticky_offset&quot;:116,&quot;sticky_on&quot;:[&quot;desktop&quot;,&quot;tablet&quot;,&quot;mobile&quot;],&quot;sticky_effects_offset&quot;:0,&quot;sticky_anchor_link_offset&quot;:0}\" data-widget_type=\"heading.default\">\n\t\t\t\t<div class=\"elementor-widget-container\">\n\t\t\t\t\t<h1 class=\"elementor-heading-title elementor-size-default\">14<\/h1>\t\t\t\t<\/div>\n\t\t\t\t<\/div>\n\t\t\t\t<div class=\"elementor-element elementor-element-30cea04 elementor-widget elementor-widget-heading\" data-id=\"30cea04\" data-element_type=\"widget\" data-e-type=\"widget\" data-widget_type=\"heading.default\">\n\t\t\t\t<div class=\"elementor-widget-container\">\n\t\t\t\t\t<h2 class=\"elementor-heading-title elementor-size-default\">Hurra, rommen er<br \/> tilbage!<\/h2>\t\t\t\t<\/div>\n\t\t\t\t<\/div>\n\t\t\t\t<div class=\"elementor-element elementor-element-20fa033 elementor-widget elementor-widget-text-editor\" data-id=\"20fa033\" data-element_type=\"widget\" data-e-type=\"widget\" data-widget_type=\"text-editor.default\">\n\t\t\t\t<div class=\"elementor-widget-container\">\n\t\t\t\t\t\t\t\t\t<p>I november 1949 kom der for f\u00f8rste gang efter 15 \u00e5r atter rom fra Jamaica til Flensborg.<\/p><p>Romhandelsvirksomheden E. A. Scheer fra Amsterdam leverede med motorskibet \u201eArak\u201c 25.000 liter af det \u201aflydende guld\u2018 fra Karibien plus 9.000 liter arak fra Batavia.<\/p>\n<p>P\u00e5 trods af regnvejr var der stimlet en masse mennesker sammen p\u00e5 havnen for at hilse fragten med de dejlig mange procenter velkommen med jubel, flag og hurrar\u00e5b. Med flaget til tops lagde skibet til ud for restauranten Piet Henningsen. <\/p>\n<p>Begivenheden blev d\u00e6kket af b\u00e5de den hollandske og den tyske presse. De flensborgske br\u00e6nderier var v\u00e6ldig glade for, at de nu endelig igen kunne fylde deres egne fade, hvoraf nogle var blevet helt tomme, med nye romforsyninger til videre forarbejdning og salg lige i rette tid inden julehandelen. <\/p>\t\t\t\t\t\t\t\t<\/div>\n\t\t\t\t<\/div>\n\t\t\t\t\t<\/div>\n\t\t\t\t<\/div>\n\t\t\t\t<\/div>\n\t\t","protected":false},"excerpt":{"rendered":"<p>14 Hurra, rommen er tilbage! I november 1949 kom der for f\u00f8rste gang efter 15 \u00e5r atter rom fra Jamaica til Flensborg. Romhandelsvirksomheden E. A. Scheer fra Amsterdam leverede med motorskibet \u201eArak\u201c 25.000 liter af det \u201aflydende guld\u2018 fra Karibien plus 9.000 liter arak fra Batavia. P\u00e5 trods af regnvejr var der stimlet en masse [&hellip;]<\/p>\n","protected":false},"author":1,"featured_media":0,"parent":0,"menu_order":140,"comment_status":"closed","ping_status":"closed","template":"","meta":{"footnotes":""},"class_list":["post-2011","page","type-page","status-publish","hentry"],"_links":{"self":[{"href":"https:\/\/museum.braasch.sh\/da\/wp-json\/wp\/v2\/pages\/2011","targetHints":{"allow":["GET"]}}],"collection":[{"href":"https:\/\/museum.braasch.sh\/da\/wp-json\/wp\/v2\/pages"}],"about":[{"href":"https:\/\/museum.braasch.sh\/da\/wp-json\/wp\/v2\/types\/page"}],"author":[{"embeddable":true,"href":"https:\/\/museum.braasch.sh\/da\/wp-json\/wp\/v2\/users\/1"}],"replies":[{"embeddable":true,"href":"https:\/\/museum.braasch.sh\/da\/wp-json\/wp\/v2\/comments?post=2011"}],"version-history":[{"count":14,"href":"https:\/\/museum.braasch.sh\/da\/wp-json\/wp\/v2\/pages\/2011\/revisions"}],"predecessor-version":[{"id":4275,"href":"https:\/\/museum.braasch.sh\/da\/wp-json\/wp\/v2\/pages\/2011\/revisions\/4275"}],"wp:attachment":[{"href":"https:\/\/museum.braasch.sh\/da\/wp-json\/wp\/v2\/media?parent=2011"}],"curies":[{"name":"wp","href":"https:\/\/api.w.org\/{rel}","templated":true}]}}