{"id":2182,"date":"2024-05-16T17:39:46","date_gmt":"2024-05-16T15:39:46","guid":{"rendered":"https:\/\/museum.sites2.itd.tools\/tafel-01\/"},"modified":"2024-11-01T22:24:26","modified_gmt":"2024-11-01T21:24:26","slug":"tafel-01","status":"publish","type":"page","link":"https:\/\/museum.braasch.sh\/da\/tafel-01\/","title":{"rendered":"01"},"content":{"rendered":"\t\t<div data-elementor-type=\"wp-page\" data-elementor-id=\"2182\" class=\"elementor elementor-2182 elementor-27\" data-elementor-post-type=\"page\">\n\t\t\t\t<div class=\"elementor-element elementor-element-49893fc tafel-nav elementor-hidden-desktop e-flex e-con-boxed e-con e-parent\" data-id=\"49893fc\" data-element_type=\"container\" data-e-type=\"container\" data-settings=\"{&quot;background_background&quot;:&quot;classic&quot;,&quot;sticky&quot;:&quot;top&quot;,&quot;sticky_offset_mobile&quot;:58,&quot;sticky_offset&quot;:50,&quot;sticky_on&quot;:[&quot;desktop&quot;,&quot;tablet&quot;,&quot;mobile&quot;],&quot;sticky_effects_offset&quot;:0,&quot;sticky_anchor_link_offset&quot;:0}\">\n\t\t\t\t\t<div class=\"e-con-inner\">\n\t\t\t\t<div class=\"elementor-element elementor-element-1afbc1c elementor-nav-menu__align-center elementor-nav-menu--dropdown-none elementor-widget elementor-widget-nav-menu\" data-id=\"1afbc1c\" data-element_type=\"widget\" data-e-type=\"widget\" data-settings=\"{&quot;layout&quot;:&quot;horizontal&quot;,&quot;submenu_icon&quot;:{&quot;value&quot;:&quot;&lt;svg aria-hidden=\\&quot;true\\&quot; class=\\&quot;e-font-icon-svg e-fas-caret-down\\&quot; viewBox=\\&quot;0 0 320 512\\&quot; xmlns=\\&quot;http:\\\/\\\/www.w3.org\\\/2000\\\/svg\\&quot;&gt;&lt;path d=\\&quot;M31.3 192h257.3c17.8 0 26.7 21.5 14.1 34.1L174.1 354.8c-7.8 7.8-20.5 7.8-28.3 0L17.2 226.1C4.6 213.5 13.5 192 31.3 192z\\&quot;&gt;&lt;\\\/path&gt;&lt;\\\/svg&gt;&quot;,&quot;library&quot;:&quot;fa-solid&quot;}}\" data-widget_type=\"nav-menu.default\">\n\t\t\t\t<div class=\"elementor-widget-container\">\n\t\t\t\t\t\t\t\t<nav aria-label=\"Men\u00fc\" class=\"elementor-nav-menu--main elementor-nav-menu__container elementor-nav-menu--layout-horizontal e--pointer-none\">\n\t\t\t\t<ul id=\"menu-1-1afbc1c\" class=\"elementor-nav-menu\"><li class=\"left-tafel disable-tafel menu-item menu-item-type-post_type menu-item-object-page menu-item-2223\"><a href=\"https:\/\/museum.braasch.sh\/da\/tafel-01\/\" class=\"elementor-item\">01<\/a><\/li>\n<li class=\"right-tafel menu-item menu-item-type-post_type menu-item-object-page menu-item-2382\"><a href=\"https:\/\/museum.braasch.sh\/da\/tafel-02\/\" class=\"elementor-item\">02<\/a><\/li>\n<\/ul>\t\t\t<\/nav>\n\t\t\t\t\t\t<nav class=\"elementor-nav-menu--dropdown elementor-nav-menu__container\" aria-hidden=\"true\">\n\t\t\t\t<ul id=\"menu-2-1afbc1c\" class=\"elementor-nav-menu\"><li class=\"left-tafel disable-tafel menu-item menu-item-type-post_type menu-item-object-page menu-item-2223\"><a href=\"https:\/\/museum.braasch.sh\/da\/tafel-01\/\" class=\"elementor-item\" tabindex=\"-1\">01<\/a><\/li>\n<li class=\"right-tafel menu-item menu-item-type-post_type menu-item-object-page menu-item-2382\"><a href=\"https:\/\/museum.braasch.sh\/da\/tafel-02\/\" class=\"elementor-item\" tabindex=\"-1\">02<\/a><\/li>\n<\/ul>\t\t\t<\/nav>\n\t\t\t\t\t\t<\/div>\n\t\t\t\t<\/div>\n\t\t\t\t\t<\/div>\n\t\t\t\t<\/div>\n\t\t<div class=\"elementor-element elementor-element-66cc012 elementor-hidden-desktop e-flex e-con-boxed e-con e-parent\" data-id=\"66cc012\" data-element_type=\"container\" data-e-type=\"container\" data-settings=\"{&quot;background_background&quot;:&quot;classic&quot;}\">\n\t\t\t\t\t<div class=\"e-con-inner\">\n\t\t\t\t<div class=\"elementor-element elementor-element-610bf4e elementor-widget elementor-widget-heading\" data-id=\"610bf4e\" data-element_type=\"widget\" data-e-type=\"widget\" data-settings=\"{&quot;sticky&quot;:&quot;top&quot;,&quot;sticky_offset&quot;:116,&quot;sticky_on&quot;:[&quot;desktop&quot;,&quot;tablet&quot;,&quot;mobile&quot;],&quot;sticky_effects_offset&quot;:0,&quot;sticky_anchor_link_offset&quot;:0}\" data-widget_type=\"heading.default\">\n\t\t\t\t<div class=\"elementor-widget-container\">\n\t\t\t\t\t<h1 class=\"elementor-heading-title elementor-size-default\">01<\/h1>\t\t\t\t<\/div>\n\t\t\t\t<\/div>\n\t\t\t\t<div class=\"elementor-element elementor-element-7b337c9 elementor-widget elementor-widget-heading\" data-id=\"7b337c9\" data-element_type=\"widget\" data-e-type=\"widget\" data-widget_type=\"heading.default\">\n\t\t\t\t<div class=\"elementor-widget-container\">\n\t\t\t\t\t<h2 class=\"elementor-heading-title elementor-size-default\">De gik efter sukker og fandt rom<\/h2>\t\t\t\t<\/div>\n\t\t\t\t<\/div>\n\t\t\t\t<div class=\"elementor-element elementor-element-3653837 elementor-widget elementor-widget-text-editor\" data-id=\"3653837\" data-element_type=\"widget\" data-e-type=\"widget\" data-widget_type=\"text-editor.default\">\n\t\t\t\t<div class=\"elementor-widget-container\">\n\t\t\t\t\t\t\t\t\t<p>Flensborg h\u00f8rte i over 400 \u00e5r under den danske krone, og Danmark var en kolonialmagt i Europa. I 1755 stod den f\u00f8rste vestindiensejler til s\u00f8s fra Flensborg, og der gik ikke lang tid, f\u00f8r handelen med de karibiske \u00f8er oplevede sin storhedstid &#8230; <\/p>\n\t\t\t\t\t\t\t\t<\/div>\n\t\t\t\t<\/div>\n\t\t\t\t<div class=\"elementor-element elementor-element-925f85f elementor-widget elementor-widget-text-editor\" data-id=\"925f85f\" data-element_type=\"widget\" data-e-type=\"widget\" data-widget_type=\"text-editor.default\">\n\t\t\t\t<div class=\"elementor-widget-container\">\n\t\t\t\t\t\t\t\t\t<p>Mellem 1380 og 1864 strakte det danske storrige sig henover Nordeuropa, og Flensborg h\u00f8rte ind under kronen fra 1460 til 1864. I det 18. \u00e5rhundrede var byen ved fjorden sammen med Altona (ved Hamborg) og K\u00f8benhavn blandt de mest betydningsfulde overs\u00f8iske havne for vestindienfl\u00e5dens skibe. <\/p>\n<p>I jagten p\u00e5 den \u201ehvide luksus\u201c sukker, den eftertragtede fragt til Europa, begav mange store flensborgske handelsfamilier sig til s\u00f8s p\u00e5 vej de karibiske kolonier \u201eDansk Vestindien\u201c: St. Thomas, St. Jan og St. Croix \u2013 d\u00e9riblandt familierne Dethleffsen, Christiansen, Pott og mange andre. <\/p>\n<p>De gjorde, at vestindienhandelen, som oplevede sin storhedstid fra 1814 til 1856, udviklede sig til \u00e9n af byens vigtigste handelsforbindelser.<\/p>\n\t\t\t\t\t\t\t\t<\/div>\n\t\t\t\t<\/div>\n\t\t\t\t<div class=\"elementor-element elementor-element-637b642 urania elementor-widget elementor-widget-image\" data-id=\"637b642\" data-element_type=\"widget\" data-e-type=\"widget\" data-widget_type=\"image.default\">\n\t\t\t\t<div class=\"elementor-widget-container\">\n\t\t\t\t\t\t\t\t\t\t\t\t\t\t\t<img fetchpriority=\"high\" decoding=\"async\" width=\"800\" height=\"343\" src=\"https:\/\/museum.braasch.sh\/wp-content\/uploads\/2024\/08\/Urania_small-1024x439.jpg\" class=\"attachment-large size-large wp-image-2224\" alt=\"Segelschiff Urania\" srcset=\"https:\/\/museum.braasch.sh\/wp-content\/uploads\/2024\/08\/Urania_small-1024x439.jpg 1024w, https:\/\/museum.braasch.sh\/wp-content\/uploads\/2024\/08\/Urania_small-300x129.jpg 300w, https:\/\/museum.braasch.sh\/wp-content\/uploads\/2024\/08\/Urania_small-768x329.jpg 768w, https:\/\/museum.braasch.sh\/wp-content\/uploads\/2024\/08\/Urania_small-1536x658.jpg 1536w, https:\/\/museum.braasch.sh\/wp-content\/uploads\/2024\/08\/Urania_small-2048x878.jpg 2048w, https:\/\/museum.braasch.sh\/wp-content\/uploads\/2024\/08\/Urania_small-24x10.jpg 24w, https:\/\/museum.braasch.sh\/wp-content\/uploads\/2024\/08\/Urania_small-36x15.jpg 36w, https:\/\/museum.braasch.sh\/wp-content\/uploads\/2024\/08\/Urania_small-48x21.jpg 48w\" sizes=\"(max-width: 800px) 100vw, 800px\" \/>\t\t\t\t\t\t\t\t\t\t\t\t\t\t\t<\/div>\n\t\t\t\t<\/div>\n\t\t\t\t<div class=\"elementor-element elementor-element-1a831e0 elementor-widget elementor-widget-text-editor\" data-id=\"1a831e0\" data-element_type=\"widget\" data-e-type=\"widget\" data-widget_type=\"text-editor.default\">\n\t\t\t\t<div class=\"elementor-widget-container\">\n\t\t\t\t\t\t\t\t\t<p>Ogs\u00e5 kaptajnen og rederen Asmus Brodersen startede i 1826 p\u00e5 sin f\u00f8rste togt med fregatten \u201eUrania\u201c \u2013 en ca. tre m\u00e5neder lang rejse, hvor skibet var l\u00e6sset med f\u00f8devarer, koks og Flensborg-teglsten.<\/p>\n\t\t\t\t\t\t\t\t<\/div>\n\t\t\t\t<\/div>\n\t\t\t\t\t<\/div>\n\t\t\t\t<\/div>\n\t\t\t\t<\/div>\n\t\t","protected":false},"excerpt":{"rendered":"<p>01 De gik efter sukker og fandt rom Flensborg h\u00f8rte i over 400 \u00e5r under den danske krone, og Danmark var en kolonialmagt i Europa. I 1755 stod den f\u00f8rste vestindiensejler til s\u00f8s fra Flensborg, og der gik ikke lang tid, f\u00f8r handelen med de karibiske \u00f8er oplevede sin storhedstid &#8230; Mellem 1380 og 1864 [&hellip;]<\/p>\n","protected":false},"author":1,"featured_media":0,"parent":0,"menu_order":10,"comment_status":"closed","ping_status":"closed","template":"","meta":{"footnotes":""},"class_list":["post-2182","page","type-page","status-publish","hentry"],"_links":{"self":[{"href":"https:\/\/museum.braasch.sh\/da\/wp-json\/wp\/v2\/pages\/2182","targetHints":{"allow":["GET"]}}],"collection":[{"href":"https:\/\/museum.braasch.sh\/da\/wp-json\/wp\/v2\/pages"}],"about":[{"href":"https:\/\/museum.braasch.sh\/da\/wp-json\/wp\/v2\/types\/page"}],"author":[{"embeddable":true,"href":"https:\/\/museum.braasch.sh\/da\/wp-json\/wp\/v2\/users\/1"}],"replies":[{"embeddable":true,"href":"https:\/\/museum.braasch.sh\/da\/wp-json\/wp\/v2\/comments?post=2182"}],"version-history":[{"count":40,"href":"https:\/\/museum.braasch.sh\/da\/wp-json\/wp\/v2\/pages\/2182\/revisions"}],"predecessor-version":[{"id":4236,"href":"https:\/\/museum.braasch.sh\/da\/wp-json\/wp\/v2\/pages\/2182\/revisions\/4236"}],"wp:attachment":[{"href":"https:\/\/museum.braasch.sh\/da\/wp-json\/wp\/v2\/media?parent=2182"}],"curies":[{"name":"wp","href":"https:\/\/api.w.org\/{rel}","templated":true}]}}