{"id":2275,"date":"2024-05-24T14:11:02","date_gmt":"2024-05-24T12:11:02","guid":{"rendered":"https:\/\/museum.sites2.itd.tools\/tafel-02\/"},"modified":"2024-11-01T22:24:54","modified_gmt":"2024-11-01T21:24:54","slug":"tafel-02","status":"publish","type":"page","link":"https:\/\/museum.braasch.sh\/da\/tafel-02\/","title":{"rendered":"02"},"content":{"rendered":"\t\t<div data-elementor-type=\"wp-page\" data-elementor-id=\"2275\" class=\"elementor elementor-2275 elementor-139\" data-elementor-post-type=\"page\">\n\t\t\t\t<div class=\"elementor-element elementor-element-ffba5b2 tafel-nav elementor-hidden-desktop e-flex e-con-boxed e-con e-parent\" data-id=\"ffba5b2\" data-element_type=\"container\" data-e-type=\"container\" data-settings=\"{&quot;background_background&quot;:&quot;classic&quot;,&quot;sticky&quot;:&quot;top&quot;,&quot;sticky_offset_mobile&quot;:58,&quot;sticky_offset&quot;:50,&quot;sticky_on&quot;:[&quot;desktop&quot;,&quot;tablet&quot;,&quot;mobile&quot;],&quot;sticky_effects_offset&quot;:0,&quot;sticky_anchor_link_offset&quot;:0}\">\n\t\t\t\t\t<div class=\"e-con-inner\">\n\t\t\t\t<div class=\"elementor-element elementor-element-b1266e5 elementor-nav-menu__align-center elementor-nav-menu--dropdown-none elementor-widget elementor-widget-nav-menu\" data-id=\"b1266e5\" data-element_type=\"widget\" data-e-type=\"widget\" data-settings=\"{&quot;layout&quot;:&quot;horizontal&quot;,&quot;submenu_icon&quot;:{&quot;value&quot;:&quot;&lt;svg aria-hidden=\\&quot;true\\&quot; class=\\&quot;e-font-icon-svg e-fas-caret-down\\&quot; viewBox=\\&quot;0 0 320 512\\&quot; xmlns=\\&quot;http:\\\/\\\/www.w3.org\\\/2000\\\/svg\\&quot;&gt;&lt;path d=\\&quot;M31.3 192h257.3c17.8 0 26.7 21.5 14.1 34.1L174.1 354.8c-7.8 7.8-20.5 7.8-28.3 0L17.2 226.1C4.6 213.5 13.5 192 31.3 192z\\&quot;&gt;&lt;\\\/path&gt;&lt;\\\/svg&gt;&quot;,&quot;library&quot;:&quot;fa-solid&quot;}}\" data-widget_type=\"nav-menu.default\">\n\t\t\t\t<div class=\"elementor-widget-container\">\n\t\t\t\t\t\t\t\t<nav aria-label=\"Men\u00fc\" class=\"elementor-nav-menu--main elementor-nav-menu__container elementor-nav-menu--layout-horizontal e--pointer-none\">\n\t\t\t\t<ul id=\"menu-1-b1266e5\" class=\"elementor-nav-menu\"><li class=\"left-tafel menu-item menu-item-type-post_type menu-item-object-page menu-item-4299\"><a href=\"https:\/\/museum.braasch.sh\/da\/tafel-01\/\" class=\"elementor-item\">01<\/a><\/li>\n<li class=\"right-tafel menu-item menu-item-type-post_type menu-item-object-page menu-item-2381\"><a href=\"https:\/\/museum.braasch.sh\/da\/tafel-03\/\" class=\"elementor-item\">03<\/a><\/li>\n<\/ul>\t\t\t<\/nav>\n\t\t\t\t\t\t<nav class=\"elementor-nav-menu--dropdown elementor-nav-menu__container\" aria-hidden=\"true\">\n\t\t\t\t<ul id=\"menu-2-b1266e5\" class=\"elementor-nav-menu\"><li class=\"left-tafel menu-item menu-item-type-post_type menu-item-object-page menu-item-4299\"><a href=\"https:\/\/museum.braasch.sh\/da\/tafel-01\/\" class=\"elementor-item\" tabindex=\"-1\">01<\/a><\/li>\n<li class=\"right-tafel menu-item menu-item-type-post_type menu-item-object-page menu-item-2381\"><a href=\"https:\/\/museum.braasch.sh\/da\/tafel-03\/\" class=\"elementor-item\" tabindex=\"-1\">03<\/a><\/li>\n<\/ul>\t\t\t<\/nav>\n\t\t\t\t\t\t<\/div>\n\t\t\t\t<\/div>\n\t\t\t\t\t<\/div>\n\t\t\t\t<\/div>\n\t\t<div class=\"elementor-element elementor-element-2f5d467 elementor-hidden-desktop e-flex e-con-boxed e-con e-parent\" data-id=\"2f5d467\" data-element_type=\"container\" data-e-type=\"container\" data-settings=\"{&quot;background_background&quot;:&quot;classic&quot;}\">\n\t\t\t\t\t<div class=\"e-con-inner\">\n\t\t\t\t<div class=\"elementor-element elementor-element-3655af7 elementor-widget elementor-widget-heading\" data-id=\"3655af7\" data-element_type=\"widget\" data-e-type=\"widget\" data-settings=\"{&quot;sticky&quot;:&quot;top&quot;,&quot;sticky_offset&quot;:116,&quot;sticky_on&quot;:[&quot;desktop&quot;,&quot;tablet&quot;,&quot;mobile&quot;],&quot;sticky_effects_offset&quot;:0,&quot;sticky_anchor_link_offset&quot;:0}\" data-widget_type=\"heading.default\">\n\t\t\t\t<div class=\"elementor-widget-container\">\n\t\t\t\t\t<h1 class=\"elementor-heading-title elementor-size-default\">02<\/h1>\t\t\t\t<\/div>\n\t\t\t\t<\/div>\n\t\t\t\t<div class=\"elementor-element elementor-element-bcdcf49 elementor-widget elementor-widget-heading\" data-id=\"bcdcf49\" data-element_type=\"widget\" data-e-type=\"widget\" data-widget_type=\"heading.default\">\n\t\t\t\t<div class=\"elementor-widget-container\">\n\t\t\t\t\t<h2 class=\"elementor-heading-title elementor-size-default\">Den hvide luksus: Sukker <\/h2>\t\t\t\t<\/div>\n\t\t\t\t<\/div>\n\t\t\t\t<div class=\"elementor-element elementor-element-a60846d elementor-widget elementor-widget-text-editor\" data-id=\"a60846d\" data-element_type=\"widget\" data-e-type=\"widget\" data-widget_type=\"text-editor.default\">\n\t\t\t\t<div class=\"elementor-widget-container\">\n\t\t\t\t\t\t\t\t\t<p>Det var f\u00f8rst i midten af det 18. \u00e5rhundrede, man opdagede, at sukkerroer indeholdt sukker. Indtil da havde sukker v\u00e6ret en importvare og et luksusgode, som var forbeholdt de velhavende. I stedet anvendtes syltet frugtsaft eller honnig til at s\u00f8de med.<\/p><p>I de varme, tropiske egne p\u00e5 kloden fandtes imidlertid sukkerr\u00f8r, som var kendt allerede langt f\u00f8r Kristi f\u00f8dsel og i forbindelse med korstogene fandt vejen til Vesteuropa.<\/p><p>Christoffer Columbus tog stiklinger af denne plante med p\u00e5 sin lange Amerikaf\u00e6rd. Han opdagede Jamaica, Cuba, Puerto Rico \u2013 og i 1493 ogs\u00e5 \u201eSanta Cruz\u201c, som senere blev til St. Croix. Klimaet her fremb\u00f8d perfekte vilk\u00e5r for dyrkning af sukkerr\u00f8r, og det varede ikke l\u00e6nge, f\u00f8r produktionen dominerede erhvervslivet p\u00e5 de tre dansk-vestindiske \u00f8er. Is\u00e6r p\u00e5 St. Croix anlagde man store sukkerr\u00f8rplantager.<\/p><p>Da sukkerr\u00f8r meget hurtigt ford\u00e6rver, n\u00e5r f\u00f8rst det er afsk\u00e5ret, var det n\u00f8dvendigt, at det blev udpresset straks efter h\u00f8sten.<\/p><p>Efter kogning fremkommer der to produkter, som er umiddelbart forbundet med hinanden: For det f\u00f8rste det krystalagtige, m\u00f8rke og klistrede r\u00f8rsukker i r\u00e5 tilstand. Det forarbejdedes i Flensborg og K\u00f8benhavn videre til kandis og fineste sukker. For det andet fremkommer der saft, som gennem tils\u00e6tning af g\u00e6r i forbindelse med en g\u00e6rings- og destillationsprocess bliver til s\u00e5k. pure rum. Denne var allerede velkendt hos beboerne i Karibien, fandt sidenhen vejen til Europa og blev af de flensborgske romfabrikanter forfinet mere og mere i \u00e5rhundredernes l\u00f8b.<\/p>\t\t\t\t\t\t\t\t<\/div>\n\t\t\t\t<\/div>\n\t\t\t\t<div class=\"elementor-element elementor-element-91a274d urania elementor-widget elementor-widget-image\" data-id=\"91a274d\" data-element_type=\"widget\" data-e-type=\"widget\" data-widget_type=\"image.default\">\n\t\t\t\t<div class=\"elementor-widget-container\">\n\t\t\t\t\t\t\t\t\t\t\t\t\t\t\t<img fetchpriority=\"high\" decoding=\"async\" width=\"800\" height=\"343\" src=\"https:\/\/museum.braasch.sh\/wp-content\/uploads\/2024\/08\/Urania_small-1024x439.jpg\" class=\"attachment-large size-large wp-image-2224\" alt=\"Segelschiff Urania\" srcset=\"https:\/\/museum.braasch.sh\/wp-content\/uploads\/2024\/08\/Urania_small-1024x439.jpg 1024w, https:\/\/museum.braasch.sh\/wp-content\/uploads\/2024\/08\/Urania_small-300x129.jpg 300w, https:\/\/museum.braasch.sh\/wp-content\/uploads\/2024\/08\/Urania_small-768x329.jpg 768w, https:\/\/museum.braasch.sh\/wp-content\/uploads\/2024\/08\/Urania_small-1536x658.jpg 1536w, https:\/\/museum.braasch.sh\/wp-content\/uploads\/2024\/08\/Urania_small-2048x878.jpg 2048w, https:\/\/museum.braasch.sh\/wp-content\/uploads\/2024\/08\/Urania_small-24x10.jpg 24w, https:\/\/museum.braasch.sh\/wp-content\/uploads\/2024\/08\/Urania_small-36x15.jpg 36w, https:\/\/museum.braasch.sh\/wp-content\/uploads\/2024\/08\/Urania_small-48x21.jpg 48w\" sizes=\"(max-width: 800px) 100vw, 800px\" \/>\t\t\t\t\t\t\t\t\t\t\t\t\t\t\t<\/div>\n\t\t\t\t<\/div>\n\t\t\t\t<div class=\"elementor-element elementor-element-cd1c413 elementor-widget elementor-widget-text-editor\" data-id=\"cd1c413\" data-element_type=\"widget\" data-e-type=\"widget\" data-widget_type=\"text-editor.default\">\n\t\t\t\t<div class=\"elementor-widget-container\">\n\t\t\t\t\t\t\t\t\t<p>If\u00f8lge en beretning ved kaptajn Asmus Brodersen medbragte han med skibet \u201eUrania\u201c fra blot \u00e9n tur \u201e272 t\u00f8nder sukker med en bruttov\u00e6gt p\u00e5 425.591 pund samt 64 fade rom og 24.000 pund mahagoni\u201c fra St. Thomas til Flensborg &#8230;<\/p>\n\t\t\t\t\t\t\t\t<\/div>\n\t\t\t\t<\/div>\n\t\t\t\t<div class=\"elementor-element elementor-element-af0f5d0 elementor-widget elementor-widget-heading\" data-id=\"af0f5d0\" data-element_type=\"widget\" data-e-type=\"widget\" data-widget_type=\"heading.default\">\n\t\t\t\t<div class=\"elementor-widget-container\">\n\t\t\t\t\t<h3 class=\"elementor-heading-title elementor-size-default\">Runkelroer <span>(lille billede til venstre)<\/span><\/h3>\t\t\t\t<\/div>\n\t\t\t\t<\/div>\n\t\t\t\t<div class=\"elementor-element elementor-element-d891612 elementor-widget elementor-widget-text-editor\" data-id=\"d891612\" data-element_type=\"widget\" data-e-type=\"widget\" data-widget_type=\"text-editor.default\">\n\t\t\t\t<div class=\"elementor-widget-container\">\n\t\t\t\t\t\t\t\t\t<p>Kemikeren Andreas Sigismund Marggraf p\u00e5viste i 1747 for f\u00f8rste gang, at der var sukkerindhold i runkelroer.<\/p>\n<p>I 1801 skabte fysio-kemikeren Franz Carl Achard basis for den industrielle sukkerproduktion. Dermed var sukkerr\u00f8rets betydning i Europa forbi. <\/p>\n\t\t\t\t\t\t\t\t<\/div>\n\t\t\t\t<\/div>\n\t\t\t\t\t<\/div>\n\t\t\t\t<\/div>\n\t\t\t\t<\/div>\n\t\t","protected":false},"excerpt":{"rendered":"<p>02 Den hvide luksus: Sukker Det var f\u00f8rst i midten af det 18. \u00e5rhundrede, man opdagede, at sukkerroer indeholdt sukker. Indtil da havde sukker v\u00e6ret en importvare og et luksusgode, som var forbeholdt de velhavende. I stedet anvendtes syltet frugtsaft eller honnig til at s\u00f8de med. I de varme, tropiske egne p\u00e5 kloden fandtes imidlertid [&hellip;]<\/p>\n","protected":false},"author":1,"featured_media":0,"parent":0,"menu_order":20,"comment_status":"closed","ping_status":"closed","template":"","meta":{"footnotes":""},"class_list":["post-2275","page","type-page","status-publish","hentry"],"_links":{"self":[{"href":"https:\/\/museum.braasch.sh\/da\/wp-json\/wp\/v2\/pages\/2275","targetHints":{"allow":["GET"]}}],"collection":[{"href":"https:\/\/museum.braasch.sh\/da\/wp-json\/wp\/v2\/pages"}],"about":[{"href":"https:\/\/museum.braasch.sh\/da\/wp-json\/wp\/v2\/types\/page"}],"author":[{"embeddable":true,"href":"https:\/\/museum.braasch.sh\/da\/wp-json\/wp\/v2\/users\/1"}],"replies":[{"embeddable":true,"href":"https:\/\/museum.braasch.sh\/da\/wp-json\/wp\/v2\/comments?post=2275"}],"version-history":[{"count":29,"href":"https:\/\/museum.braasch.sh\/da\/wp-json\/wp\/v2\/pages\/2275\/revisions"}],"predecessor-version":[{"id":4239,"href":"https:\/\/museum.braasch.sh\/da\/wp-json\/wp\/v2\/pages\/2275\/revisions\/4239"}],"wp:attachment":[{"href":"https:\/\/museum.braasch.sh\/da\/wp-json\/wp\/v2\/media?parent=2275"}],"curies":[{"name":"wp","href":"https:\/\/api.w.org\/{rel}","templated":true}]}}