{"id":2290,"date":"2024-05-28T12:17:17","date_gmt":"2024-05-28T10:17:17","guid":{"rendered":"https:\/\/museum.sites2.itd.tools\/tafel-03\/"},"modified":"2024-11-01T22:25:19","modified_gmt":"2024-11-01T21:25:19","slug":"tafel-03","status":"publish","type":"page","link":"https:\/\/museum.braasch.sh\/da\/tafel-03\/","title":{"rendered":"03"},"content":{"rendered":"\t\t<div data-elementor-type=\"wp-page\" data-elementor-id=\"2290\" class=\"elementor elementor-2290 elementor-375\" data-elementor-post-type=\"page\">\n\t\t\t\t<div class=\"elementor-element elementor-element-a0e87a9 tafel-nav elementor-hidden-desktop e-flex e-con-boxed e-con e-parent\" data-id=\"a0e87a9\" data-element_type=\"container\" data-e-type=\"container\" data-settings=\"{&quot;background_background&quot;:&quot;classic&quot;,&quot;sticky&quot;:&quot;top&quot;,&quot;sticky_offset_mobile&quot;:58,&quot;sticky_offset&quot;:50,&quot;sticky_on&quot;:[&quot;desktop&quot;,&quot;tablet&quot;,&quot;mobile&quot;],&quot;sticky_effects_offset&quot;:0,&quot;sticky_anchor_link_offset&quot;:0}\">\n\t\t\t\t\t<div class=\"e-con-inner\">\n\t\t\t\t<div class=\"elementor-element elementor-element-7eb1e8f elementor-nav-menu__align-center elementor-nav-menu--dropdown-none elementor-widget elementor-widget-nav-menu\" data-id=\"7eb1e8f\" data-element_type=\"widget\" data-e-type=\"widget\" data-settings=\"{&quot;layout&quot;:&quot;horizontal&quot;,&quot;submenu_icon&quot;:{&quot;value&quot;:&quot;&lt;svg aria-hidden=\\&quot;true\\&quot; class=\\&quot;e-font-icon-svg e-fas-caret-down\\&quot; viewBox=\\&quot;0 0 320 512\\&quot; xmlns=\\&quot;http:\\\/\\\/www.w3.org\\\/2000\\\/svg\\&quot;&gt;&lt;path d=\\&quot;M31.3 192h257.3c17.8 0 26.7 21.5 14.1 34.1L174.1 354.8c-7.8 7.8-20.5 7.8-28.3 0L17.2 226.1C4.6 213.5 13.5 192 31.3 192z\\&quot;&gt;&lt;\\\/path&gt;&lt;\\\/svg&gt;&quot;,&quot;library&quot;:&quot;fa-solid&quot;}}\" data-widget_type=\"nav-menu.default\">\n\t\t\t\t<div class=\"elementor-widget-container\">\n\t\t\t\t\t\t\t\t<nav aria-label=\"Men\u00fc\" class=\"elementor-nav-menu--main elementor-nav-menu__container elementor-nav-menu--layout-horizontal e--pointer-none\">\n\t\t\t\t<ul id=\"menu-1-7eb1e8f\" class=\"elementor-nav-menu\"><li class=\"left-tafel menu-item menu-item-type-post_type menu-item-object-page menu-item-2368\"><a href=\"https:\/\/museum.braasch.sh\/da\/tafel-02\/\" class=\"elementor-item\">02<\/a><\/li>\n<li class=\"right-tafel menu-item menu-item-type-post_type menu-item-object-page menu-item-1942\"><a href=\"https:\/\/museum.braasch.sh\/da\/tafel-04\/\" class=\"elementor-item\">04<\/a><\/li>\n<\/ul>\t\t\t<\/nav>\n\t\t\t\t\t\t<nav class=\"elementor-nav-menu--dropdown elementor-nav-menu__container\" aria-hidden=\"true\">\n\t\t\t\t<ul id=\"menu-2-7eb1e8f\" class=\"elementor-nav-menu\"><li class=\"left-tafel menu-item menu-item-type-post_type menu-item-object-page menu-item-2368\"><a href=\"https:\/\/museum.braasch.sh\/da\/tafel-02\/\" class=\"elementor-item\" tabindex=\"-1\">02<\/a><\/li>\n<li class=\"right-tafel menu-item menu-item-type-post_type menu-item-object-page menu-item-1942\"><a href=\"https:\/\/museum.braasch.sh\/da\/tafel-04\/\" class=\"elementor-item\" tabindex=\"-1\">04<\/a><\/li>\n<\/ul>\t\t\t<\/nav>\n\t\t\t\t\t\t<\/div>\n\t\t\t\t<\/div>\n\t\t\t\t\t<\/div>\n\t\t\t\t<\/div>\n\t\t<div class=\"elementor-element elementor-element-80cf180 elementor-hidden-desktop e-flex e-con-boxed e-con e-parent\" data-id=\"80cf180\" data-element_type=\"container\" data-e-type=\"container\" data-settings=\"{&quot;background_background&quot;:&quot;classic&quot;}\">\n\t\t\t\t\t<div class=\"e-con-inner\">\n\t\t\t\t<div class=\"elementor-element elementor-element-5bd1805 elementor-widget elementor-widget-heading\" data-id=\"5bd1805\" data-element_type=\"widget\" data-e-type=\"widget\" data-settings=\"{&quot;sticky&quot;:&quot;top&quot;,&quot;sticky_offset&quot;:116,&quot;sticky_on&quot;:[&quot;desktop&quot;,&quot;tablet&quot;,&quot;mobile&quot;],&quot;sticky_effects_offset&quot;:0,&quot;sticky_anchor_link_offset&quot;:0}\" data-widget_type=\"heading.default\">\n\t\t\t\t<div class=\"elementor-widget-container\">\n\t\t\t\t\t<h1 class=\"elementor-heading-title elementor-size-default\">03<\/h1>\t\t\t\t<\/div>\n\t\t\t\t<\/div>\n\t\t\t\t<div class=\"elementor-element elementor-element-f7c2eeb elementor-widget elementor-widget-heading\" data-id=\"f7c2eeb\" data-element_type=\"widget\" data-e-type=\"widget\" data-widget_type=\"heading.default\">\n\t\t\t\t<div class=\"elementor-widget-container\">\n\t\t\t\t\t<h2 class=\"elementor-heading-title elementor-size-default\">Tre sm\u00e5 \u00d8er<\/h2>\t\t\t\t<\/div>\n\t\t\t\t<\/div>\n\t\t\t\t<div class=\"elementor-element elementor-element-ea40c88 elementor-widget elementor-widget-text-editor\" data-id=\"ea40c88\" data-element_type=\"widget\" data-e-type=\"widget\" data-widget_type=\"text-editor.default\">\n\t\t\t\t<div class=\"elementor-widget-container\">\n\t\t\t\t\t\t\t\t\t<p>I 1493 opdagede Columbus i f\u00f8rste omgang den st\u00f8rste af de tre \u00f8er og kaldte den \u201eSanta Cruz\u201c. 70 km derfra st\u00f8dte han p\u00e5 to yderligere \u00f8er, alts\u00e5 en lille \u00f8gruppe, som han p. g. a. dens sk\u00f8nhed gav navnet \u201eLas V\u00edrgenes\u201c, \u201eJomfru\u00f8erne\u201c.<\/p><p>P\u00e5 St. Croix var der i den efterf\u00f8lgende tid bos\u00e6ttelsesfors\u00f8g ved en lang r\u00e6kke store opdagelsesnationer: Efter engl\u00e6ndere, holl\u00e6ndere, spaniere, franskm\u00e6nd og maltesere var det i 1733 Danmark, der k\u00f8bte St. Croix. P\u00e5 St. Thomas gik Dannebrog til tops allerede i 1672 \u2013 og f\u00f8rst senere begyndte folk ogs\u00e5 at bos\u00e6tte sig p\u00e5 St. Jan.<\/p><p>Omkring fra slutningen af det 17. \u00e5rhundrede udstationerede \u201eVestindisk-Guineisk Kompagni\u201c i K\u00f8benhavn flere og flere kolonister, som etablerede sukkerr\u00f8rplantager \u2013 f\u00f8rst p\u00e5 St. Thomas og sidenhen p\u00e5 alle tre \u00f8er. Handelen med sukker og rom var en blomstrende forretning. Alene p\u00e5 St. Croix fandtes der n\u00e6sten 200 sukkerr\u00f8rm\u00f8ller. Mange flensborgske handelsfamilier havde fra 1755 handelskontorer p\u00e5 \u00f8erne.<\/p><p>Da sukkerroerne begyndte at blive mere udbredte, mistede r\u00f8rsukkeret en del af sin betydning i Europa, og handelsaktiviteterne med \u00f8erne gik tilbage. For Flensborgs vedkommende stoppede de meget brat i 1864: Efter den dansk-tyske krig og slaget ved Dybb\u00f8l h\u00f8rte Flensborg og Nordslesvig (S\u00f8nderjylland) ikke mere til Danmark, men til Pr\u00f8jsen.<\/p><p>I 1917 solgte Danmark \u00f8erne til Amerika, for hvem de var af strategisk betydning. Prisen var 25 millioner dollars, og fra nu af hed \u00f8erne \u201eU.S. Virgin Islands\u201c. De er den dag i dag et frihandelsomr\u00e5de plus at de atter er blevet en vigtig destination for skibe \u2013 n\u00e6rmere betegnet krydstogtskibe &#8230;<\/p>\t\t\t\t\t\t\t\t<\/div>\n\t\t\t\t<\/div>\n\t\t\t\t<div class=\"elementor-element elementor-element-e570275 urania elementor-widget elementor-widget-image\" data-id=\"e570275\" data-element_type=\"widget\" data-e-type=\"widget\" data-widget_type=\"image.default\">\n\t\t\t\t<div class=\"elementor-widget-container\">\n\t\t\t\t\t\t\t\t\t\t\t\t\t\t\t<img fetchpriority=\"high\" decoding=\"async\" width=\"800\" height=\"343\" src=\"https:\/\/museum.braasch.sh\/wp-content\/uploads\/2024\/08\/Urania_small-1024x439.jpg\" class=\"attachment-large size-large wp-image-2224\" alt=\"Segelschiff Urania\" srcset=\"https:\/\/museum.braasch.sh\/wp-content\/uploads\/2024\/08\/Urania_small-1024x439.jpg 1024w, https:\/\/museum.braasch.sh\/wp-content\/uploads\/2024\/08\/Urania_small-300x129.jpg 300w, https:\/\/museum.braasch.sh\/wp-content\/uploads\/2024\/08\/Urania_small-768x329.jpg 768w, https:\/\/museum.braasch.sh\/wp-content\/uploads\/2024\/08\/Urania_small-1536x658.jpg 1536w, https:\/\/museum.braasch.sh\/wp-content\/uploads\/2024\/08\/Urania_small-2048x878.jpg 2048w, https:\/\/museum.braasch.sh\/wp-content\/uploads\/2024\/08\/Urania_small-24x10.jpg 24w, https:\/\/museum.braasch.sh\/wp-content\/uploads\/2024\/08\/Urania_small-36x15.jpg 36w, https:\/\/museum.braasch.sh\/wp-content\/uploads\/2024\/08\/Urania_small-48x21.jpg 48w\" sizes=\"(max-width: 800px) 100vw, 800px\" \/>\t\t\t\t\t\t\t\t\t\t\t\t\t\t\t<\/div>\n\t\t\t\t<\/div>\n\t\t\t\t<div class=\"elementor-element elementor-element-2dddf7d elementor-widget elementor-widget-text-editor\" data-id=\"2dddf7d\" data-element_type=\"widget\" data-e-type=\"widget\" data-widget_type=\"text-editor.default\">\n\t\t\t\t<div class=\"elementor-widget-container\">\n\t\t\t\t\t\t\t\t\t<p>Asmus, hans s\u00f8n Nis (billedet) og dennes bror Behrend var kaptajner og rederiejere p\u00e5 fregatten \u201eUrania\u201c. Med dette skib og 14 mand bes\u00e6tning sejlede de i alt 25 gange til Vestindien mellem 1828 og 1859. P\u00e5 St. Croix etablerede familien egen handelsvirksomhed, og i 1853 fik Nis Brodersen udstedt sit s\u00e5k. borgerbrev som handlende p\u00e5 St. Croix.<\/p>\t\t\t\t\t\t\t\t<\/div>\n\t\t\t\t<\/div>\n\t\t\t\t<div class=\"elementor-element elementor-element-9910133 elementor-widget elementor-widget-heading\" data-id=\"9910133\" data-element_type=\"widget\" data-e-type=\"widget\" data-widget_type=\"heading.default\">\n\t\t\t\t<div class=\"elementor-widget-container\">\n\t\t\t\t\t<h3 class=\"elementor-heading-title elementor-size-default\">Dansk Vestindien (lille kort til venstre)<\/h3>\t\t\t\t<\/div>\n\t\t\t\t<\/div>\n\t\t\t\t<div class=\"elementor-element elementor-element-2fdd6d3 elementor-widget elementor-widget-text-editor\" data-id=\"2fdd6d3\" data-element_type=\"widget\" data-e-type=\"widget\" data-widget_type=\"text-editor.default\">\n\t\t\t\t<div class=\"elementor-widget-container\">\n\t\t\t\t\t\t\t\t\t<p>\u00d8gruppe h\u00f8rende til de Sm\u00e5 Antiller i det Karibiske Hav, \u00f8st for Puerto Rico, solgt i 1917, siden da \u201eU.S. Virgin Islands\u201c.<\/p><ul><li><b>Afstand fra Flensborg:<\/b><br \/>ca. 6.000 mil | 9.656 km<\/li><li><b>Rejse med skib anno 1755: <\/b><br \/>3 m\u00e5neder<\/li><li><b>Med fly nu om dage:<\/b><br \/>24 timer<\/li><\/ul><p><strong>St. Thomas<\/strong><br \/>ca. 90 km\u00b2 og dermed omtrent p\u00e5 st\u00f8rrelse med nords\u00f8\u00f8en F\u00f6hr<\/p><p><strong>St. Jan<\/strong><br \/>fra 1917 \u201eSt. John\u201c, ca. 50 km\u00b2 og dermed omtrent p\u00e5 st\u00f8rrelse med R\u00f8m\u00f8<\/p><p><strong>St. Croix<\/strong><br \/>ca. 213 km\u00b2 og dermed en smule st\u00f8rre end \u00d8sters\u00f8\u00f8en Femern (\u00d8stholst\u00e9n)<\/p>\t\t\t\t\t\t\t\t<\/div>\n\t\t\t\t<\/div>\n\t\t\t\t\t<\/div>\n\t\t\t\t<\/div>\n\t\t\t\t<\/div>\n\t\t","protected":false},"excerpt":{"rendered":"<p>03 Tre sm\u00e5 \u00d8er I 1493 opdagede Columbus i f\u00f8rste omgang den st\u00f8rste af de tre \u00f8er og kaldte den \u201eSanta Cruz\u201c. 70 km derfra st\u00f8dte han p\u00e5 to yderligere \u00f8er, alts\u00e5 en lille \u00f8gruppe, som han p. g. a. dens sk\u00f8nhed gav navnet \u201eLas V\u00edrgenes\u201c, \u201eJomfru\u00f8erne\u201c. P\u00e5 St. Croix var der i den efterf\u00f8lgende [&hellip;]<\/p>\n","protected":false},"author":1,"featured_media":0,"parent":0,"menu_order":30,"comment_status":"closed","ping_status":"closed","template":"","meta":{"footnotes":""},"class_list":["post-2290","page","type-page","status-publish","hentry"],"_links":{"self":[{"href":"https:\/\/museum.braasch.sh\/da\/wp-json\/wp\/v2\/pages\/2290","targetHints":{"allow":["GET"]}}],"collection":[{"href":"https:\/\/museum.braasch.sh\/da\/wp-json\/wp\/v2\/pages"}],"about":[{"href":"https:\/\/museum.braasch.sh\/da\/wp-json\/wp\/v2\/types\/page"}],"author":[{"embeddable":true,"href":"https:\/\/museum.braasch.sh\/da\/wp-json\/wp\/v2\/users\/1"}],"replies":[{"embeddable":true,"href":"https:\/\/museum.braasch.sh\/da\/wp-json\/wp\/v2\/comments?post=2290"}],"version-history":[{"count":55,"href":"https:\/\/museum.braasch.sh\/da\/wp-json\/wp\/v2\/pages\/2290\/revisions"}],"predecessor-version":[{"id":4242,"href":"https:\/\/museum.braasch.sh\/da\/wp-json\/wp\/v2\/pages\/2290\/revisions\/4242"}],"wp:attachment":[{"href":"https:\/\/museum.braasch.sh\/da\/wp-json\/wp\/v2\/media?parent=2290"}],"curies":[{"name":"wp","href":"https:\/\/api.w.org\/{rel}","templated":true}]}}