{"id":4582,"date":"2024-05-27T22:36:13","date_gmt":"2024-05-27T20:36:13","guid":{"rendered":"https:\/\/museum.braasch.sh\/impressum\/"},"modified":"2024-11-08T12:02:33","modified_gmt":"2024-11-08T11:02:33","slug":"imprint","status":"publish","type":"page","link":"https:\/\/museum.braasch.sh\/da\/imprint\/","title":{"rendered":"Imprint"},"content":{"rendered":"<h1>Impressum<\/h1>\n<p><b>Braasch Flensburg oHG<br \/>\n<\/b><b>Wein- und Rumhaus<\/b><\/p>\n<p>Gesch\u00e4ftsf\u00fchrende Gesellschafter:<\/p>\n<p>Walter Braasch<br \/>\nKarsten W. Braasch<\/p>\n<p>Rote Stra\u00dfe 26 &#8211; 28<br \/>\n24937 Flensburg<\/p>\n<p>Telefon:\u00a0<a href=\"tel:+49 (0)461 14 16 00\">+49 (0)461 14 16 00<\/a><br \/>\nFax:\u00a0<a href=\"tel:+49 (0)461 14 16 013\">+49 (0)461 14 16 013<\/a><br \/>\n<a href=\"m&#97;&#x69;&#x6c;&#x74;o&#58;&#x77;&#x65;&#x69;n&#45;&#x72;&#x75;&#x6d;&#64;&#98;&#x72;&#x61;&#x61;s&#99;&#x68;&#x2e;&#x73;h\">we&#105;&#110;&#x2d;&#x72;&#x75;&#x6d;&#64;b&#114;&#97;&#x61;&#x73;&#x63;&#x68;&#46;s&#104;<\/a><\/p>\n<p>Registergericht AG Flensburg<br \/>\nHRA 9594 FL<br \/>\nUst-Ident-Nr. DE319617996<\/p>\n<p><strong>Verantwortlich f\u00fcr die Inhalte:<\/strong><br \/>\nWalter Braasch, Karsten W. Braasch<\/p>\n<p><strong>Informationen zur Online-Streitbeilegung:<br \/>\n<\/strong>Online-Streitbeilegung gem\u00e4\u00df Art. 14 Abs. 1 ODR-VO: Die Europ\u00e4ische Kommission stellt eine Plattform zur Online-Streitbeilegung (OS) bereit, die Sie unter\u00a0<a href=\"http:\/\/ec.europa.eu\/consumers\/odr\/\">http:\/\/ec.europa.eu\/consumers\/odr\/<\/a>\u00a0finden.<\/p>\n<p>&nbsp;<\/p>\n","protected":false},"excerpt":{"rendered":"<p>Impressum Braasch Flensburg oHG Wein- und Rumhaus Gesch\u00e4ftsf\u00fchrende Gesellschafter: Walter Braasch Karsten W. Braasch Rote Stra\u00dfe 26 &#8211; 28 24937 Flensburg Telefon:\u00a0+49 (0)461 14 16 00 Fax:\u00a0+49 (0)461 14 16 013 &#x77;&#101;&#x69;&#x6e;&#45;&#x72;&#x75;&#109;&#x40;&#x62;&#114;&#x61;&#x61;s&#x63;&#x68;&#46;&#x73;&#104; Registergericht AG Flensburg HRA 9594 FL Ust-Ident-Nr. DE319617996 Verantwortlich f\u00fcr die Inhalte: Walter Braasch, Karsten W. Braasch Informationen zur Online-Streitbeilegung: Online-Streitbeilegung gem\u00e4\u00df Art. [&hellip;]<\/p>\n","protected":false},"author":1,"featured_media":0,"parent":0,"menu_order":510,"comment_status":"closed","ping_status":"closed","template":"","meta":{"footnotes":""},"class_list":["post-4582","page","type-page","status-publish","hentry"],"_links":{"self":[{"href":"https:\/\/museum.braasch.sh\/da\/wp-json\/wp\/v2\/pages\/4582","targetHints":{"allow":["GET"]}}],"collection":[{"href":"https:\/\/museum.braasch.sh\/da\/wp-json\/wp\/v2\/pages"}],"about":[{"href":"https:\/\/museum.braasch.sh\/da\/wp-json\/wp\/v2\/types\/page"}],"author":[{"embeddable":true,"href":"https:\/\/museum.braasch.sh\/da\/wp-json\/wp\/v2\/users\/1"}],"replies":[{"embeddable":true,"href":"https:\/\/museum.braasch.sh\/da\/wp-json\/wp\/v2\/comments?post=4582"}],"version-history":[{"count":2,"href":"https:\/\/museum.braasch.sh\/da\/wp-json\/wp\/v2\/pages\/4582\/revisions"}],"predecessor-version":[{"id":4600,"href":"https:\/\/museum.braasch.sh\/da\/wp-json\/wp\/v2\/pages\/4582\/revisions\/4600"}],"wp:attachment":[{"href":"https:\/\/museum.braasch.sh\/da\/wp-json\/wp\/v2\/media?parent=4582"}],"curies":[{"name":"wp","href":"https:\/\/api.w.org\/{rel}","templated":true}]}}