{"id":3398,"date":"2024-08-06T08:14:17","date_gmt":"2024-08-06T06:14:17","guid":{"rendered":"https:\/\/museum.sites2.itd.tools\/start\/"},"modified":"2024-11-15T10:50:50","modified_gmt":"2024-11-15T09:50:50","slug":"languages","status":"publish","type":"page","link":"https:\/\/museum.braasch.sh\/en\/","title":{"rendered":"Languages"},"content":{"rendered":"\t\t<div data-elementor-type=\"wp-page\" data-elementor-id=\"3398\" class=\"elementor elementor-3398 elementor-2575\" data-elementor-post-type=\"page\">\n\t\t\t\t<div class=\"elementor-element elementor-element-aa9c947 elementor-hidden-desktop e-flex e-con-boxed e-con e-parent\" data-id=\"aa9c947\" data-element_type=\"container\" data-e-type=\"container\">\n\t\t\t\t\t<div class=\"e-con-inner\">\n\t\t\t\t<div class=\"elementor-element elementor-element-cc20764 elementor-widget elementor-widget-image\" data-id=\"cc20764\" data-element_type=\"widget\" data-e-type=\"widget\" data-widget_type=\"image.default\">\n\t\t\t\t<div class=\"elementor-widget-container\">\n\t\t\t\t\t\t\t\t\t\t\t\t\t\t\t<img fetchpriority=\"high\" decoding=\"async\" width=\"1200\" height=\"452\" src=\"https:\/\/museum.braasch.sh\/wp-content\/uploads\/2024\/08\/startcollage_s-1.jpg\" class=\"attachment-full size-full wp-image-3912\" alt=\"Braasch Flensburg - Eingang Rum-Museum\" srcset=\"https:\/\/museum.braasch.sh\/wp-content\/uploads\/2024\/08\/startcollage_s-1.jpg 1200w, https:\/\/museum.braasch.sh\/wp-content\/uploads\/2024\/08\/startcollage_s-1-300x113.jpg 300w, https:\/\/museum.braasch.sh\/wp-content\/uploads\/2024\/08\/startcollage_s-1-1024x386.jpg 1024w, https:\/\/museum.braasch.sh\/wp-content\/uploads\/2024\/08\/startcollage_s-1-768x289.jpg 768w\" sizes=\"(max-width: 1200px) 100vw, 1200px\" \/>\t\t\t\t\t\t\t\t\t\t\t\t\t\t\t<\/div>\n\t\t\t\t<\/div>\n\t\t\t\t<div class=\"elementor-element elementor-element-bc0dd0e elementor-widget elementor-widget-heading\" data-id=\"bc0dd0e\" data-element_type=\"widget\" data-e-type=\"widget\" data-widget_type=\"heading.default\">\n\t\t\t\t<div class=\"elementor-widget-container\">\n\t\t\t\t\t<h2 class=\"elementor-heading-title elementor-size-default\">Velkommen.<\/h2>\t\t\t\t<\/div>\n\t\t\t\t<\/div>\n\t\t\t\t<div class=\"elementor-element elementor-element-625ecc2 elementor-widget elementor-widget-text-editor\" data-id=\"625ecc2\" data-element_type=\"widget\" data-e-type=\"widget\" data-widget_type=\"text-editor.default\">\n\t\t\t\t<div class=\"elementor-widget-container\">\n\t\t\t\t\t\t\t\t\t<p>V\u00e6lg dit sprog<\/p>\t\t\t\t\t\t\t\t<\/div>\n\t\t\t\t<\/div>\n\t\t\t\t<div class=\"elementor-element elementor-element-4a9fa2a elementor-widget elementor-widget-heading\" data-id=\"4a9fa2a\" data-element_type=\"widget\" data-e-type=\"widget\" data-widget_type=\"heading.default\">\n\t\t\t\t<div class=\"elementor-widget-container\">\n\t\t\t\t\t<h2 class=\"elementor-heading-title elementor-size-default\">Welcome.<\/h2>\t\t\t\t<\/div>\n\t\t\t\t<\/div>\n\t\t\t\t<div class=\"elementor-element elementor-element-3f3e915 elementor-widget elementor-widget-text-editor\" data-id=\"3f3e915\" data-element_type=\"widget\" data-e-type=\"widget\" data-widget_type=\"text-editor.default\">\n\t\t\t\t<div class=\"elementor-widget-container\">\n\t\t\t\t\t\t\t\t\t<p>Please choose your language<\/p>\t\t\t\t\t\t\t\t<\/div>\n\t\t\t\t<\/div>\n\t\t\t\t<div class=\"elementor-element elementor-element-1b70c83 elementor-widget elementor-widget-heading\" data-id=\"1b70c83\" data-element_type=\"widget\" data-e-type=\"widget\" data-widget_type=\"heading.default\">\n\t\t\t\t<div class=\"elementor-widget-container\">\n\t\t\t\t\t<h2 class=\"elementor-heading-title elementor-size-default\">V\u00e4lkommen.<\/h2>\t\t\t\t<\/div>\n\t\t\t\t<\/div>\n\t\t\t\t<div class=\"elementor-element elementor-element-9845b00 elementor-widget elementor-widget-text-editor\" data-id=\"9845b00\" data-element_type=\"widget\" data-e-type=\"widget\" data-widget_type=\"text-editor.default\">\n\t\t\t\t<div class=\"elementor-widget-container\">\n\t\t\t\t\t\t\t\t\t<p>V\u00e4lj ditt spr\u00e5k<\/p>\t\t\t\t\t\t\t\t<\/div>\n\t\t\t\t<\/div>\n\t\t\t\t<div class=\"elementor-element elementor-element-72a56ac elementor-nav-menu__align-center elementor-nav-menu--dropdown-none elementor-widget elementor-widget-nav-menu\" data-id=\"72a56ac\" data-element_type=\"widget\" data-e-type=\"widget\" data-settings=\"{&quot;layout&quot;:&quot;horizontal&quot;,&quot;submenu_icon&quot;:{&quot;value&quot;:&quot;&lt;svg aria-hidden=\\&quot;true\\&quot; class=\\&quot;e-font-icon-svg e-fas-caret-down\\&quot; viewBox=\\&quot;0 0 320 512\\&quot; xmlns=\\&quot;http:\\\/\\\/www.w3.org\\\/2000\\\/svg\\&quot;&gt;&lt;path d=\\&quot;M31.3 192h257.3c17.8 0 26.7 21.5 14.1 34.1L174.1 354.8c-7.8 7.8-20.5 7.8-28.3 0L17.2 226.1C4.6 213.5 13.5 192 31.3 192z\\&quot;&gt;&lt;\\\/path&gt;&lt;\\\/svg&gt;&quot;,&quot;library&quot;:&quot;fa-solid&quot;}}\" data-widget_type=\"nav-menu.default\">\n\t\t\t\t<div class=\"elementor-widget-container\">\n\t\t\t\t\t\t\t\t<nav aria-label=\"Men\u00fc\" class=\"elementor-nav-menu--main elementor-nav-menu__container elementor-nav-menu--layout-horizontal e--pointer-none\">\n\t\t\t\t<ul id=\"menu-1-72a56ac\" class=\"elementor-nav-menu\"><li class=\"menu-item wpml-ls-slot-11 wpml-ls-item wpml-ls-item-de wpml-ls-menu-item wpml-ls-first-item menu-item-type-wpml_ls_menu_item menu-item-object-wpml_ls_menu_item menu-item-wpml-ls-11-de\"><a href=\"https:\/\/museum.braasch.sh\/?switch_language=de\" title=\"Switch to German\" aria-label=\"Switch to German\" class=\"elementor-item\"><img decoding=\"async\"\n            class=\"wpml-ls-flag\"\n            src=\"https:\/\/museum.braasch.sh\/wp-content\/plugins\/sitepress-multilingual-cms\/res\/flags\/de.svg\"\n            alt=\"German\"\n            loading=\"lazy\"\n            width=45\n            height=45\n    \/><\/a><\/li>\n<li class=\"menu-item wpml-ls-slot-11 wpml-ls-item wpml-ls-item-da wpml-ls-menu-item menu-item-type-wpml_ls_menu_item menu-item-object-wpml_ls_menu_item menu-item-wpml-ls-11-da\"><a href=\"https:\/\/museum.braasch.sh\/da\/?switch_language=da\" title=\"Switch to Danish\" aria-label=\"Switch to Danish\" class=\"elementor-item\"><img decoding=\"async\"\n            class=\"wpml-ls-flag\"\n            src=\"https:\/\/museum.braasch.sh\/wp-content\/uploads\/flags\/Daenemark_frei.png\"\n            alt=\"Danish\"\n            loading=\"lazy\"\n            width=45\n            height=45\n    \/><\/a><\/li>\n<li class=\"menu-item wpml-ls-slot-11 wpml-ls-item wpml-ls-item-en wpml-ls-current-language wpml-ls-menu-item menu-item-type-wpml_ls_menu_item menu-item-object-wpml_ls_menu_item menu-item-wpml-ls-11-en\"><a href=\"https:\/\/museum.braasch.sh\/en\/?switch_language=en\" aria-current=\"page\" class=\"elementor-item\"><img decoding=\"async\"\n            class=\"wpml-ls-flag\"\n            src=\"https:\/\/museum.braasch.sh\/wp-content\/uploads\/flags\/England_frei.png\"\n            alt=\"English\"\n            loading=\"lazy\"\n            width=45\n            height=45\n    \/><\/a><\/li>\n<li class=\"menu-item wpml-ls-slot-11 wpml-ls-item wpml-ls-item-sv wpml-ls-menu-item wpml-ls-last-item menu-item-type-wpml_ls_menu_item menu-item-object-wpml_ls_menu_item menu-item-wpml-ls-11-sv\"><a href=\"https:\/\/museum.braasch.sh\/sv\/?switch_language=sv\" title=\"Switch to Swedish\" aria-label=\"Switch to Swedish\" class=\"elementor-item\"><img decoding=\"async\"\n            class=\"wpml-ls-flag\"\n            src=\"https:\/\/museum.braasch.sh\/wp-content\/uploads\/flags\/Schweden_frei.png\"\n            alt=\"Swedish\"\n            loading=\"lazy\"\n            width=45\n            height=45\n    \/><\/a><\/li>\n<\/ul>\t\t\t<\/nav>\n\t\t\t\t\t\t<nav class=\"elementor-nav-menu--dropdown elementor-nav-menu__container\" aria-hidden=\"true\">\n\t\t\t\t<ul id=\"menu-2-72a56ac\" class=\"elementor-nav-menu\"><li class=\"menu-item wpml-ls-slot-11 wpml-ls-item wpml-ls-item-de wpml-ls-menu-item wpml-ls-first-item menu-item-type-wpml_ls_menu_item menu-item-object-wpml_ls_menu_item menu-item-wpml-ls-11-de\"><a href=\"https:\/\/museum.braasch.sh\/?switch_language=de\" title=\"Switch to German\" aria-label=\"Switch to German\" class=\"elementor-item\" tabindex=\"-1\"><img decoding=\"async\"\n            class=\"wpml-ls-flag\"\n            src=\"https:\/\/museum.braasch.sh\/wp-content\/plugins\/sitepress-multilingual-cms\/res\/flags\/de.svg\"\n            alt=\"German\"\n            loading=\"lazy\"\n            width=45\n            height=45\n    \/><\/a><\/li>\n<li class=\"menu-item wpml-ls-slot-11 wpml-ls-item wpml-ls-item-da wpml-ls-menu-item menu-item-type-wpml_ls_menu_item menu-item-object-wpml_ls_menu_item menu-item-wpml-ls-11-da\"><a href=\"https:\/\/museum.braasch.sh\/da\/?switch_language=da\" title=\"Switch to Danish\" aria-label=\"Switch to Danish\" class=\"elementor-item\" tabindex=\"-1\"><img decoding=\"async\"\n            class=\"wpml-ls-flag\"\n            src=\"https:\/\/museum.braasch.sh\/wp-content\/uploads\/flags\/Daenemark_frei.png\"\n            alt=\"Danish\"\n            loading=\"lazy\"\n            width=45\n            height=45\n    \/><\/a><\/li>\n<li class=\"menu-item wpml-ls-slot-11 wpml-ls-item wpml-ls-item-en wpml-ls-current-language wpml-ls-menu-item menu-item-type-wpml_ls_menu_item menu-item-object-wpml_ls_menu_item menu-item-wpml-ls-11-en\"><a href=\"https:\/\/museum.braasch.sh\/en\/?switch_language=en\" aria-current=\"page\" class=\"elementor-item\" tabindex=\"-1\"><img decoding=\"async\"\n            class=\"wpml-ls-flag\"\n            src=\"https:\/\/museum.braasch.sh\/wp-content\/uploads\/flags\/England_frei.png\"\n            alt=\"English\"\n            loading=\"lazy\"\n            width=45\n            height=45\n    \/><\/a><\/li>\n<li class=\"menu-item wpml-ls-slot-11 wpml-ls-item wpml-ls-item-sv wpml-ls-menu-item wpml-ls-last-item menu-item-type-wpml_ls_menu_item menu-item-object-wpml_ls_menu_item menu-item-wpml-ls-11-sv\"><a href=\"https:\/\/museum.braasch.sh\/sv\/?switch_language=sv\" title=\"Switch to Swedish\" aria-label=\"Switch to Swedish\" class=\"elementor-item\" tabindex=\"-1\"><img decoding=\"async\"\n            class=\"wpml-ls-flag\"\n            src=\"https:\/\/museum.braasch.sh\/wp-content\/uploads\/flags\/Schweden_frei.png\"\n            alt=\"Swedish\"\n            loading=\"lazy\"\n            width=45\n            height=45\n    \/><\/a><\/li>\n<\/ul>\t\t\t<\/nav>\n\t\t\t\t\t\t<\/div>\n\t\t\t\t<\/div>\n\t\t\t\t\t<\/div>\n\t\t\t\t<\/div>\n\t\t<div class=\"elementor-element elementor-element-bd82e48 elementor-hidden-desktop elementor-hidden-tablet elementor-hidden-mobile e-flex e-con-boxed e-con e-parent\" data-id=\"bd82e48\" data-element_type=\"container\" data-e-type=\"container\">\n\t\t\t\t\t<div class=\"e-con-inner\">\n\t\t<div class=\"elementor-element elementor-element-d2db08f e-con-full e-flex e-con e-child\" data-id=\"d2db08f\" data-element_type=\"container\" data-e-type=\"container\">\n\t\t\t\t<div class=\"elementor-element elementor-element-0f9750c elementor-widget elementor-widget-image\" data-id=\"0f9750c\" data-element_type=\"widget\" data-e-type=\"widget\" data-widget_type=\"image.default\">\n\t\t\t\t<div class=\"elementor-widget-container\">\n\t\t\t\t\t\t\t\t\t\t\t\t\t\t\t\t<a href=\"\/da\/tafel-01\/\">\n\t\t\t\t\t\t\t<img decoding=\"async\" width=\"418\" height=\"418\" src=\"https:\/\/museum.braasch.sh\/wp-content\/uploads\/2024\/08\/Daenemark_frei-1.png\" class=\"attachment-large size-large wp-image-2690\" alt=\"\" srcset=\"https:\/\/museum.braasch.sh\/wp-content\/uploads\/2024\/08\/Daenemark_frei-1.png 418w, https:\/\/museum.braasch.sh\/wp-content\/uploads\/2024\/08\/Daenemark_frei-1-300x300.png 300w, https:\/\/museum.braasch.sh\/wp-content\/uploads\/2024\/08\/Daenemark_frei-1-150x150.png 150w\" sizes=\"(max-width: 418px) 100vw, 418px\" \/>\t\t\t\t\t\t\t\t<\/a>\n\t\t\t\t\t\t\t\t\t\t\t\t\t\t\t<\/div>\n\t\t\t\t<\/div>\n\t\t\t\t<\/div>\n\t\t<div class=\"elementor-element elementor-element-28badbe e-con-full e-flex e-con e-child\" data-id=\"28badbe\" data-element_type=\"container\" data-e-type=\"container\">\n\t\t\t\t<div class=\"elementor-element elementor-element-3d43883 elementor-widget elementor-widget-image\" data-id=\"3d43883\" data-element_type=\"widget\" data-e-type=\"widget\" data-widget_type=\"image.default\">\n\t\t\t\t<div class=\"elementor-widget-container\">\n\t\t\t\t\t\t\t\t\t\t\t\t\t\t\t\t<a href=\"\/en\/tafel-01\/\">\n\t\t\t\t\t\t\t<img decoding=\"async\" width=\"417\" height=\"417\" src=\"https:\/\/museum.braasch.sh\/wp-content\/uploads\/2024\/08\/England_frei-1.png\" class=\"attachment-large size-large wp-image-2694\" alt=\"\" srcset=\"https:\/\/museum.braasch.sh\/wp-content\/uploads\/2024\/08\/England_frei-1.png 417w, https:\/\/museum.braasch.sh\/wp-content\/uploads\/2024\/08\/England_frei-1-300x300.png 300w, https:\/\/museum.braasch.sh\/wp-content\/uploads\/2024\/08\/England_frei-1-150x150.png 150w\" sizes=\"(max-width: 417px) 100vw, 417px\" \/>\t\t\t\t\t\t\t\t<\/a>\n\t\t\t\t\t\t\t\t\t\t\t\t\t\t\t<\/div>\n\t\t\t\t<\/div>\n\t\t\t\t<\/div>\n\t\t<div class=\"elementor-element elementor-element-647e5ee e-con-full e-flex e-con e-child\" data-id=\"647e5ee\" data-element_type=\"container\" data-e-type=\"container\">\n\t\t\t\t<div class=\"elementor-element elementor-element-3fc1b2c elementor-widget elementor-widget-image\" data-id=\"3fc1b2c\" data-element_type=\"widget\" data-e-type=\"widget\" data-widget_type=\"image.default\">\n\t\t\t\t<div class=\"elementor-widget-container\">\n\t\t\t\t\t\t\t\t\t\t\t\t\t\t\t\t<a href=\"\/sv\/tafel-01\/\">\n\t\t\t\t\t\t\t<img loading=\"lazy\" decoding=\"async\" width=\"418\" height=\"418\" src=\"https:\/\/museum.braasch.sh\/wp-content\/uploads\/2024\/08\/Schweden_frei-1.png\" class=\"attachment-large size-large wp-image-2698\" alt=\"\" srcset=\"https:\/\/museum.braasch.sh\/wp-content\/uploads\/2024\/08\/Schweden_frei-1.png 418w, https:\/\/museum.braasch.sh\/wp-content\/uploads\/2024\/08\/Schweden_frei-1-300x300.png 300w, https:\/\/museum.braasch.sh\/wp-content\/uploads\/2024\/08\/Schweden_frei-1-150x150.png 150w\" sizes=\"(max-width: 418px) 100vw, 418px\" \/>\t\t\t\t\t\t\t\t<\/a>\n\t\t\t\t\t\t\t\t\t\t\t\t\t\t\t<\/div>\n\t\t\t\t<\/div>\n\t\t\t\t<\/div>\n\t\t\t\t\t<\/div>\n\t\t\t\t<\/div>\n\t\t<div class=\"elementor-element elementor-element-15f386d elementor-hidden-tablet elementor-hidden-mobile e-flex e-con-boxed e-con e-parent\" data-id=\"15f386d\" data-element_type=\"container\" data-e-type=\"container\">\n\t\t\t\t\t<div class=\"e-con-inner\">\n\t\t\t\t<div class=\"elementor-element elementor-element-8864227 elementor-widget elementor-widget-image\" data-id=\"8864227\" data-element_type=\"widget\" data-e-type=\"widget\" data-widget_type=\"image.default\">\n\t\t\t\t<div class=\"elementor-widget-container\">\n\t\t\t\t\t\t\t\t\t\t\t\t\t\t\t<img loading=\"lazy\" decoding=\"async\" width=\"1162\" height=\"400\" src=\"https:\/\/museum.braasch.sh\/wp-content\/uploads\/2024\/11\/Desktop-Collage.jpg\" class=\"attachment-full size-full wp-image-4092\" alt=\"Braasch Flensburg - Eingang Rum-Museum\" srcset=\"https:\/\/museum.braasch.sh\/wp-content\/uploads\/2024\/11\/Desktop-Collage.jpg 1162w, https:\/\/museum.braasch.sh\/wp-content\/uploads\/2024\/11\/Desktop-Collage-300x103.jpg 300w, https:\/\/museum.braasch.sh\/wp-content\/uploads\/2024\/11\/Desktop-Collage-1024x352.jpg 1024w, https:\/\/museum.braasch.sh\/wp-content\/uploads\/2024\/11\/Desktop-Collage-768x264.jpg 768w\" sizes=\"(max-width: 1162px) 100vw, 1162px\" \/>\t\t\t\t\t\t\t\t\t\t\t\t\t\t\t<\/div>\n\t\t\t\t<\/div>\n\t\t\t\t<div class=\"elementor-element elementor-element-b1db665 elementor-widget elementor-widget-heading\" data-id=\"b1db665\" data-element_type=\"widget\" data-e-type=\"widget\" data-widget_type=\"heading.default\">\n\t\t\t\t<div class=\"elementor-widget-container\">\n\t\t\t\t\t<h2 class=\"elementor-heading-title elementor-size-default\">Ups \u2013 hier geht es leider nicht weiter!<\/h2>\t\t\t\t<\/div>\n\t\t\t\t<\/div>\n\t\t\t\t<div class=\"elementor-element elementor-element-11f2c85 elementor-widget elementor-widget-text-editor\" data-id=\"11f2c85\" data-element_type=\"widget\" data-e-type=\"widget\" data-widget_type=\"text-editor.default\">\n\t\t\t\t<div class=\"elementor-widget-container\">\n\t\t\t\t\t\t\t\t\t<p>Die \u00dcbersetzung der Ausstellungstexte soll unseren internationalen G\u00e4sten dienen, wenn sie unser Museum in der Roten Stra\u00dfe in Flensburg besuchen.<\/p><p>Wir bieten die Texte auf D\u00e4nisch, Englisch und Schwedisch vor Ort auf dem Smartphone an \u2013 und verzichten auf eine Desktop-Version.<\/p><p>Wenn Sie Fragen zur Ausstellung haben oder an weiterf\u00fchrenden Informationen interessiert sind, helfen wir Ihnen gerne weiter unter der e-Mail-Adresse <a href=\"&#109;&#x61;&#105;&#x6c;&#116;&#x6f;&#58;&#x77;e&#x69;n&#x2d;r&#x75;m&#64;&#x62;&#114;&#x61;&#97;&#x73;&#99;&#x68;&#46;&#x73;h\">&#x77;&#x65;&#x69;&#x6e;\u2011&#x72;&#x75;&#x6d;&#x40;&#98;&#114;&#97;&#97;&#115;&#99;&#104;&#46;sh<\/a>.<\/p>\t\t\t\t\t\t\t\t<\/div>\n\t\t\t\t<\/div>\n\t\t\t\t\t<\/div>\n\t\t\t\t<\/div>\n\t\t\t\t<\/div>\n\t\t","protected":false},"excerpt":{"rendered":"<p>Velkommen. V\u00e6lg dit sprog Welcome. Please choose your language V\u00e4lkommen. V\u00e4lj ditt spr\u00e5k Ups \u2013 hier geht es leider nicht weiter! Die \u00dcbersetzung der Ausstellungstexte soll unseren internationalen G\u00e4sten dienen, wenn sie unser Museum in der Roten Stra\u00dfe in Flensburg besuchen. Wir bieten die Texte auf D\u00e4nisch, Englisch und Schwedisch vor Ort auf dem Smartphone [&hellip;]<\/p>\n","protected":false},"author":1,"featured_media":0,"parent":0,"menu_order":5,"comment_status":"closed","ping_status":"closed","template":"","meta":{"footnotes":""},"class_list":["post-3398","page","type-page","status-publish","hentry"],"_links":{"self":[{"href":"https:\/\/museum.braasch.sh\/en\/wp-json\/wp\/v2\/pages\/3398","targetHints":{"allow":["GET"]}}],"collection":[{"href":"https:\/\/museum.braasch.sh\/en\/wp-json\/wp\/v2\/pages"}],"about":[{"href":"https:\/\/museum.braasch.sh\/en\/wp-json\/wp\/v2\/types\/page"}],"author":[{"embeddable":true,"href":"https:\/\/museum.braasch.sh\/en\/wp-json\/wp\/v2\/users\/1"}],"replies":[{"embeddable":true,"href":"https:\/\/museum.braasch.sh\/en\/wp-json\/wp\/v2\/comments?post=3398"}],"version-history":[{"count":98,"href":"https:\/\/museum.braasch.sh\/en\/wp-json\/wp\/v2\/pages\/3398\/revisions"}],"predecessor-version":[{"id":4779,"href":"https:\/\/museum.braasch.sh\/en\/wp-json\/wp\/v2\/pages\/3398\/revisions\/4779"}],"wp:attachment":[{"href":"https:\/\/museum.braasch.sh\/en\/wp-json\/wp\/v2\/media?parent=3398"}],"curies":[{"name":"wp","href":"https:\/\/api.w.org\/{rel}","templated":true}]}}