{"id":2975,"date":"2024-05-16T17:39:46","date_gmt":"2024-05-16T15:39:46","guid":{"rendered":"https:\/\/museum.sites2.itd.tools\/tafel-01\/"},"modified":"2024-11-04T08:05:18","modified_gmt":"2024-11-04T07:05:18","slug":"tafel-01","status":"publish","type":"page","link":"https:\/\/museum.braasch.sh\/sv\/tafel-01\/","title":{"rendered":"01"},"content":{"rendered":"\t\t<div data-elementor-type=\"wp-page\" data-elementor-id=\"2975\" class=\"elementor elementor-2975 elementor-27\" data-elementor-post-type=\"page\">\n\t\t\t\t<div class=\"elementor-element elementor-element-49893fc tafel-nav elementor-hidden-desktop e-flex e-con-boxed e-con e-parent\" data-id=\"49893fc\" data-element_type=\"container\" data-e-type=\"container\" data-settings=\"{&quot;background_background&quot;:&quot;classic&quot;,&quot;sticky&quot;:&quot;top&quot;,&quot;sticky_offset_mobile&quot;:58,&quot;sticky_offset&quot;:50,&quot;sticky_on&quot;:[&quot;desktop&quot;,&quot;tablet&quot;,&quot;mobile&quot;],&quot;sticky_effects_offset&quot;:0,&quot;sticky_anchor_link_offset&quot;:0}\">\n\t\t\t\t\t<div class=\"e-con-inner\">\n\t\t\t\t<div class=\"elementor-element elementor-element-1afbc1c elementor-nav-menu__align-center elementor-nav-menu--dropdown-none elementor-widget elementor-widget-nav-menu\" data-id=\"1afbc1c\" data-element_type=\"widget\" data-e-type=\"widget\" data-settings=\"{&quot;layout&quot;:&quot;horizontal&quot;,&quot;submenu_icon&quot;:{&quot;value&quot;:&quot;&lt;svg aria-hidden=\\&quot;true\\&quot; class=\\&quot;e-font-icon-svg e-fas-caret-down\\&quot; viewBox=\\&quot;0 0 320 512\\&quot; xmlns=\\&quot;http:\\\/\\\/www.w3.org\\\/2000\\\/svg\\&quot;&gt;&lt;path d=\\&quot;M31.3 192h257.3c17.8 0 26.7 21.5 14.1 34.1L174.1 354.8c-7.8 7.8-20.5 7.8-28.3 0L17.2 226.1C4.6 213.5 13.5 192 31.3 192z\\&quot;&gt;&lt;\\\/path&gt;&lt;\\\/svg&gt;&quot;,&quot;library&quot;:&quot;fa-solid&quot;}}\" data-widget_type=\"nav-menu.default\">\n\t\t\t\t<div class=\"elementor-widget-container\">\n\t\t\t\t\t\t\t\t<nav aria-label=\"Men\u00fc\" class=\"elementor-nav-menu--main elementor-nav-menu__container elementor-nav-menu--layout-horizontal e--pointer-none\">\n\t\t\t\t<ul id=\"menu-1-1afbc1c\" class=\"elementor-nav-menu\"><li class=\"left-tafel menu-item menu-item-type-post_type menu-item-object-page menu-item-3409\"><a href=\"https:\/\/museum.braasch.sh\/sv\/tafel-01\/\" class=\"elementor-item\">01<\/a><\/li>\n<li class=\"right-tafel menu-item menu-item-type-post_type menu-item-object-page menu-item-4466\"><a href=\"https:\/\/museum.braasch.sh\/sv\/tafel-02\/\" class=\"elementor-item\">02<\/a><\/li>\n<\/ul>\t\t\t<\/nav>\n\t\t\t\t\t\t<nav class=\"elementor-nav-menu--dropdown elementor-nav-menu__container\" aria-hidden=\"true\">\n\t\t\t\t<ul id=\"menu-2-1afbc1c\" class=\"elementor-nav-menu\"><li class=\"left-tafel menu-item menu-item-type-post_type menu-item-object-page menu-item-3409\"><a href=\"https:\/\/museum.braasch.sh\/sv\/tafel-01\/\" class=\"elementor-item\" tabindex=\"-1\">01<\/a><\/li>\n<li class=\"right-tafel menu-item menu-item-type-post_type menu-item-object-page menu-item-4466\"><a href=\"https:\/\/museum.braasch.sh\/sv\/tafel-02\/\" class=\"elementor-item\" tabindex=\"-1\">02<\/a><\/li>\n<\/ul>\t\t\t<\/nav>\n\t\t\t\t\t\t<\/div>\n\t\t\t\t<\/div>\n\t\t\t\t\t<\/div>\n\t\t\t\t<\/div>\n\t\t<div class=\"elementor-element elementor-element-66cc012 elementor-hidden-desktop e-flex e-con-boxed e-con e-parent\" data-id=\"66cc012\" data-element_type=\"container\" data-e-type=\"container\" data-settings=\"{&quot;background_background&quot;:&quot;classic&quot;}\">\n\t\t\t\t\t<div class=\"e-con-inner\">\n\t\t\t\t<div class=\"elementor-element elementor-element-610bf4e elementor-widget elementor-widget-heading\" data-id=\"610bf4e\" data-element_type=\"widget\" data-e-type=\"widget\" data-settings=\"{&quot;sticky&quot;:&quot;top&quot;,&quot;sticky_offset&quot;:116,&quot;sticky_offset_mobile&quot;:116,&quot;sticky_on&quot;:[&quot;desktop&quot;,&quot;tablet&quot;,&quot;mobile&quot;],&quot;sticky_effects_offset&quot;:0,&quot;sticky_anchor_link_offset&quot;:0}\" data-widget_type=\"heading.default\">\n\t\t\t\t<div class=\"elementor-widget-container\">\n\t\t\t\t\t<h1 class=\"elementor-heading-title elementor-size-default\">01<\/h1>\t\t\t\t<\/div>\n\t\t\t\t<\/div>\n\t\t\t\t<div class=\"elementor-element elementor-element-7b337c9 elementor-widget elementor-widget-heading\" data-id=\"7b337c9\" data-element_type=\"widget\" data-e-type=\"widget\" data-widget_type=\"heading.default\">\n\t\t\t\t<div class=\"elementor-widget-container\">\n\t\t\t\t\t<h2 class=\"elementor-heading-title elementor-size-default\">De s\u00f6kte socker och fann rom<\/h2>\t\t\t\t<\/div>\n\t\t\t\t<\/div>\n\t\t\t\t<div class=\"elementor-element elementor-element-3653837 elementor-widget elementor-widget-text-editor\" data-id=\"3653837\" data-element_type=\"widget\" data-e-type=\"widget\" data-widget_type=\"text-editor.default\">\n\t\t\t\t<div class=\"elementor-widget-container\">\n\t\t\t\t\t\t\t\t\t<p>Flensburg tillh\u00f6rde Kungariket Danmark i 400 \u00e5r och Danmark h\u00f6rde till Europas kolonialmakter. 1755 lade den f\u00f6rste v\u00e4stindienseglaren ut fr\u00e5n Flensburg och kort d\u00e4refter b\u00f6rjade en blomstrande handel med de karibiska \u00f6arna \u2026<\/p>\t\t\t\t\t\t\t\t<\/div>\n\t\t\t\t<\/div>\n\t\t\t\t<div class=\"elementor-element elementor-element-925f85f elementor-widget elementor-widget-text-editor\" data-id=\"925f85f\" data-element_type=\"widget\" data-e-type=\"widget\" data-widget_type=\"text-editor.default\">\n\t\t\t\t<div class=\"elementor-widget-container\">\n\t\t\t\t\t\t\t\t\t<p>Danmark var en stormakt i nora Europa mellan 1380 och 1864. Flensburg var en del av den danska kronan fr\u00e5n 1460 till 1864 och h\u00f6de tillsammans med de d\u00e5 danska st\u00e4derna Altona och K\u00f6penhamn till de mest betydelsefulla hamnarna f\u00f6r den danska handelssj\u00f6farten till V\u00e4stindien.<\/p><p>M\u00e5nga k\u00f6pmansfamiljer fr\u00e5n Flensburg br\u00f6t upp till de karibiska kolonierna i \u201dDansk Vestinden\u201d f\u00f6r att leta efter \u201dden vita lyxen\u201d: socker. P\u00e5 \u00f6arna St. Thomas, St. Jan och St. Croix upphandlade de den eftertraktade varan. Till dessa k\u00f6pm\u00e4n h\u00f6rde ocks\u00e5 familjerna Dethleffsen, Christiansen, Pott och m\u00e5nga andra.<\/p><p>V\u00e4stindienhandeln blev till en av stadens viktigaste handelsf\u00f6rbindelser. Och tack vare dessa familjer blomstrade handeln mellan \u00e5ren 1814 och 1856.<\/p>\t\t\t\t\t\t\t\t<\/div>\n\t\t\t\t<\/div>\n\t\t\t\t<div class=\"elementor-element elementor-element-e2b42d3 urania elementor-widget elementor-widget-image\" data-id=\"e2b42d3\" data-element_type=\"widget\" data-e-type=\"widget\" data-widget_type=\"image.default\">\n\t\t\t\t<div class=\"elementor-widget-container\">\n\t\t\t\t\t\t\t\t\t\t\t\t\t\t\t<img fetchpriority=\"high\" decoding=\"async\" width=\"800\" height=\"343\" src=\"https:\/\/museum.braasch.sh\/wp-content\/uploads\/2024\/08\/Urania_small-1024x439.jpg\" class=\"attachment-large size-large wp-image-2227\" alt=\"Segelschiff Urania\" srcset=\"https:\/\/museum.braasch.sh\/wp-content\/uploads\/2024\/08\/Urania_small-1024x439.jpg 1024w, https:\/\/museum.braasch.sh\/wp-content\/uploads\/2024\/08\/Urania_small-300x129.jpg 300w, https:\/\/museum.braasch.sh\/wp-content\/uploads\/2024\/08\/Urania_small-768x329.jpg 768w, https:\/\/museum.braasch.sh\/wp-content\/uploads\/2024\/08\/Urania_small-1536x658.jpg 1536w, https:\/\/museum.braasch.sh\/wp-content\/uploads\/2024\/08\/Urania_small-2048x878.jpg 2048w, https:\/\/museum.braasch.sh\/wp-content\/uploads\/2024\/08\/Urania_small-24x10.jpg 24w, https:\/\/museum.braasch.sh\/wp-content\/uploads\/2024\/08\/Urania_small-36x15.jpg 36w, https:\/\/museum.braasch.sh\/wp-content\/uploads\/2024\/08\/Urania_small-48x21.jpg 48w\" sizes=\"(max-width: 800px) 100vw, 800px\" \/>\t\t\t\t\t\t\t\t\t\t\t\t\t\t\t<\/div>\n\t\t\t\t<\/div>\n\t\t\t\t<div class=\"elementor-element elementor-element-1a831e0 elementor-widget elementor-widget-text-editor\" data-id=\"1a831e0\" data-element_type=\"widget\" data-e-type=\"widget\" data-widget_type=\"text-editor.default\">\n\t\t\t\t<div class=\"elementor-widget-container\">\n\t\t\t\t\t\t\t\t\t<p>\u00c5r 1826 reste \u00e4ven kaptenen och redaren Asmus Brodersen med sin fregatt \u201dUrania\u201d till Karibien. Det tog tre m\u00e5nader att ta sig dit och han hade lastat livsmedel, koks och tegel fr\u00e5n Flensburg.<\/p>\t\t\t\t\t\t\t\t<\/div>\n\t\t\t\t<\/div>\n\t\t\t\t\t<\/div>\n\t\t\t\t<\/div>\n\t\t\t\t<\/div>\n\t\t","protected":false},"excerpt":{"rendered":"<p>01 De s\u00f6kte socker och fann rom Flensburg tillh\u00f6rde Kungariket Danmark i 400 \u00e5r och Danmark h\u00f6rde till Europas kolonialmakter. 1755 lade den f\u00f6rste v\u00e4stindienseglaren ut fr\u00e5n Flensburg och kort d\u00e4refter b\u00f6rjade en blomstrande handel med de karibiska \u00f6arna \u2026 Danmark var en stormakt i nora Europa mellan 1380 och 1864. Flensburg var en del [&hellip;]<\/p>\n","protected":false},"author":1,"featured_media":0,"parent":0,"menu_order":10,"comment_status":"closed","ping_status":"closed","template":"","meta":{"footnotes":""},"class_list":["post-2975","page","type-page","status-publish","hentry"],"_links":{"self":[{"href":"https:\/\/museum.braasch.sh\/sv\/wp-json\/wp\/v2\/pages\/2975","targetHints":{"allow":["GET"]}}],"collection":[{"href":"https:\/\/museum.braasch.sh\/sv\/wp-json\/wp\/v2\/pages"}],"about":[{"href":"https:\/\/museum.braasch.sh\/sv\/wp-json\/wp\/v2\/types\/page"}],"author":[{"embeddable":true,"href":"https:\/\/museum.braasch.sh\/sv\/wp-json\/wp\/v2\/users\/1"}],"replies":[{"embeddable":true,"href":"https:\/\/museum.braasch.sh\/sv\/wp-json\/wp\/v2\/comments?post=2975"}],"version-history":[{"count":25,"href":"https:\/\/museum.braasch.sh\/sv\/wp-json\/wp\/v2\/pages\/2975\/revisions"}],"predecessor-version":[{"id":4533,"href":"https:\/\/museum.braasch.sh\/sv\/wp-json\/wp\/v2\/pages\/2975\/revisions\/4533"}],"wp:attachment":[{"href":"https:\/\/museum.braasch.sh\/sv\/wp-json\/wp\/v2\/media?parent=2975"}],"curies":[{"name":"wp","href":"https:\/\/api.w.org\/{rel}","templated":true}]}}