{"id":2982,"date":"2024-05-28T12:17:17","date_gmt":"2024-05-28T10:17:17","guid":{"rendered":"https:\/\/museum.sites2.itd.tools\/tafel-03\/"},"modified":"2024-11-04T08:06:43","modified_gmt":"2024-11-04T07:06:43","slug":"tafel-03","status":"publish","type":"page","link":"https:\/\/museum.braasch.sh\/sv\/tafel-03\/","title":{"rendered":"03"},"content":{"rendered":"\t\t<div data-elementor-type=\"wp-page\" data-elementor-id=\"2982\" class=\"elementor elementor-2982 elementor-375\" data-elementor-post-type=\"page\">\n\t\t\t\t<div class=\"elementor-element elementor-element-a0e87a9 tafel-nav elementor-hidden-desktop e-flex e-con-boxed e-con e-parent\" data-id=\"a0e87a9\" data-element_type=\"container\" data-e-type=\"container\" data-settings=\"{&quot;background_background&quot;:&quot;classic&quot;,&quot;sticky&quot;:&quot;top&quot;,&quot;sticky_offset_mobile&quot;:58,&quot;sticky_offset&quot;:50,&quot;sticky_on&quot;:[&quot;desktop&quot;,&quot;tablet&quot;,&quot;mobile&quot;],&quot;sticky_effects_offset&quot;:0,&quot;sticky_anchor_link_offset&quot;:0}\">\n\t\t\t\t\t<div class=\"e-con-inner\">\n\t\t\t\t<div class=\"elementor-element elementor-element-7eb1e8f elementor-nav-menu__align-center elementor-nav-menu--dropdown-none elementor-widget elementor-widget-nav-menu\" data-id=\"7eb1e8f\" data-element_type=\"widget\" data-e-type=\"widget\" data-settings=\"{&quot;layout&quot;:&quot;horizontal&quot;,&quot;submenu_icon&quot;:{&quot;value&quot;:&quot;&lt;svg aria-hidden=\\&quot;true\\&quot; class=\\&quot;e-font-icon-svg e-fas-caret-down\\&quot; viewBox=\\&quot;0 0 320 512\\&quot; xmlns=\\&quot;http:\\\/\\\/www.w3.org\\\/2000\\\/svg\\&quot;&gt;&lt;path d=\\&quot;M31.3 192h257.3c17.8 0 26.7 21.5 14.1 34.1L174.1 354.8c-7.8 7.8-20.5 7.8-28.3 0L17.2 226.1C4.6 213.5 13.5 192 31.3 192z\\&quot;&gt;&lt;\\\/path&gt;&lt;\\\/svg&gt;&quot;,&quot;library&quot;:&quot;fa-solid&quot;}}\" data-widget_type=\"nav-menu.default\">\n\t\t\t\t<div class=\"elementor-widget-container\">\n\t\t\t\t\t\t\t\t<nav aria-label=\"Men\u00fc\" class=\"elementor-nav-menu--main elementor-nav-menu__container elementor-nav-menu--layout-horizontal e--pointer-none\">\n\t\t\t\t<ul id=\"menu-1-7eb1e8f\" class=\"elementor-nav-menu\"><li class=\"left-tafel menu-item menu-item-type-post_type menu-item-object-page menu-item-4303\"><a href=\"https:\/\/museum.braasch.sh\/sv\/tafel-02\/\" class=\"elementor-item\">02<\/a><\/li>\n<li class=\"right-tafel menu-item menu-item-type-post_type menu-item-object-page menu-item-4468\"><a href=\"https:\/\/museum.braasch.sh\/sv\/tafel-04\/\" class=\"elementor-item\">04<\/a><\/li>\n<\/ul>\t\t\t<\/nav>\n\t\t\t\t\t\t<nav class=\"elementor-nav-menu--dropdown elementor-nav-menu__container\" aria-hidden=\"true\">\n\t\t\t\t<ul id=\"menu-2-7eb1e8f\" class=\"elementor-nav-menu\"><li class=\"left-tafel menu-item menu-item-type-post_type menu-item-object-page menu-item-4303\"><a href=\"https:\/\/museum.braasch.sh\/sv\/tafel-02\/\" class=\"elementor-item\" tabindex=\"-1\">02<\/a><\/li>\n<li class=\"right-tafel menu-item menu-item-type-post_type menu-item-object-page menu-item-4468\"><a href=\"https:\/\/museum.braasch.sh\/sv\/tafel-04\/\" class=\"elementor-item\" tabindex=\"-1\">04<\/a><\/li>\n<\/ul>\t\t\t<\/nav>\n\t\t\t\t\t\t<\/div>\n\t\t\t\t<\/div>\n\t\t\t\t\t<\/div>\n\t\t\t\t<\/div>\n\t\t<div class=\"elementor-element elementor-element-80cf180 elementor-hidden-desktop e-flex e-con-boxed e-con e-parent\" data-id=\"80cf180\" data-element_type=\"container\" data-e-type=\"container\" data-settings=\"{&quot;background_background&quot;:&quot;classic&quot;}\">\n\t\t\t\t\t<div class=\"e-con-inner\">\n\t\t\t\t<div class=\"elementor-element elementor-element-5bd1805 elementor-widget elementor-widget-heading\" data-id=\"5bd1805\" data-element_type=\"widget\" data-e-type=\"widget\" data-settings=\"{&quot;sticky&quot;:&quot;top&quot;,&quot;sticky_offset&quot;:116,&quot;sticky_offset_mobile&quot;:116,&quot;sticky_on&quot;:[&quot;desktop&quot;,&quot;tablet&quot;,&quot;mobile&quot;],&quot;sticky_effects_offset&quot;:0,&quot;sticky_anchor_link_offset&quot;:0}\" data-widget_type=\"heading.default\">\n\t\t\t\t<div class=\"elementor-widget-container\">\n\t\t\t\t\t<h1 class=\"elementor-heading-title elementor-size-default\">03<\/h1>\t\t\t\t<\/div>\n\t\t\t\t<\/div>\n\t\t\t\t<div class=\"elementor-element elementor-element-f7c2eeb elementor-widget elementor-widget-heading\" data-id=\"f7c2eeb\" data-element_type=\"widget\" data-e-type=\"widget\" data-widget_type=\"heading.default\">\n\t\t\t\t<div class=\"elementor-widget-container\">\n\t\t\t\t\t<h2 class=\"elementor-heading-title elementor-size-default\">De tre sm\u00e5 \u00f6arna<\/h2>\t\t\t\t<\/div>\n\t\t\t\t<\/div>\n\t\t\t\t<div class=\"elementor-element elementor-element-ea40c88 elementor-widget elementor-widget-text-editor\" data-id=\"ea40c88\" data-element_type=\"widget\" data-e-type=\"widget\" data-widget_type=\"text-editor.default\">\n\t\t\t\t<div class=\"elementor-widget-container\">\n\t\t\t\t\t\t\t\t\t<p>1493 uppt\u00e4ckte Columbus f\u00f6rst den st\u00f6rsta av de tre \u00f6arna och kallade den f\u00f6r \u201dSanta Cruz\u201d. 70 km d\u00e4rifr\u00e5n uppt\u00e4ckte han ytterligare tv\u00e5 sm\u00e5 \u00f6ar som var s\u00e5 vackra att han kallade dem f\u00f6r \u201dLas V\u00edrgenes\u201d, \u201dJungfru\u00f6arna\u201d.<\/p><p>Flera stora uppt\u00e4ckarnationer f\u00f6rs\u00f6kte bos\u00e4tta sig p\u00e5 St. Croix: efter engelsm\u00e4n, holl\u00e4ndare, spanjorer, fransm\u00e4n och maltesare k\u00f6pte Danmark \u00f6n St. Croix. P\u00e5 \u00f6n St. Thomas hissades Dannebrogen redan \u00e5r 1672 \u2013 senare tog nybyggarna \u00e4ven \u00f6ver \u00f6n St. Jan.<\/p><p>Sedan mitten av 1600-talet s\u00e4nde Det Danska V\u00e4stindiska Kompaniet i K\u00f6penhamn allt fler nybyggare f\u00f6rst till St. Thomas, senare \u00e4ven till de andra tv\u00e5 \u00f6arna d\u00e4r de grundade sockerr\u00f6rplantager. Aff\u00e4rerna med socker och rom blomstrade. Endast p\u00e5 St. Croix fanns det upp till 200 sockerr\u00f6rskvarnar. M\u00e5nga k\u00f6pmansfamiljer fr\u00e5n Flensburg hade handelskontor p\u00e5 dessa \u00f6ar efter \u00e5r 1755.<\/p><p>Efter att sockerbetan kunde bearbetas industriellt f\u00f6rlorade r\u00e5sockret sin betydelse i Europa och handeln med dessa \u00f6ar minskade. F\u00f6r Flensburg slutade den helt abrupt: efter det dansk-tyska kriget h\u00f6rde Flensburg och Nordslesvig inte l\u00e4ngre till Danmark utan till Preussen.<\/p><p>1917 s\u00e5lde Danmark dessa \u00f6ar till Amerika p.g.a. deras strategiska l\u00e4ge \u2013 och fick 25 milljoner Dollar. Sedan kallades \u00f6arna f\u00f6r \u201dU.S. Virgin Islands\u201d. De \u00e4r \u00e4ven idag frihandelsomr\u00e5de och en viktig hamn: f\u00f6r kryssningsfartyg \u2026<\/p>\t\t\t\t\t\t\t\t<\/div>\n\t\t\t\t<\/div>\n\t\t\t\t<div class=\"elementor-element elementor-element-e570275 urania elementor-widget elementor-widget-image\" data-id=\"e570275\" data-element_type=\"widget\" data-e-type=\"widget\" data-widget_type=\"image.default\">\n\t\t\t\t<div class=\"elementor-widget-container\">\n\t\t\t\t\t\t\t\t\t\t\t\t\t\t\t<img fetchpriority=\"high\" decoding=\"async\" width=\"800\" height=\"343\" src=\"https:\/\/museum.braasch.sh\/wp-content\/uploads\/2024\/08\/Urania_small-1024x439.jpg\" class=\"attachment-large size-large wp-image-2227\" alt=\"Segelschiff Urania\" srcset=\"https:\/\/museum.braasch.sh\/wp-content\/uploads\/2024\/08\/Urania_small-1024x439.jpg 1024w, https:\/\/museum.braasch.sh\/wp-content\/uploads\/2024\/08\/Urania_small-300x129.jpg 300w, https:\/\/museum.braasch.sh\/wp-content\/uploads\/2024\/08\/Urania_small-768x329.jpg 768w, https:\/\/museum.braasch.sh\/wp-content\/uploads\/2024\/08\/Urania_small-1536x658.jpg 1536w, https:\/\/museum.braasch.sh\/wp-content\/uploads\/2024\/08\/Urania_small-2048x878.jpg 2048w, https:\/\/museum.braasch.sh\/wp-content\/uploads\/2024\/08\/Urania_small-24x10.jpg 24w, https:\/\/museum.braasch.sh\/wp-content\/uploads\/2024\/08\/Urania_small-36x15.jpg 36w, https:\/\/museum.braasch.sh\/wp-content\/uploads\/2024\/08\/Urania_small-48x21.jpg 48w\" sizes=\"(max-width: 800px) 100vw, 800px\" \/>\t\t\t\t\t\t\t\t\t\t\t\t\t\t\t<\/div>\n\t\t\t\t<\/div>\n\t\t\t\t<div class=\"elementor-element elementor-element-2dddf7d elementor-widget elementor-widget-text-editor\" data-id=\"2dddf7d\" data-element_type=\"widget\" data-e-type=\"widget\" data-widget_type=\"text-editor.default\">\n\t\t\t\t<div class=\"elementor-widget-container\">\n\t\t\t\t\t\t\t\t\t<p>Asmus, hans son Nis (p\u00e5 bilden) och hans bror Behrend var kaptener och redare f\u00f6r fregatten \u201dUrania\u201d. Mellan 1828 och 1859 reste de med den och 14 man bes\u00e4ttning sammanlagt 25 g\u00e5nger till V\u00e4stindien. P\u00e5 St. Croix etablerade familjen ett eget handelsf\u00f6retag. 1853 fick Nis Brodersen borgarbrevet som k\u00f6pman p\u00e5 St. Croix.<\/p>\t\t\t\t\t\t\t\t<\/div>\n\t\t\t\t<\/div>\n\t\t\t\t<div class=\"elementor-element elementor-element-9910133 elementor-widget elementor-widget-heading\" data-id=\"9910133\" data-element_type=\"widget\" data-e-type=\"widget\" data-widget_type=\"heading.default\">\n\t\t\t\t<div class=\"elementor-widget-container\">\n\t\t\t\t\t<h3 class=\"elementor-heading-title elementor-size-default\">Dansk Vestindien (liten karta till v\u00e4nster)<\/h3>\t\t\t\t<\/div>\n\t\t\t\t<\/div>\n\t\t\t\t<div class=\"elementor-element elementor-element-2fdd6d3 elementor-widget elementor-widget-text-editor\" data-id=\"2fdd6d3\" data-element_type=\"widget\" data-e-type=\"widget\" data-widget_type=\"text-editor.default\">\n\t\t\t\t<div class=\"elementor-widget-container\">\n\t\t\t\t\t\t\t\t\t<p>\u00d6gruppen i Sm\u00e5 Antillerna i Karibien, \u00f6ster om Puerto Rico, sedan f\u00f6rs\u00e4ljningen 1917 \u201dU. S. Virgin Islands\u201d<\/p><ul><li><strong>Avst\u00e5nd fr\u00e5n Flensburg:<\/strong><br \/>ca. 6.000 engelska mil | 9.656 km<\/li><li><strong>Med skepp \u00e5r 1755:<\/strong><br \/>3 m\u00e5nader<\/li><li><strong>Med flyg idag:<\/strong><br \/>24 timmar<\/li><\/ul><p><strong>St. Thomas<\/strong><br \/>med ca 90 km\u00b2 ungef\u00e4r s\u00e5 stor som Gr\u00e4s\u00f6, Uppland<\/p><p><strong>St. Jan<\/strong><br \/>sedan 1917 St. John, med ca 50 km\u00b2 ungef\u00e4r h\u00e4lften s\u00e5 stor som Gotska F\u00e5r\u00f6<\/p><p><strong>St. Croix<\/strong><br \/>med ca 213 km\u00b2 lite st\u00f6rre \u00e4n Hisingen<\/p>\t\t\t\t\t\t\t\t<\/div>\n\t\t\t\t<\/div>\n\t\t\t\t\t<\/div>\n\t\t\t\t<\/div>\n\t\t\t\t<\/div>\n\t\t","protected":false},"excerpt":{"rendered":"<p>03 De tre sm\u00e5 \u00f6arna 1493 uppt\u00e4ckte Columbus f\u00f6rst den st\u00f6rsta av de tre \u00f6arna och kallade den f\u00f6r \u201dSanta Cruz\u201d. 70 km d\u00e4rifr\u00e5n uppt\u00e4ckte han ytterligare tv\u00e5 sm\u00e5 \u00f6ar som var s\u00e5 vackra att han kallade dem f\u00f6r \u201dLas V\u00edrgenes\u201d, \u201dJungfru\u00f6arna\u201d. Flera stora uppt\u00e4ckarnationer f\u00f6rs\u00f6kte bos\u00e4tta sig p\u00e5 St. Croix: efter engelsm\u00e4n, holl\u00e4ndare, spanjorer, [&hellip;]<\/p>\n","protected":false},"author":1,"featured_media":0,"parent":0,"menu_order":30,"comment_status":"closed","ping_status":"closed","template":"","meta":{"footnotes":""},"class_list":["post-2982","page","type-page","status-publish","hentry"],"_links":{"self":[{"href":"https:\/\/museum.braasch.sh\/sv\/wp-json\/wp\/v2\/pages\/2982","targetHints":{"allow":["GET"]}}],"collection":[{"href":"https:\/\/museum.braasch.sh\/sv\/wp-json\/wp\/v2\/pages"}],"about":[{"href":"https:\/\/museum.braasch.sh\/sv\/wp-json\/wp\/v2\/types\/page"}],"author":[{"embeddable":true,"href":"https:\/\/museum.braasch.sh\/sv\/wp-json\/wp\/v2\/users\/1"}],"replies":[{"embeddable":true,"href":"https:\/\/museum.braasch.sh\/sv\/wp-json\/wp\/v2\/comments?post=2982"}],"version-history":[{"count":34,"href":"https:\/\/museum.braasch.sh\/sv\/wp-json\/wp\/v2\/pages\/2982\/revisions"}],"predecessor-version":[{"id":4539,"href":"https:\/\/museum.braasch.sh\/sv\/wp-json\/wp\/v2\/pages\/2982\/revisions\/4539"}],"wp:attachment":[{"href":"https:\/\/museum.braasch.sh\/sv\/wp-json\/wp\/v2\/media?parent=2982"}],"curies":[{"name":"wp","href":"https:\/\/api.w.org\/{rel}","templated":true}]}}