{"id":2985,"date":"2024-05-29T10:14:35","date_gmt":"2024-05-29T08:14:35","guid":{"rendered":"https:\/\/museum.sites2.itd.tools\/tafel-04\/"},"modified":"2024-11-04T08:07:16","modified_gmt":"2024-11-04T07:07:16","slug":"tafel-04","status":"publish","type":"page","link":"https:\/\/museum.braasch.sh\/sv\/tafel-04\/","title":{"rendered":"04"},"content":{"rendered":"\t\t<div data-elementor-type=\"wp-page\" data-elementor-id=\"2985\" class=\"elementor elementor-2985 elementor-444\" data-elementor-post-type=\"page\">\n\t\t\t\t<div class=\"elementor-element elementor-element-6652c93 tafel-nav elementor-hidden-desktop e-flex e-con-boxed e-con e-parent\" data-id=\"6652c93\" data-element_type=\"container\" data-e-type=\"container\" data-settings=\"{&quot;background_background&quot;:&quot;classic&quot;,&quot;sticky&quot;:&quot;top&quot;,&quot;sticky_offset_mobile&quot;:58,&quot;sticky_offset&quot;:50,&quot;sticky_on&quot;:[&quot;desktop&quot;,&quot;tablet&quot;,&quot;mobile&quot;],&quot;sticky_effects_offset&quot;:0,&quot;sticky_anchor_link_offset&quot;:0}\">\n\t\t\t\t\t<div class=\"e-con-inner\">\n\t\t\t\t<div class=\"elementor-element elementor-element-f251137 elementor-nav-menu__align-center elementor-nav-menu--dropdown-none elementor-widget elementor-widget-nav-menu\" data-id=\"f251137\" data-element_type=\"widget\" data-e-type=\"widget\" data-settings=\"{&quot;layout&quot;:&quot;horizontal&quot;,&quot;submenu_icon&quot;:{&quot;value&quot;:&quot;&lt;svg aria-hidden=\\&quot;true\\&quot; class=\\&quot;e-font-icon-svg e-fas-caret-down\\&quot; viewBox=\\&quot;0 0 320 512\\&quot; xmlns=\\&quot;http:\\\/\\\/www.w3.org\\\/2000\\\/svg\\&quot;&gt;&lt;path d=\\&quot;M31.3 192h257.3c17.8 0 26.7 21.5 14.1 34.1L174.1 354.8c-7.8 7.8-20.5 7.8-28.3 0L17.2 226.1C4.6 213.5 13.5 192 31.3 192z\\&quot;&gt;&lt;\\\/path&gt;&lt;\\\/svg&gt;&quot;,&quot;library&quot;:&quot;fa-solid&quot;}}\" data-widget_type=\"nav-menu.default\">\n\t\t\t\t<div class=\"elementor-widget-container\">\n\t\t\t\t\t\t\t\t<nav aria-label=\"Men\u00fc\" class=\"elementor-nav-menu--main elementor-nav-menu__container elementor-nav-menu--layout-horizontal e--pointer-none\">\n\t\t\t\t<ul id=\"menu-1-f251137\" class=\"elementor-nav-menu\"><li class=\"left-tafel menu-item menu-item-type-post_type menu-item-object-page menu-item-4305\"><a href=\"https:\/\/museum.braasch.sh\/sv\/tafel-03\/\" class=\"elementor-item\">03<\/a><\/li>\n<li class=\"right-tafel menu-item menu-item-type-post_type menu-item-object-page menu-item-4469\"><a href=\"https:\/\/museum.braasch.sh\/sv\/tafel-05\/\" class=\"elementor-item\">05<\/a><\/li>\n<\/ul>\t\t\t<\/nav>\n\t\t\t\t\t\t<nav class=\"elementor-nav-menu--dropdown elementor-nav-menu__container\" aria-hidden=\"true\">\n\t\t\t\t<ul id=\"menu-2-f251137\" class=\"elementor-nav-menu\"><li class=\"left-tafel menu-item menu-item-type-post_type menu-item-object-page menu-item-4305\"><a href=\"https:\/\/museum.braasch.sh\/sv\/tafel-03\/\" class=\"elementor-item\" tabindex=\"-1\">03<\/a><\/li>\n<li class=\"right-tafel menu-item menu-item-type-post_type menu-item-object-page menu-item-4469\"><a href=\"https:\/\/museum.braasch.sh\/sv\/tafel-05\/\" class=\"elementor-item\" tabindex=\"-1\">05<\/a><\/li>\n<\/ul>\t\t\t<\/nav>\n\t\t\t\t\t\t<\/div>\n\t\t\t\t<\/div>\n\t\t\t\t\t<\/div>\n\t\t\t\t<\/div>\n\t\t<div class=\"elementor-element elementor-element-0a41210 elementor-hidden-desktop e-flex e-con-boxed e-con e-parent\" data-id=\"0a41210\" data-element_type=\"container\" data-e-type=\"container\" data-settings=\"{&quot;background_background&quot;:&quot;classic&quot;}\">\n\t\t\t\t\t<div class=\"e-con-inner\">\n\t\t\t\t<div class=\"elementor-element elementor-element-37be60b elementor-widget elementor-widget-heading\" data-id=\"37be60b\" data-element_type=\"widget\" data-e-type=\"widget\" data-settings=\"{&quot;sticky&quot;:&quot;top&quot;,&quot;sticky_offset&quot;:116,&quot;sticky_offset_mobile&quot;:116,&quot;sticky_on&quot;:[&quot;desktop&quot;,&quot;tablet&quot;,&quot;mobile&quot;],&quot;sticky_effects_offset&quot;:0,&quot;sticky_anchor_link_offset&quot;:0}\" data-widget_type=\"heading.default\">\n\t\t\t\t<div class=\"elementor-widget-container\">\n\t\t\t\t\t<h1 class=\"elementor-heading-title elementor-size-default\">04<\/h1>\t\t\t\t<\/div>\n\t\t\t\t<\/div>\n\t\t\t\t<div class=\"elementor-element elementor-element-f46eadf elementor-widget elementor-widget-heading\" data-id=\"f46eadf\" data-element_type=\"widget\" data-e-type=\"widget\" data-widget_type=\"heading.default\">\n\t\t\t\t<div class=\"elementor-widget-container\">\n\t\t\t\t\t<h2 class=\"elementor-heading-title elementor-size-default\">Familjen Brodersens<br \/> fregatt \u201dUrania\u201d<\/h2>\t\t\t\t<\/div>\n\t\t\t\t<\/div>\n\t\t\t\t<div class=\"elementor-element elementor-element-2d7ba1d elementor-widget elementor-widget-text-editor\" data-id=\"2d7ba1d\" data-element_type=\"widget\" data-e-type=\"widget\" data-widget_type=\"text-editor.default\">\n\t\t\t\t<div class=\"elementor-widget-container\">\n\t\t\t\t\t\t\t\t\t<p>I mer \u00e4n 33 \u00e5r ledde familjen Brodersens kaptener handelsfartyget \u201dUrania\u201d som hade byggts 1826 i Stettin. Tremastaren seglade under dansk flagg och var registrerad med nummer \u201dQ 131\u201d.<br \/>Det fanns upp till 14 mans bes\u00e4ttning ombord under seglatsen till Karibien som tog tre m\u00e5nader.<\/p><p>De f\u00f6rsta 20 \u00e5ren var Asmus Brodersen kapten och till att b\u00f6rja med \u00e4ven den enda redaren. Sonen Nis var f\u00f6rst styrman och ledde fullriggaren senare fr\u00e4mst i V\u00e4stindienhandeln med \u00f6n St. Croix, men \u00e4ven p\u00e5 valf\u00e5ngst till Gr\u00f6nland. Nis dog \u00e5r 1864 till sj\u00f6ss. Brodern Behrend Brodersen hade bef\u00e4l \u00f6ver fraktfartyget i fem \u00e5r.<\/p><p>Den 30 september 1866, efter 40 sp\u00e4nnande sj\u00f6farts\u00e5r blev \u201dUrania\u201d offer f\u00f6r en hurrican i hamnen Puerto Plata (idag Dominikanska republiken).<\/p>\t\t\t\t\t\t\t\t<\/div>\n\t\t\t\t<\/div>\n\t\t\t\t<div class=\"elementor-element elementor-element-c10fb19 elementor-widget elementor-widget-heading\" data-id=\"c10fb19\" data-element_type=\"widget\" data-e-type=\"widget\" data-widget_type=\"heading.default\">\n\t\t\t\t<div class=\"elementor-widget-container\">\n\t\t\t\t\t<h3 class=\"elementor-heading-title elementor-size-default\">Valf\u00e5ngst och<br \/> uppmuntraren rom<\/h3>\t\t\t\t<\/div>\n\t\t\t\t<\/div>\n\t\t\t\t<div class=\"elementor-element elementor-element-5baa4a4 elementor-widget elementor-widget-text-editor\" data-id=\"5baa4a4\" data-element_type=\"widget\" data-e-type=\"widget\" data-widget_type=\"text-editor.default\">\n\t\t\t\t<div class=\"elementor-widget-container\">\n\t\t\t\t\t\t\t\t\t<p>K\u00f6pmanfamiljen Bodersens fregatt \u201dUrania\u201d seglade inte bara till V\u00e4stindien utan styrde \u00e4ven mot Norge f\u00f6r att jaga valar runt Gr\u00f6nland.<\/p><p>F\u00f6r att de jagande sluparn skulle kunna hitta tillbaka till moderfartyget i dimma signaliserade de med kanonskott ombord. En g\u00e5ng sprack en kanon och s\u00e5rade kapten Nis Brodersen s\u00e5 sv\u00e5rt att hans ben m\u00e5ste amputeras n\u00e5gra veckor senare i Stavanger. Enligt den d\u00e5 vanliga seden behandlades s\u00e5ret med sjudande fiskleverolja.<\/p><p>Han \u00f6verlevde proceduren och fortsatte att fara till sj\u00f6ss. Folk ber\u00e4ttar att de borrade h\u00e5l i skeppets d\u00e4ck s\u00e5 att han vid sj\u00f6g\u00e5ng fick b\u00e4ttre fotf\u00e4ste med sitt tr\u00e4ben \u2026<\/p>\t\t\t\t\t\t\t\t<\/div>\n\t\t\t\t<\/div>\n\t\t\t\t\t<\/div>\n\t\t\t\t<\/div>\n\t\t\t\t<\/div>\n\t\t","protected":false},"excerpt":{"rendered":"<p>04 Familjen Brodersens fregatt \u201dUrania\u201d I mer \u00e4n 33 \u00e5r ledde familjen Brodersens kaptener handelsfartyget \u201dUrania\u201d som hade byggts 1826 i Stettin. Tremastaren seglade under dansk flagg och var registrerad med nummer \u201dQ 131\u201d.Det fanns upp till 14 mans bes\u00e4ttning ombord under seglatsen till Karibien som tog tre m\u00e5nader. De f\u00f6rsta 20 \u00e5ren var Asmus [&hellip;]<\/p>\n","protected":false},"author":1,"featured_media":0,"parent":0,"menu_order":40,"comment_status":"closed","ping_status":"closed","template":"","meta":{"footnotes":""},"class_list":["post-2985","page","type-page","status-publish","hentry"],"_links":{"self":[{"href":"https:\/\/museum.braasch.sh\/sv\/wp-json\/wp\/v2\/pages\/2985","targetHints":{"allow":["GET"]}}],"collection":[{"href":"https:\/\/museum.braasch.sh\/sv\/wp-json\/wp\/v2\/pages"}],"about":[{"href":"https:\/\/museum.braasch.sh\/sv\/wp-json\/wp\/v2\/types\/page"}],"author":[{"embeddable":true,"href":"https:\/\/museum.braasch.sh\/sv\/wp-json\/wp\/v2\/users\/1"}],"replies":[{"embeddable":true,"href":"https:\/\/museum.braasch.sh\/sv\/wp-json\/wp\/v2\/comments?post=2985"}],"version-history":[{"count":34,"href":"https:\/\/museum.braasch.sh\/sv\/wp-json\/wp\/v2\/pages\/2985\/revisions"}],"predecessor-version":[{"id":4542,"href":"https:\/\/museum.braasch.sh\/sv\/wp-json\/wp\/v2\/pages\/2985\/revisions\/4542"}],"wp:attachment":[{"href":"https:\/\/museum.braasch.sh\/sv\/wp-json\/wp\/v2\/media?parent=2985"}],"curies":[{"name":"wp","href":"https:\/\/api.w.org\/{rel}","templated":true}]}}