{"id":2987,"date":"2024-05-29T09:32:02","date_gmt":"2024-05-29T07:32:02","guid":{"rendered":"https:\/\/museum.sites2.itd.tools\/tafel-05\/"},"modified":"2024-11-04T08:07:40","modified_gmt":"2024-11-04T07:07:40","slug":"tafel-05","status":"publish","type":"page","link":"https:\/\/museum.braasch.sh\/sv\/tafel-05\/","title":{"rendered":"05"},"content":{"rendered":"\t\t<div data-elementor-type=\"wp-page\" data-elementor-id=\"2987\" class=\"elementor elementor-2987 elementor-423\" data-elementor-post-type=\"page\">\n\t\t\t\t<div class=\"elementor-element elementor-element-dfab88f tafel-nav elementor-hidden-desktop e-flex e-con-boxed e-con e-parent\" data-id=\"dfab88f\" data-element_type=\"container\" data-e-type=\"container\" data-settings=\"{&quot;background_background&quot;:&quot;classic&quot;,&quot;sticky&quot;:&quot;top&quot;,&quot;sticky_offset_mobile&quot;:58,&quot;sticky_offset&quot;:50,&quot;sticky_on&quot;:[&quot;desktop&quot;,&quot;tablet&quot;,&quot;mobile&quot;],&quot;sticky_effects_offset&quot;:0,&quot;sticky_anchor_link_offset&quot;:0}\">\n\t\t\t\t\t<div class=\"e-con-inner\">\n\t\t\t\t<div class=\"elementor-element elementor-element-855efb8 elementor-nav-menu__align-center elementor-nav-menu--dropdown-none elementor-widget elementor-widget-nav-menu\" data-id=\"855efb8\" data-element_type=\"widget\" data-e-type=\"widget\" data-settings=\"{&quot;layout&quot;:&quot;horizontal&quot;,&quot;submenu_icon&quot;:{&quot;value&quot;:&quot;&lt;svg aria-hidden=\\&quot;true\\&quot; class=\\&quot;e-font-icon-svg e-fas-caret-down\\&quot; viewBox=\\&quot;0 0 320 512\\&quot; xmlns=\\&quot;http:\\\/\\\/www.w3.org\\\/2000\\\/svg\\&quot;&gt;&lt;path d=\\&quot;M31.3 192h257.3c17.8 0 26.7 21.5 14.1 34.1L174.1 354.8c-7.8 7.8-20.5 7.8-28.3 0L17.2 226.1C4.6 213.5 13.5 192 31.3 192z\\&quot;&gt;&lt;\\\/path&gt;&lt;\\\/svg&gt;&quot;,&quot;library&quot;:&quot;fa-solid&quot;}}\" data-widget_type=\"nav-menu.default\">\n\t\t\t\t<div class=\"elementor-widget-container\">\n\t\t\t\t\t\t\t\t<nav aria-label=\"Men\u00fc\" class=\"elementor-nav-menu--main elementor-nav-menu__container elementor-nav-menu--layout-horizontal e--pointer-none\">\n\t\t\t\t<ul id=\"menu-1-855efb8\" class=\"elementor-nav-menu\"><li class=\"left-tafel menu-item menu-item-type-post_type menu-item-object-page menu-item-4307\"><a href=\"https:\/\/museum.braasch.sh\/sv\/tafel-04\/\" class=\"elementor-item\">04<\/a><\/li>\n<li class=\"right-tafel menu-item menu-item-type-post_type menu-item-object-page menu-item-4470\"><a href=\"https:\/\/museum.braasch.sh\/sv\/tafel-06\/\" class=\"elementor-item\">06<\/a><\/li>\n<\/ul>\t\t\t<\/nav>\n\t\t\t\t\t\t<nav class=\"elementor-nav-menu--dropdown elementor-nav-menu__container\" aria-hidden=\"true\">\n\t\t\t\t<ul id=\"menu-2-855efb8\" class=\"elementor-nav-menu\"><li class=\"left-tafel menu-item menu-item-type-post_type menu-item-object-page menu-item-4307\"><a href=\"https:\/\/museum.braasch.sh\/sv\/tafel-04\/\" class=\"elementor-item\" tabindex=\"-1\">04<\/a><\/li>\n<li class=\"right-tafel menu-item menu-item-type-post_type menu-item-object-page menu-item-4470\"><a href=\"https:\/\/museum.braasch.sh\/sv\/tafel-06\/\" class=\"elementor-item\" tabindex=\"-1\">06<\/a><\/li>\n<\/ul>\t\t\t<\/nav>\n\t\t\t\t\t\t<\/div>\n\t\t\t\t<\/div>\n\t\t\t\t\t<\/div>\n\t\t\t\t<\/div>\n\t\t<div class=\"elementor-element elementor-element-ab23260 elementor-hidden-desktop e-flex e-con-boxed e-con e-parent\" data-id=\"ab23260\" data-element_type=\"container\" data-e-type=\"container\" data-settings=\"{&quot;background_background&quot;:&quot;classic&quot;}\">\n\t\t\t\t\t<div class=\"e-con-inner\">\n\t\t\t\t<div class=\"elementor-element elementor-element-591f173 elementor-widget elementor-widget-heading\" data-id=\"591f173\" data-element_type=\"widget\" data-e-type=\"widget\" data-settings=\"{&quot;sticky&quot;:&quot;top&quot;,&quot;sticky_offset&quot;:116,&quot;sticky_offset_mobile&quot;:116,&quot;sticky_on&quot;:[&quot;desktop&quot;,&quot;tablet&quot;,&quot;mobile&quot;],&quot;sticky_effects_offset&quot;:0,&quot;sticky_anchor_link_offset&quot;:0}\" data-widget_type=\"heading.default\">\n\t\t\t\t<div class=\"elementor-widget-container\">\n\t\t\t\t\t<h1 class=\"elementor-heading-title elementor-size-default\">05<\/h1>\t\t\t\t<\/div>\n\t\t\t\t<\/div>\n\t\t\t\t<div class=\"elementor-element elementor-element-dfddf35 elementor-widget elementor-widget-heading\" data-id=\"dfddf35\" data-element_type=\"widget\" data-e-type=\"widget\" data-widget_type=\"heading.default\">\n\t\t\t\t<div class=\"elementor-widget-container\">\n\t\t\t\t\t<h2 class=\"elementor-heading-title elementor-size-default\">Hur tegelsten fr\u00e5n Flensburg\u2028 kom till Karibien \u2026<\/h2>\t\t\t\t<\/div>\n\t\t\t\t<\/div>\n\t\t\t\t<div class=\"elementor-element elementor-element-e2257ac elementor-widget elementor-widget-text-editor\" data-id=\"e2257ac\" data-element_type=\"widget\" data-e-type=\"widget\" data-widget_type=\"text-editor.default\">\n\t\t\t\t<div class=\"elementor-widget-container\">\n\t\t\t\t\t\t\t\t\t<p>Tegelsten fr\u00e5n Flensburg tj\u00e4nade som barlast p\u00e5 handelsfartygen och anv\u00e4ndes f\u00f6r att bygga f\u00e4stningar, hus, v\u00e4gar och trappor p\u00e5 de sm\u00e5 \u00f6arna.<br \/>Till idag ser man \u00f6verallt dessa typiska gula stenar. De producerades i m\u00e5nga tegelbruk runt omkring Flensburgfjorden, t.ex. i Catherinesminde (p\u00e5 halv\u00f6n Broager, mittemot den tyska orten Holnis) d\u00e4r man \u00e4n idag kan hitta samma gula rester vid kusten.<\/p>\t\t\t\t\t\t\t\t<\/div>\n\t\t\t\t<\/div>\n\t\t\t\t<div class=\"elementor-element elementor-element-63e8adf elementor-widget elementor-widget-heading\" data-id=\"63e8adf\" data-element_type=\"widget\" data-e-type=\"widget\" data-widget_type=\"heading.default\">\n\t\t\t\t<div class=\"elementor-widget-container\">\n\t\t\t\t\t<h3 class=\"elementor-heading-title elementor-size-default\">Sm\u00e5 bilder fr\u00e5n v\u00e4nster till h\u00f6ger:<\/h3>\t\t\t\t<\/div>\n\t\t\t\t<\/div>\n\t\t\t\t<div class=\"elementor-element elementor-element-75bda90 elementor-widget elementor-widget-text-editor\" data-id=\"75bda90\" data-element_type=\"widget\" data-e-type=\"widget\" data-widget_type=\"text-editor.default\">\n\t\t\t\t<div class=\"elementor-widget-container\">\n\t\t\t\t\t\t\t\t\t<ul><li><p>G\u00e5rden p\u00e5 Fort Christiansv\u00e6rn (St. Croix)<\/p><\/li><li><p>\u201dNinetynine steps\u201d \u2013 den ber\u00f6mda trappan genom det historiska kvarteret av Charlotte Amalie (St. Thomas)<\/p><\/li><li><p>Trappan till Frederik Church i Charlotte Amalie (St. Thomas)<\/p><\/li><\/ul>\t\t\t\t\t\t\t\t<\/div>\n\t\t\t\t<\/div>\n\t\t\t\t\t<\/div>\n\t\t\t\t<\/div>\n\t\t\t\t<\/div>\n\t\t","protected":false},"excerpt":{"rendered":"<p>05 Hur tegelsten fr\u00e5n Flensburg\u2028 kom till Karibien \u2026 Tegelsten fr\u00e5n Flensburg tj\u00e4nade som barlast p\u00e5 handelsfartygen och anv\u00e4ndes f\u00f6r att bygga f\u00e4stningar, hus, v\u00e4gar och trappor p\u00e5 de sm\u00e5 \u00f6arna.Till idag ser man \u00f6verallt dessa typiska gula stenar. De producerades i m\u00e5nga tegelbruk runt omkring Flensburgfjorden, t.ex. i Catherinesminde (p\u00e5 halv\u00f6n Broager, mittemot den [&hellip;]<\/p>\n","protected":false},"author":1,"featured_media":0,"parent":0,"menu_order":50,"comment_status":"closed","ping_status":"closed","template":"","meta":{"footnotes":""},"class_list":["post-2987","page","type-page","status-publish","hentry"],"_links":{"self":[{"href":"https:\/\/museum.braasch.sh\/sv\/wp-json\/wp\/v2\/pages\/2987","targetHints":{"allow":["GET"]}}],"collection":[{"href":"https:\/\/museum.braasch.sh\/sv\/wp-json\/wp\/v2\/pages"}],"about":[{"href":"https:\/\/museum.braasch.sh\/sv\/wp-json\/wp\/v2\/types\/page"}],"author":[{"embeddable":true,"href":"https:\/\/museum.braasch.sh\/sv\/wp-json\/wp\/v2\/users\/1"}],"replies":[{"embeddable":true,"href":"https:\/\/museum.braasch.sh\/sv\/wp-json\/wp\/v2\/comments?post=2987"}],"version-history":[{"count":28,"href":"https:\/\/museum.braasch.sh\/sv\/wp-json\/wp\/v2\/pages\/2987\/revisions"}],"predecessor-version":[{"id":4545,"href":"https:\/\/museum.braasch.sh\/sv\/wp-json\/wp\/v2\/pages\/2987\/revisions\/4545"}],"wp:attachment":[{"href":"https:\/\/museum.braasch.sh\/sv\/wp-json\/wp\/v2\/media?parent=2987"}],"curies":[{"name":"wp","href":"https:\/\/api.w.org\/{rel}","templated":true}]}}