{"id":2989,"date":"2024-05-29T10:14:12","date_gmt":"2024-05-29T08:14:12","guid":{"rendered":"https:\/\/museum.sites2.itd.tools\/tafel-06\/"},"modified":"2024-11-04T08:08:15","modified_gmt":"2024-11-04T07:08:15","slug":"tafel-06","status":"publish","type":"page","link":"https:\/\/museum.braasch.sh\/sv\/tafel-06\/","title":{"rendered":"06"},"content":{"rendered":"\t\t<div data-elementor-type=\"wp-page\" data-elementor-id=\"2989\" class=\"elementor elementor-2989 elementor-442\" data-elementor-post-type=\"page\">\n\t\t\t\t<div class=\"elementor-element elementor-element-e1f73de tafel-nav elementor-hidden-desktop e-flex e-con-boxed e-con e-parent\" data-id=\"e1f73de\" data-element_type=\"container\" data-e-type=\"container\" data-settings=\"{&quot;background_background&quot;:&quot;classic&quot;,&quot;sticky&quot;:&quot;top&quot;,&quot;sticky_offset_mobile&quot;:58,&quot;sticky_offset&quot;:50,&quot;sticky_on&quot;:[&quot;desktop&quot;,&quot;tablet&quot;,&quot;mobile&quot;],&quot;sticky_effects_offset&quot;:0,&quot;sticky_anchor_link_offset&quot;:0}\">\n\t\t\t\t\t<div class=\"e-con-inner\">\n\t\t\t\t<div class=\"elementor-element elementor-element-8609438 elementor-nav-menu__align-center elementor-nav-menu--dropdown-none elementor-widget elementor-widget-nav-menu\" data-id=\"8609438\" data-element_type=\"widget\" data-e-type=\"widget\" data-settings=\"{&quot;layout&quot;:&quot;horizontal&quot;,&quot;submenu_icon&quot;:{&quot;value&quot;:&quot;&lt;svg aria-hidden=\\&quot;true\\&quot; class=\\&quot;e-font-icon-svg e-fas-caret-down\\&quot; viewBox=\\&quot;0 0 320 512\\&quot; xmlns=\\&quot;http:\\\/\\\/www.w3.org\\\/2000\\\/svg\\&quot;&gt;&lt;path d=\\&quot;M31.3 192h257.3c17.8 0 26.7 21.5 14.1 34.1L174.1 354.8c-7.8 7.8-20.5 7.8-28.3 0L17.2 226.1C4.6 213.5 13.5 192 31.3 192z\\&quot;&gt;&lt;\\\/path&gt;&lt;\\\/svg&gt;&quot;,&quot;library&quot;:&quot;fa-solid&quot;}}\" data-widget_type=\"nav-menu.default\">\n\t\t\t\t<div class=\"elementor-widget-container\">\n\t\t\t\t\t\t\t\t<nav aria-label=\"Men\u00fc\" class=\"elementor-nav-menu--main elementor-nav-menu__container elementor-nav-menu--layout-horizontal e--pointer-none\">\n\t\t\t\t<ul id=\"menu-1-8609438\" class=\"elementor-nav-menu\"><li class=\"left-tafel menu-item menu-item-type-post_type menu-item-object-page menu-item-4309\"><a href=\"https:\/\/museum.braasch.sh\/sv\/tafel-05\/\" class=\"elementor-item\">05<\/a><\/li>\n<li class=\"right-tafel menu-item menu-item-type-post_type menu-item-object-page menu-item-4471\"><a href=\"https:\/\/museum.braasch.sh\/sv\/tafel-07\/\" class=\"elementor-item\">07<\/a><\/li>\n<\/ul>\t\t\t<\/nav>\n\t\t\t\t\t\t<nav class=\"elementor-nav-menu--dropdown elementor-nav-menu__container\" aria-hidden=\"true\">\n\t\t\t\t<ul id=\"menu-2-8609438\" class=\"elementor-nav-menu\"><li class=\"left-tafel menu-item menu-item-type-post_type menu-item-object-page menu-item-4309\"><a href=\"https:\/\/museum.braasch.sh\/sv\/tafel-05\/\" class=\"elementor-item\" tabindex=\"-1\">05<\/a><\/li>\n<li class=\"right-tafel menu-item menu-item-type-post_type menu-item-object-page menu-item-4471\"><a href=\"https:\/\/museum.braasch.sh\/sv\/tafel-07\/\" class=\"elementor-item\" tabindex=\"-1\">07<\/a><\/li>\n<\/ul>\t\t\t<\/nav>\n\t\t\t\t\t\t<\/div>\n\t\t\t\t<\/div>\n\t\t\t\t\t<\/div>\n\t\t\t\t<\/div>\n\t\t<div class=\"elementor-element elementor-element-7ec9429 elementor-hidden-desktop e-flex e-con-boxed e-con e-parent\" data-id=\"7ec9429\" data-element_type=\"container\" data-e-type=\"container\" data-settings=\"{&quot;background_background&quot;:&quot;classic&quot;}\">\n\t\t\t\t\t<div class=\"e-con-inner\">\n\t\t\t\t<div class=\"elementor-element elementor-element-402e78a elementor-widget elementor-widget-heading\" data-id=\"402e78a\" data-element_type=\"widget\" data-e-type=\"widget\" data-settings=\"{&quot;sticky&quot;:&quot;top&quot;,&quot;sticky_offset&quot;:116,&quot;sticky_offset_mobile&quot;:116,&quot;sticky_on&quot;:[&quot;desktop&quot;,&quot;tablet&quot;,&quot;mobile&quot;],&quot;sticky_effects_offset&quot;:0,&quot;sticky_anchor_link_offset&quot;:0}\" data-widget_type=\"heading.default\">\n\t\t\t\t<div class=\"elementor-widget-container\">\n\t\t\t\t\t<h1 class=\"elementor-heading-title elementor-size-default\">06<\/h1>\t\t\t\t<\/div>\n\t\t\t\t<\/div>\n\t\t\t\t<div class=\"elementor-element elementor-element-5e0b266 elementor-widget elementor-widget-heading\" data-id=\"5e0b266\" data-element_type=\"widget\" data-e-type=\"widget\" data-widget_type=\"heading.default\">\n\t\t\t\t<div class=\"elementor-widget-container\">\n\t\t\t\t\t<h2 class=\"elementor-heading-title elementor-size-default\">Skuggsidan av en<br \/> blomstrande handel<\/h2>\t\t\t\t<\/div>\n\t\t\t\t<\/div>\n\t\t\t\t<div class=\"elementor-element elementor-element-eddd73e elementor-widget elementor-widget-text-editor\" data-id=\"eddd73e\" data-element_type=\"widget\" data-e-type=\"widget\" data-widget_type=\"text-editor.default\">\n\t\t\t\t<div class=\"elementor-widget-container\">\n\t\t\t\t\t\t\t\t\t<p>Slavar, socker och rom h\u00f6rde till de viktigaste drivkrafterna f\u00f6r den transatlantiska triangelhandeln som f\u00f6rband Europa, V\u00e4stafrika och Amerika fr\u00e5n 1500- till 1800-talet.<\/p><p>Fr\u00e5n Europa levererades fr\u00e4mst billiga bytesvaror som tyg, vapen och br\u00e4nnvin till V\u00e4stafrikas kuster. D\u00e4r lastades skeppen med \u201dm\u00e4nsklig frakt\u201d \u2013 jagade, bortr\u00f6vade och vana vid tropiska temperaturer. De hade endast ytterst litet utrymme p\u00e5 b\u00e5tarna.<\/p><p>M\u00e5nga \u00f6verlevde inte resan \u00f6ver Atlanten till V\u00e4stindien som tog flera veckor. Eftersom arbetsvillkoren var h\u00e5rda och de behandlades v\u00e4ldigt d\u00e5ligt dog fler av dessa m\u00e4nniskor \u00e4n nya f\u00f6ddes. D\u00e4rf\u00f6r beh\u00f6vdes st\u00e4ndigt nya \u201dleveranser\u201d.<\/p><p>Skeppen fr\u00e5n Flensburg brukade \u00e5ka direkt till Karibien med tegel ombord och anv\u00e4ndes inte f\u00f6r slavhandel. \u00c4nd\u00e5 profiterade alla som var inblandade i socker- och romhandeln indirekt av denna m\u00e4nniskohandel.<\/p><p>Triangelhandeln varade i 300 \u00e5r. Man uppskattar att upp till 10 till 15 miljoner afrikaner f\u00f6rslavades under den tiden.<\/p><p>\u00a0<\/p>\t\t\t\t\t\t\t\t<\/div>\n\t\t\t\t<\/div>\n\t\t\t\t<div class=\"elementor-element elementor-element-64ee9b9 elementor-widget elementor-widget-text-editor\" data-id=\"64ee9b9\" data-element_type=\"widget\" data-e-type=\"widget\" data-widget_type=\"text-editor.default\">\n\t\t\t\t<div class=\"elementor-widget-container\">\n\t\t\t\t\t\t\t\t\t<p><em><strong>Heinrich Carl von Schimmelmann<\/strong>, skicklig i aff\u00e4rer, var k\u00f6pman fr\u00e5n Pommern och skattm\u00e4stare \u00f6ver Danmarks finanser. Han perfektionerade triangelhandeln. Sedan 1763 \u00e4gde han de fyra st\u00f6rsta plantagerna p\u00e5 \u00f6arna och fler \u00e4n 1000 slavar arbetade p\u00e5 hans gods.<\/em><br \/><em>Triangelhandeln gjorde honom till Europas rikaste man. Han \u00e4r ocks\u00e5 k\u00e4nd f\u00f6r att han k\u00f6pte slott Ahrensburg i n\u00e4rheten av Hamburg och grundade staden Ahrensburg.<\/em><\/p><p><em>Under hans sons inflytande, <strong>Ernst von Schimmelmann<\/strong>, avskaffade Danmark slavhandeln \u00e5r 1792 som f\u00f6rsta europeiska land \u2013 fast med en \u00f6verg\u00e5ngstid p\u00e5 10 \u00e5r.<\/em><\/p><p><em>Det var dock Danmarks sista generalguvern\u00f6r av Danska V\u00e4stindien <strong>Peter von Scholten<\/strong> som definitivt avslutade slaveriet. Den 3 juli 1848 frisl\u00e4ppte han alla slavar p\u00e5 \u00f6arna. En dj\u00e4rv g\u00e4rning \u2013 d\u00e4rf\u00f6r f\u00f6rs\u00f6kte folk avs\u00e4tta honom fr\u00e5n hans \u00e4mbete och stryka hans pension.<\/em><\/p>\t\t\t\t\t\t\t\t<\/div>\n\t\t\t\t<\/div>\n\t\t\t\t<div class=\"elementor-element elementor-element-f1ff123 elementor-widget elementor-widget-heading\" data-id=\"f1ff123\" data-element_type=\"widget\" data-e-type=\"widget\" data-widget_type=\"heading.default\">\n\t\t\t\t<div class=\"elementor-widget-container\">\n\t\t\t\t\t<h3 class=\"elementor-heading-title elementor-size-default\">Fler bildtexter:<\/h3>\t\t\t\t<\/div>\n\t\t\t\t<\/div>\n\t\t\t\t<div class=\"elementor-element elementor-element-e9105ce elementor-widget elementor-widget-text-editor\" data-id=\"e9105ce\" data-element_type=\"widget\" data-e-type=\"widget\" data-widget_type=\"text-editor.default\">\n\t\t\t\t<div class=\"elementor-widget-container\">\n\t\t\t\t\t\t\t\t\t<ul><li>Inkvarteringsplan p\u00e5 det engelska slavskeppet \u201dBrookes\u201d<\/li><li>Ett \u201dS\u201d i hj\u00e4rtat \u2013 ett makabert br\u00e4nnj\u00e4rn f\u00f6r familjen\u00a0 Schimmelmanns slavar<\/li><\/ul>\t\t\t\t\t\t\t\t<\/div>\n\t\t\t\t<\/div>\n\t\t\t\t\t<\/div>\n\t\t\t\t<\/div>\n\t\t\t\t<\/div>\n\t\t","protected":false},"excerpt":{"rendered":"<p>06 Skuggsidan av en blomstrande handel Slavar, socker och rom h\u00f6rde till de viktigaste drivkrafterna f\u00f6r den transatlantiska triangelhandeln som f\u00f6rband Europa, V\u00e4stafrika och Amerika fr\u00e5n 1500- till 1800-talet. Fr\u00e5n Europa levererades fr\u00e4mst billiga bytesvaror som tyg, vapen och br\u00e4nnvin till V\u00e4stafrikas kuster. D\u00e4r lastades skeppen med \u201dm\u00e4nsklig frakt\u201d \u2013 jagade, bortr\u00f6vade och vana vid [&hellip;]<\/p>\n","protected":false},"author":1,"featured_media":0,"parent":0,"menu_order":60,"comment_status":"closed","ping_status":"closed","template":"","meta":{"footnotes":""},"class_list":["post-2989","page","type-page","status-publish","hentry"],"_links":{"self":[{"href":"https:\/\/museum.braasch.sh\/sv\/wp-json\/wp\/v2\/pages\/2989","targetHints":{"allow":["GET"]}}],"collection":[{"href":"https:\/\/museum.braasch.sh\/sv\/wp-json\/wp\/v2\/pages"}],"about":[{"href":"https:\/\/museum.braasch.sh\/sv\/wp-json\/wp\/v2\/types\/page"}],"author":[{"embeddable":true,"href":"https:\/\/museum.braasch.sh\/sv\/wp-json\/wp\/v2\/users\/1"}],"replies":[{"embeddable":true,"href":"https:\/\/museum.braasch.sh\/sv\/wp-json\/wp\/v2\/comments?post=2989"}],"version-history":[{"count":43,"href":"https:\/\/museum.braasch.sh\/sv\/wp-json\/wp\/v2\/pages\/2989\/revisions"}],"predecessor-version":[{"id":4548,"href":"https:\/\/museum.braasch.sh\/sv\/wp-json\/wp\/v2\/pages\/2989\/revisions\/4548"}],"wp:attachment":[{"href":"https:\/\/museum.braasch.sh\/sv\/wp-json\/wp\/v2\/media?parent=2989"}],"curies":[{"name":"wp","href":"https:\/\/api.w.org\/{rel}","templated":true}]}}