{"id":2993,"date":"2024-07-31T11:48:24","date_gmt":"2024-07-31T09:48:24","guid":{"rendered":"https:\/\/museum.sites2.itd.tools\/tafel-07\/"},"modified":"2024-11-04T08:08:44","modified_gmt":"2024-11-04T07:08:44","slug":"tafel-07","status":"publish","type":"page","link":"https:\/\/museum.braasch.sh\/sv\/tafel-07\/","title":{"rendered":"07"},"content":{"rendered":"\t\t<div data-elementor-type=\"wp-page\" data-elementor-id=\"2993\" class=\"elementor elementor-2993 elementor-1703\" data-elementor-post-type=\"page\">\n\t\t\t\t<div class=\"elementor-element elementor-element-a10a17e tafel-nav elementor-hidden-desktop e-flex e-con-boxed e-con e-parent\" data-id=\"a10a17e\" data-element_type=\"container\" data-e-type=\"container\" data-settings=\"{&quot;background_background&quot;:&quot;classic&quot;,&quot;sticky&quot;:&quot;top&quot;,&quot;sticky_offset_mobile&quot;:58,&quot;sticky_offset&quot;:58,&quot;sticky_on&quot;:[&quot;desktop&quot;,&quot;tablet&quot;,&quot;mobile&quot;],&quot;sticky_effects_offset&quot;:0,&quot;sticky_anchor_link_offset&quot;:0}\">\n\t\t\t\t\t<div class=\"e-con-inner\">\n\t\t\t\t<div class=\"elementor-element elementor-element-0af7087 elementor-nav-menu__align-center elementor-nav-menu--dropdown-none elementor-widget elementor-widget-nav-menu\" data-id=\"0af7087\" data-element_type=\"widget\" data-e-type=\"widget\" data-settings=\"{&quot;layout&quot;:&quot;horizontal&quot;,&quot;submenu_icon&quot;:{&quot;value&quot;:&quot;&lt;svg aria-hidden=\\&quot;true\\&quot; class=\\&quot;e-font-icon-svg e-fas-caret-down\\&quot; viewBox=\\&quot;0 0 320 512\\&quot; xmlns=\\&quot;http:\\\/\\\/www.w3.org\\\/2000\\\/svg\\&quot;&gt;&lt;path d=\\&quot;M31.3 192h257.3c17.8 0 26.7 21.5 14.1 34.1L174.1 354.8c-7.8 7.8-20.5 7.8-28.3 0L17.2 226.1C4.6 213.5 13.5 192 31.3 192z\\&quot;&gt;&lt;\\\/path&gt;&lt;\\\/svg&gt;&quot;,&quot;library&quot;:&quot;fa-solid&quot;}}\" data-widget_type=\"nav-menu.default\">\n\t\t\t\t<div class=\"elementor-widget-container\">\n\t\t\t\t\t\t\t\t<nav aria-label=\"Men\u00fc\" class=\"elementor-nav-menu--main elementor-nav-menu__container elementor-nav-menu--layout-horizontal e--pointer-none\">\n\t\t\t\t<ul id=\"menu-1-0af7087\" class=\"elementor-nav-menu\"><li class=\"left-tafel menu-item menu-item-type-post_type menu-item-object-page menu-item-4311\"><a href=\"https:\/\/museum.braasch.sh\/sv\/tafel-06\/\" class=\"elementor-item\">06<\/a><\/li>\n<li class=\"right-tafel menu-item menu-item-type-post_type menu-item-object-page menu-item-4472\"><a href=\"https:\/\/museum.braasch.sh\/sv\/tafel-08\/\" class=\"elementor-item\">08<\/a><\/li>\n<\/ul>\t\t\t<\/nav>\n\t\t\t\t\t\t<nav class=\"elementor-nav-menu--dropdown elementor-nav-menu__container\" aria-hidden=\"true\">\n\t\t\t\t<ul id=\"menu-2-0af7087\" class=\"elementor-nav-menu\"><li class=\"left-tafel menu-item menu-item-type-post_type menu-item-object-page menu-item-4311\"><a href=\"https:\/\/museum.braasch.sh\/sv\/tafel-06\/\" class=\"elementor-item\" tabindex=\"-1\">06<\/a><\/li>\n<li class=\"right-tafel menu-item menu-item-type-post_type menu-item-object-page menu-item-4472\"><a href=\"https:\/\/museum.braasch.sh\/sv\/tafel-08\/\" class=\"elementor-item\" tabindex=\"-1\">08<\/a><\/li>\n<\/ul>\t\t\t<\/nav>\n\t\t\t\t\t\t<\/div>\n\t\t\t\t<\/div>\n\t\t\t\t\t<\/div>\n\t\t\t\t<\/div>\n\t\t<div class=\"elementor-element elementor-element-8c87699 elementor-hidden-desktop e-flex e-con-boxed e-con e-parent\" data-id=\"8c87699\" data-element_type=\"container\" data-e-type=\"container\" data-settings=\"{&quot;background_background&quot;:&quot;classic&quot;}\">\n\t\t\t\t\t<div class=\"e-con-inner\">\n\t\t\t\t<div class=\"elementor-element elementor-element-d5cf22d elementor-widget elementor-widget-heading\" data-id=\"d5cf22d\" data-element_type=\"widget\" data-e-type=\"widget\" data-settings=\"{&quot;sticky&quot;:&quot;top&quot;,&quot;sticky_offset&quot;:107,&quot;sticky_offset_mobile&quot;:116,&quot;sticky_on&quot;:[&quot;desktop&quot;,&quot;tablet&quot;,&quot;mobile&quot;],&quot;sticky_effects_offset&quot;:0,&quot;sticky_anchor_link_offset&quot;:0}\" data-widget_type=\"heading.default\">\n\t\t\t\t<div class=\"elementor-widget-container\">\n\t\t\t\t\t<h1 class=\"elementor-heading-title elementor-size-default\">07<\/h1>\t\t\t\t<\/div>\n\t\t\t\t<\/div>\n\t\t\t\t<div class=\"elementor-element elementor-element-17300a9 elementor-widget elementor-widget-heading\" data-id=\"17300a9\" data-element_type=\"widget\" data-e-type=\"widget\" data-widget_type=\"heading.default\">\n\t\t\t\t<div class=\"elementor-widget-container\">\n\t\t\t\t\t<h2 class=\"elementor-heading-title elementor-size-default\">V\u00e4rdet av socker<\/h2>\t\t\t\t<\/div>\n\t\t\t\t<\/div>\n\t\t\t\t<div class=\"elementor-element elementor-element-43cbc90 elementor-widget elementor-widget-text-editor\" data-id=\"43cbc90\" data-element_type=\"widget\" data-e-type=\"widget\" data-widget_type=\"text-editor.default\">\n\t\t\t\t<div class=\"elementor-widget-container\">\n\t\t\t\t\t\t\t\t\t<p><strong>R\u00e5vara som statussymbol, bytesvara och viktig global handelsvara<\/strong><br \/>\u00a0<br \/>\u00c5r 1372 byttes tv\u00e5 oxar mot 1 kg socker. Socker var s\u00e5 v\u00e4rdefullt att det var guld v\u00e4rt. Under flera \u00e5rhundraden var det endast adelsm\u00e4n och rika medborgare som hade r\u00e5d med denna lyxvara och sockret var d\u00e4rf\u00f6r inte bara medicin och njutningsvara utan \u00e4ven en statussymbol. <br \/>I slutet av medeltiden var sockrets v\u00e4rde ungef\u00e4r tio g\u00e5nger s\u00e5 h\u00f6gt som honungens.<\/p><p>Den efters\u00f6kta varan h\u00f6lls i s\u00e4rskilt f\u00f6rvar. Sockersk\u00e5lar eller sockerl\u00e5dor var vanligtvis elegant designade \u2013 till och med guld- eller silverpl\u00e4terade &#8211; och hade ett l\u00e5s eller h\u00e4ngl\u00e5s f\u00f6r att skydda de s\u00f6ta f\u00f6rem\u00e5len fr\u00e5n kl\u00e5fingriga typer. Idag \u00e4r vackra och v\u00e4lbevarade f\u00f6rem\u00e5l h\u00f6gt v\u00e4rderade av antikhandlare.<\/p>\t\t\t\t\t\t\t\t<\/div>\n\t\t\t\t<\/div>\n\t\t\t\t\t<\/div>\n\t\t\t\t<\/div>\n\t\t\t\t<\/div>\n\t\t","protected":false},"excerpt":{"rendered":"<p>07 V\u00e4rdet av socker R\u00e5vara som statussymbol, bytesvara och viktig global handelsvara\u00a0\u00c5r 1372 byttes tv\u00e5 oxar mot 1 kg socker. Socker var s\u00e5 v\u00e4rdefullt att det var guld v\u00e4rt. Under flera \u00e5rhundraden var det endast adelsm\u00e4n och rika medborgare som hade r\u00e5d med denna lyxvara och sockret var d\u00e4rf\u00f6r inte bara medicin och njutningsvara utan [&hellip;]<\/p>\n","protected":false},"author":1,"featured_media":0,"parent":0,"menu_order":70,"comment_status":"closed","ping_status":"closed","template":"","meta":{"footnotes":""},"class_list":["post-2993","page","type-page","status-publish","hentry"],"_links":{"self":[{"href":"https:\/\/museum.braasch.sh\/sv\/wp-json\/wp\/v2\/pages\/2993","targetHints":{"allow":["GET"]}}],"collection":[{"href":"https:\/\/museum.braasch.sh\/sv\/wp-json\/wp\/v2\/pages"}],"about":[{"href":"https:\/\/museum.braasch.sh\/sv\/wp-json\/wp\/v2\/types\/page"}],"author":[{"embeddable":true,"href":"https:\/\/museum.braasch.sh\/sv\/wp-json\/wp\/v2\/users\/1"}],"replies":[{"embeddable":true,"href":"https:\/\/museum.braasch.sh\/sv\/wp-json\/wp\/v2\/comments?post=2993"}],"version-history":[{"count":46,"href":"https:\/\/museum.braasch.sh\/sv\/wp-json\/wp\/v2\/pages\/2993\/revisions"}],"predecessor-version":[{"id":4551,"href":"https:\/\/museum.braasch.sh\/sv\/wp-json\/wp\/v2\/pages\/2993\/revisions\/4551"}],"wp:attachment":[{"href":"https:\/\/museum.braasch.sh\/sv\/wp-json\/wp\/v2\/media?parent=2993"}],"curies":[{"name":"wp","href":"https:\/\/api.w.org\/{rel}","templated":true}]}}