{"id":3003,"date":"2024-05-30T13:38:23","date_gmt":"2024-05-30T11:38:23","guid":{"rendered":"https:\/\/museum.sites2.itd.tools\/tafel-09\/"},"modified":"2024-11-04T08:09:36","modified_gmt":"2024-11-04T07:09:36","slug":"tafel-09","status":"publish","type":"page","link":"https:\/\/museum.braasch.sh\/sv\/tafel-09\/","title":{"rendered":"09"},"content":{"rendered":"\t\t<div data-elementor-type=\"wp-page\" data-elementor-id=\"3003\" class=\"elementor elementor-3003 elementor-841\" data-elementor-post-type=\"page\">\n\t\t\t\t<div class=\"elementor-element elementor-element-b12e318 tafel-nav elementor-hidden-desktop e-flex e-con-boxed e-con e-parent\" data-id=\"b12e318\" data-element_type=\"container\" data-e-type=\"container\" data-settings=\"{&quot;background_background&quot;:&quot;classic&quot;,&quot;sticky&quot;:&quot;top&quot;,&quot;sticky_offset_mobile&quot;:58,&quot;sticky_offset&quot;:50,&quot;sticky_on&quot;:[&quot;desktop&quot;,&quot;tablet&quot;,&quot;mobile&quot;],&quot;sticky_effects_offset&quot;:0,&quot;sticky_anchor_link_offset&quot;:0}\">\n\t\t\t\t\t<div class=\"e-con-inner\">\n\t\t\t\t<div class=\"elementor-element elementor-element-c15e402 elementor-nav-menu__align-center elementor-nav-menu--dropdown-none elementor-widget elementor-widget-nav-menu\" data-id=\"c15e402\" data-element_type=\"widget\" data-e-type=\"widget\" data-settings=\"{&quot;layout&quot;:&quot;horizontal&quot;,&quot;submenu_icon&quot;:{&quot;value&quot;:&quot;&lt;svg aria-hidden=\\&quot;true\\&quot; class=\\&quot;e-font-icon-svg e-fas-caret-down\\&quot; viewBox=\\&quot;0 0 320 512\\&quot; xmlns=\\&quot;http:\\\/\\\/www.w3.org\\\/2000\\\/svg\\&quot;&gt;&lt;path d=\\&quot;M31.3 192h257.3c17.8 0 26.7 21.5 14.1 34.1L174.1 354.8c-7.8 7.8-20.5 7.8-28.3 0L17.2 226.1C4.6 213.5 13.5 192 31.3 192z\\&quot;&gt;&lt;\\\/path&gt;&lt;\\\/svg&gt;&quot;,&quot;library&quot;:&quot;fa-solid&quot;}}\" data-widget_type=\"nav-menu.default\">\n\t\t\t\t<div class=\"elementor-widget-container\">\n\t\t\t\t\t\t\t\t<nav aria-label=\"Men\u00fc\" class=\"elementor-nav-menu--main elementor-nav-menu__container elementor-nav-menu--layout-horizontal e--pointer-none\">\n\t\t\t\t<ul id=\"menu-1-c15e402\" class=\"elementor-nav-menu\"><li class=\"left-tafel menu-item menu-item-type-post_type menu-item-object-page menu-item-4315\"><a href=\"https:\/\/museum.braasch.sh\/sv\/tafel-08\/\" class=\"elementor-item\">08<\/a><\/li>\n<li class=\"right-tafel menu-item menu-item-type-post_type menu-item-object-page menu-item-4474\"><a href=\"https:\/\/museum.braasch.sh\/sv\/tafel-10\/\" class=\"elementor-item\">10<\/a><\/li>\n<\/ul>\t\t\t<\/nav>\n\t\t\t\t\t\t<nav class=\"elementor-nav-menu--dropdown elementor-nav-menu__container\" aria-hidden=\"true\">\n\t\t\t\t<ul id=\"menu-2-c15e402\" class=\"elementor-nav-menu\"><li class=\"left-tafel menu-item menu-item-type-post_type menu-item-object-page menu-item-4315\"><a href=\"https:\/\/museum.braasch.sh\/sv\/tafel-08\/\" class=\"elementor-item\" tabindex=\"-1\">08<\/a><\/li>\n<li class=\"right-tafel menu-item menu-item-type-post_type menu-item-object-page menu-item-4474\"><a href=\"https:\/\/museum.braasch.sh\/sv\/tafel-10\/\" class=\"elementor-item\" tabindex=\"-1\">10<\/a><\/li>\n<\/ul>\t\t\t<\/nav>\n\t\t\t\t\t\t<\/div>\n\t\t\t\t<\/div>\n\t\t\t\t\t<\/div>\n\t\t\t\t<\/div>\n\t\t<div class=\"elementor-element elementor-element-5814d3c elementor-hidden-desktop e-flex e-con-boxed e-con e-parent\" data-id=\"5814d3c\" data-element_type=\"container\" data-e-type=\"container\" data-settings=\"{&quot;background_background&quot;:&quot;classic&quot;}\">\n\t\t\t\t\t<div class=\"e-con-inner\">\n\t\t\t\t<div class=\"elementor-element elementor-element-d3a49ec elementor-widget elementor-widget-heading\" data-id=\"d3a49ec\" data-element_type=\"widget\" data-e-type=\"widget\" data-settings=\"{&quot;sticky&quot;:&quot;top&quot;,&quot;sticky_offset&quot;:118,&quot;sticky_offset_mobile&quot;:116,&quot;sticky_on&quot;:[&quot;desktop&quot;,&quot;tablet&quot;,&quot;mobile&quot;],&quot;sticky_effects_offset&quot;:0,&quot;sticky_anchor_link_offset&quot;:0}\" data-widget_type=\"heading.default\">\n\t\t\t\t<div class=\"elementor-widget-container\">\n\t\t\t\t\t<h1 class=\"elementor-heading-title elementor-size-default\">09<\/h1>\t\t\t\t<\/div>\n\t\t\t\t<\/div>\n\t\t\t\t<div class=\"elementor-element elementor-element-85646d3 elementor-widget elementor-widget-heading\" data-id=\"85646d3\" data-element_type=\"widget\" data-e-type=\"widget\" data-widget_type=\"heading.default\">\n\t\t\t\t<div class=\"elementor-widget-container\">\n\t\t\t\t\t<h2 class=\"elementor-heading-title elementor-size-default\">P\u00e5 bes\u00f6k p\u00e5 Cruzan Rom<\/h2>\t\t\t\t<\/div>\n\t\t\t\t<\/div>\n\t\t\t\t<div class=\"elementor-element elementor-element-d7c34b0 elementor-widget elementor-widget-text-editor\" data-id=\"d7c34b0\" data-element_type=\"widget\" data-e-type=\"widget\" data-widget_type=\"text-editor.default\">\n\t\t\t\t<div class=\"elementor-widget-container\">\n\t\t\t\t\t\t\t\t\t<p><strong>Det sista destilleriet p\u00e5 U.S. Virgin Islands<\/strong><\/p><p>Mr. Donald Nelthropp \u00e4r den siste romtillverkaren p\u00e5 St. Croix. Han levererar rom till hela Amerika. Vi bes\u00f6kte honom \u00e5r 2005. Han \u00e4r glad \u00f6ver g\u00e4sterna fr\u00e5n Germany och guidar genom sin fabrik. Vi har en flaska med Braasch rom som present \u00e5t honom.<\/p><p>Han testar den \u201dgaskromatografiskt\u201d. Analysen \u00f6vertygar honom: Han j\u00e4mf\u00f6r inneh\u00e5llet och v\u00e4rdena med premiumsorterna fr\u00e5n Meyer\u2019s Rom. Han ger oss pappret med resultaten och tycker: \u201dNow take this sheet back to Germany and be proud of it\u201d.<\/p><p>Och det \u00e4r vi. \u2013 Vi gl\u00e4der oss att han och hans son Gary hade s\u00e5 mycket tid f\u00f6r oss och att det nu finns en flaska Braasch Rom i hans samling p\u00e5 \u00f6ver hundra sorter fr\u00e5n hela v\u00e4rlden.<\/p>\t\t\t\t\t\t\t\t<\/div>\n\t\t\t\t<\/div>\n\t\t\t\t\t<\/div>\n\t\t\t\t<\/div>\n\t\t\t\t<\/div>\n\t\t","protected":false},"excerpt":{"rendered":"<p>09 P\u00e5 bes\u00f6k p\u00e5 Cruzan Rom Det sista destilleriet p\u00e5 U.S. Virgin Islands Mr. Donald Nelthropp \u00e4r den siste romtillverkaren p\u00e5 St. Croix. Han levererar rom till hela Amerika. Vi bes\u00f6kte honom \u00e5r 2005. Han \u00e4r glad \u00f6ver g\u00e4sterna fr\u00e5n Germany och guidar genom sin fabrik. Vi har en flaska med Braasch rom som present [&hellip;]<\/p>\n","protected":false},"author":1,"featured_media":0,"parent":0,"menu_order":90,"comment_status":"closed","ping_status":"closed","template":"","meta":{"footnotes":""},"class_list":["post-3003","page","type-page","status-publish","hentry"],"_links":{"self":[{"href":"https:\/\/museum.braasch.sh\/sv\/wp-json\/wp\/v2\/pages\/3003","targetHints":{"allow":["GET"]}}],"collection":[{"href":"https:\/\/museum.braasch.sh\/sv\/wp-json\/wp\/v2\/pages"}],"about":[{"href":"https:\/\/museum.braasch.sh\/sv\/wp-json\/wp\/v2\/types\/page"}],"author":[{"embeddable":true,"href":"https:\/\/museum.braasch.sh\/sv\/wp-json\/wp\/v2\/users\/1"}],"replies":[{"embeddable":true,"href":"https:\/\/museum.braasch.sh\/sv\/wp-json\/wp\/v2\/comments?post=3003"}],"version-history":[{"count":25,"href":"https:\/\/museum.braasch.sh\/sv\/wp-json\/wp\/v2\/pages\/3003\/revisions"}],"predecessor-version":[{"id":4557,"href":"https:\/\/museum.braasch.sh\/sv\/wp-json\/wp\/v2\/pages\/3003\/revisions\/4557"}],"wp:attachment":[{"href":"https:\/\/museum.braasch.sh\/sv\/wp-json\/wp\/v2\/media?parent=3003"}],"curies":[{"name":"wp","href":"https:\/\/api.w.org\/{rel}","templated":true}]}}