{"id":3007,"date":"2024-05-30T13:38:37","date_gmt":"2024-05-30T11:38:37","guid":{"rendered":"https:\/\/museum.sites2.itd.tools\/tafel-10\/"},"modified":"2024-11-04T08:10:09","modified_gmt":"2024-11-04T07:10:09","slug":"tafel-10","status":"publish","type":"page","link":"https:\/\/museum.braasch.sh\/sv\/tafel-10\/","title":{"rendered":"10"},"content":{"rendered":"\t\t<div data-elementor-type=\"wp-page\" data-elementor-id=\"3007\" class=\"elementor elementor-3007 elementor-843\" data-elementor-post-type=\"page\">\n\t\t\t\t<div class=\"elementor-element elementor-element-9214369 tafel-nav elementor-hidden-desktop e-flex e-con-boxed e-con e-parent\" data-id=\"9214369\" data-element_type=\"container\" data-e-type=\"container\" data-settings=\"{&quot;background_background&quot;:&quot;classic&quot;,&quot;sticky&quot;:&quot;top&quot;,&quot;sticky_offset_mobile&quot;:58,&quot;sticky_offset&quot;:50,&quot;sticky_on&quot;:[&quot;desktop&quot;,&quot;tablet&quot;,&quot;mobile&quot;],&quot;sticky_effects_offset&quot;:0,&quot;sticky_anchor_link_offset&quot;:0}\">\n\t\t\t\t\t<div class=\"e-con-inner\">\n\t\t\t\t<div class=\"elementor-element elementor-element-fd3ca9c elementor-nav-menu__align-center elementor-nav-menu--dropdown-none elementor-widget elementor-widget-nav-menu\" data-id=\"fd3ca9c\" data-element_type=\"widget\" data-e-type=\"widget\" data-settings=\"{&quot;layout&quot;:&quot;horizontal&quot;,&quot;submenu_icon&quot;:{&quot;value&quot;:&quot;&lt;svg aria-hidden=\\&quot;true\\&quot; class=\\&quot;e-font-icon-svg e-fas-caret-down\\&quot; viewBox=\\&quot;0 0 320 512\\&quot; xmlns=\\&quot;http:\\\/\\\/www.w3.org\\\/2000\\\/svg\\&quot;&gt;&lt;path d=\\&quot;M31.3 192h257.3c17.8 0 26.7 21.5 14.1 34.1L174.1 354.8c-7.8 7.8-20.5 7.8-28.3 0L17.2 226.1C4.6 213.5 13.5 192 31.3 192z\\&quot;&gt;&lt;\\\/path&gt;&lt;\\\/svg&gt;&quot;,&quot;library&quot;:&quot;fa-solid&quot;}}\" data-widget_type=\"nav-menu.default\">\n\t\t\t\t<div class=\"elementor-widget-container\">\n\t\t\t\t\t\t\t\t<nav aria-label=\"Men\u00fc\" class=\"elementor-nav-menu--main elementor-nav-menu__container elementor-nav-menu--layout-horizontal e--pointer-none\">\n\t\t\t\t<ul id=\"menu-1-fd3ca9c\" class=\"elementor-nav-menu\"><li class=\"left-tafel menu-item menu-item-type-post_type menu-item-object-page menu-item-4317\"><a href=\"https:\/\/museum.braasch.sh\/sv\/tafel-09\/\" class=\"elementor-item\">09<\/a><\/li>\n<li class=\"right-tafel menu-item menu-item-type-post_type menu-item-object-page menu-item-4475\"><a href=\"https:\/\/museum.braasch.sh\/sv\/tafel-11\/\" class=\"elementor-item\">11<\/a><\/li>\n<\/ul>\t\t\t<\/nav>\n\t\t\t\t\t\t<nav class=\"elementor-nav-menu--dropdown elementor-nav-menu__container\" aria-hidden=\"true\">\n\t\t\t\t<ul id=\"menu-2-fd3ca9c\" class=\"elementor-nav-menu\"><li class=\"left-tafel menu-item menu-item-type-post_type menu-item-object-page menu-item-4317\"><a href=\"https:\/\/museum.braasch.sh\/sv\/tafel-09\/\" class=\"elementor-item\" tabindex=\"-1\">09<\/a><\/li>\n<li class=\"right-tafel menu-item menu-item-type-post_type menu-item-object-page menu-item-4475\"><a href=\"https:\/\/museum.braasch.sh\/sv\/tafel-11\/\" class=\"elementor-item\" tabindex=\"-1\">11<\/a><\/li>\n<\/ul>\t\t\t<\/nav>\n\t\t\t\t\t\t<\/div>\n\t\t\t\t<\/div>\n\t\t\t\t\t<\/div>\n\t\t\t\t<\/div>\n\t\t<div class=\"elementor-element elementor-element-0f5fdad elementor-hidden-desktop e-flex e-con-boxed e-con e-parent\" data-id=\"0f5fdad\" data-element_type=\"container\" data-e-type=\"container\" data-settings=\"{&quot;background_background&quot;:&quot;classic&quot;}\">\n\t\t\t\t\t<div class=\"e-con-inner\">\n\t\t\t\t<div class=\"elementor-element elementor-element-92e4a8c elementor-widget elementor-widget-heading\" data-id=\"92e4a8c\" data-element_type=\"widget\" data-e-type=\"widget\" data-settings=\"{&quot;sticky&quot;:&quot;top&quot;,&quot;sticky_offset&quot;:116,&quot;sticky_on&quot;:[&quot;desktop&quot;,&quot;tablet&quot;,&quot;mobile&quot;],&quot;sticky_effects_offset&quot;:0,&quot;sticky_anchor_link_offset&quot;:0}\" data-widget_type=\"heading.default\">\n\t\t\t\t<div class=\"elementor-widget-container\">\n\t\t\t\t\t<h1 class=\"elementor-heading-title elementor-size-default\">10<\/h1>\t\t\t\t<\/div>\n\t\t\t\t<\/div>\n\t\t\t\t<div class=\"elementor-element elementor-element-89a4df9 elementor-widget elementor-widget-heading\" data-id=\"89a4df9\" data-element_type=\"widget\" data-e-type=\"widget\" data-widget_type=\"heading.default\">\n\t\t\t\t<div class=\"elementor-widget-container\">\n\t\t\t\t\t<h2 class=\"elementor-heading-title elementor-size-default\">Rom fr\u00e5n Jamaica<\/h2>\t\t\t\t<\/div>\n\t\t\t\t<\/div>\n\t\t\t\t<div class=\"elementor-element elementor-element-919a3f1 elementor-widget elementor-widget-text-editor\" data-id=\"919a3f1\" data-element_type=\"widget\" data-e-type=\"widget\" data-widget_type=\"text-editor.default\">\n\t\t\t\t<div class=\"elementor-widget-container\">\n\t\t\t\t\t\t\t\t\t<p>N\u00e4r \u00d6sterrike och Preussen besegrade Danmark \u00e5r 1864 blev de tre sm\u00e5 \u00f6arna i Karibien till \u201dutland\u201d f\u00f6r k\u00f6pm\u00e4nnen i Flensburg. De var tvungna att orientera sig p\u00e5 nytt och seglade nu under det Nordtyska f\u00f6rbundets flagga till Jamaica. Jamaica \u00e4r den tredje st\u00f6rsta \u00f6n\u2028i Karibien och var brittisk kronkoloni p\u00e5 den tiden.<\/p><p>Nu importerade de rom fr\u00e5n Jamaica \u2013 en sort som hade tillverkats speciellt f\u00f6r den tyska marknaden och smaken, den s\u00e5 kallade \u201dGerman Flavoured Rum\u201d. Rom fr\u00e5n Jamaica importeras idag bl.a. via Amsterdam, Rotterdam, Hamburg och London.<\/p>\t\t\t\t\t\t\t\t<\/div>\n\t\t\t\t<\/div>\n\t\t\t\t\t<\/div>\n\t\t\t\t<\/div>\n\t\t\t\t<\/div>\n\t\t","protected":false},"excerpt":{"rendered":"<p>10 Rom fr\u00e5n Jamaica N\u00e4r \u00d6sterrike och Preussen besegrade Danmark \u00e5r 1864 blev de tre sm\u00e5 \u00f6arna i Karibien till \u201dutland\u201d f\u00f6r k\u00f6pm\u00e4nnen i Flensburg. De var tvungna att orientera sig p\u00e5 nytt och seglade nu under det Nordtyska f\u00f6rbundets flagga till Jamaica. Jamaica \u00e4r den tredje st\u00f6rsta \u00f6n\u2028i Karibien och var brittisk kronkoloni p\u00e5 [&hellip;]<\/p>\n","protected":false},"author":1,"featured_media":0,"parent":0,"menu_order":100,"comment_status":"closed","ping_status":"closed","template":"","meta":{"footnotes":""},"class_list":["post-3007","page","type-page","status-publish","hentry"],"_links":{"self":[{"href":"https:\/\/museum.braasch.sh\/sv\/wp-json\/wp\/v2\/pages\/3007","targetHints":{"allow":["GET"]}}],"collection":[{"href":"https:\/\/museum.braasch.sh\/sv\/wp-json\/wp\/v2\/pages"}],"about":[{"href":"https:\/\/museum.braasch.sh\/sv\/wp-json\/wp\/v2\/types\/page"}],"author":[{"embeddable":true,"href":"https:\/\/museum.braasch.sh\/sv\/wp-json\/wp\/v2\/users\/1"}],"replies":[{"embeddable":true,"href":"https:\/\/museum.braasch.sh\/sv\/wp-json\/wp\/v2\/comments?post=3007"}],"version-history":[{"count":22,"href":"https:\/\/museum.braasch.sh\/sv\/wp-json\/wp\/v2\/pages\/3007\/revisions"}],"predecessor-version":[{"id":4560,"href":"https:\/\/museum.braasch.sh\/sv\/wp-json\/wp\/v2\/pages\/3007\/revisions\/4560"}],"wp:attachment":[{"href":"https:\/\/museum.braasch.sh\/sv\/wp-json\/wp\/v2\/media?parent=3007"}],"curies":[{"name":"wp","href":"https:\/\/api.w.org\/{rel}","templated":true}]}}