{"id":3011,"date":"2024-07-31T12:38:53","date_gmt":"2024-07-31T10:38:53","guid":{"rendered":"https:\/\/museum.sites2.itd.tools\/tafel-11\/"},"modified":"2024-11-04T08:10:31","modified_gmt":"2024-11-04T07:10:31","slug":"tafel-11","status":"publish","type":"page","link":"https:\/\/museum.braasch.sh\/sv\/tafel-11\/","title":{"rendered":"11"},"content":{"rendered":"\t\t<div data-elementor-type=\"wp-page\" data-elementor-id=\"3011\" class=\"elementor elementor-3011 elementor-1742\" data-elementor-post-type=\"page\">\n\t\t\t\t<div class=\"elementor-element elementor-element-878b12d tafel-nav elementor-hidden-desktop e-flex e-con-boxed e-con e-parent\" data-id=\"878b12d\" data-element_type=\"container\" data-e-type=\"container\" data-settings=\"{&quot;background_background&quot;:&quot;classic&quot;,&quot;sticky&quot;:&quot;top&quot;,&quot;sticky_offset_mobile&quot;:58,&quot;sticky_offset&quot;:50,&quot;sticky_on&quot;:[&quot;desktop&quot;,&quot;tablet&quot;,&quot;mobile&quot;],&quot;sticky_effects_offset&quot;:0,&quot;sticky_anchor_link_offset&quot;:0}\">\n\t\t\t\t\t<div class=\"e-con-inner\">\n\t\t\t\t<div class=\"elementor-element elementor-element-6acdfc2 elementor-nav-menu__align-center elementor-nav-menu--dropdown-none elementor-widget elementor-widget-nav-menu\" data-id=\"6acdfc2\" data-element_type=\"widget\" data-e-type=\"widget\" data-settings=\"{&quot;layout&quot;:&quot;horizontal&quot;,&quot;submenu_icon&quot;:{&quot;value&quot;:&quot;&lt;svg aria-hidden=\\&quot;true\\&quot; class=\\&quot;e-font-icon-svg e-fas-caret-down\\&quot; viewBox=\\&quot;0 0 320 512\\&quot; xmlns=\\&quot;http:\\\/\\\/www.w3.org\\\/2000\\\/svg\\&quot;&gt;&lt;path d=\\&quot;M31.3 192h257.3c17.8 0 26.7 21.5 14.1 34.1L174.1 354.8c-7.8 7.8-20.5 7.8-28.3 0L17.2 226.1C4.6 213.5 13.5 192 31.3 192z\\&quot;&gt;&lt;\\\/path&gt;&lt;\\\/svg&gt;&quot;,&quot;library&quot;:&quot;fa-solid&quot;}}\" data-widget_type=\"nav-menu.default\">\n\t\t\t\t<div class=\"elementor-widget-container\">\n\t\t\t\t\t\t\t\t<nav aria-label=\"Men\u00fc\" class=\"elementor-nav-menu--main elementor-nav-menu__container elementor-nav-menu--layout-horizontal e--pointer-none\">\n\t\t\t\t<ul id=\"menu-1-6acdfc2\" class=\"elementor-nav-menu\"><li class=\"left-tafel menu-item menu-item-type-post_type menu-item-object-page menu-item-4319\"><a href=\"https:\/\/museum.braasch.sh\/sv\/tafel-10\/\" class=\"elementor-item\">10<\/a><\/li>\n<li class=\"right-tafel menu-item menu-item-type-post_type menu-item-object-page menu-item-4476\"><a href=\"https:\/\/museum.braasch.sh\/sv\/tafel-12\/\" class=\"elementor-item\">12<\/a><\/li>\n<\/ul>\t\t\t<\/nav>\n\t\t\t\t\t\t<nav class=\"elementor-nav-menu--dropdown elementor-nav-menu__container\" aria-hidden=\"true\">\n\t\t\t\t<ul id=\"menu-2-6acdfc2\" class=\"elementor-nav-menu\"><li class=\"left-tafel menu-item menu-item-type-post_type menu-item-object-page menu-item-4319\"><a href=\"https:\/\/museum.braasch.sh\/sv\/tafel-10\/\" class=\"elementor-item\" tabindex=\"-1\">10<\/a><\/li>\n<li class=\"right-tafel menu-item menu-item-type-post_type menu-item-object-page menu-item-4476\"><a href=\"https:\/\/museum.braasch.sh\/sv\/tafel-12\/\" class=\"elementor-item\" tabindex=\"-1\">12<\/a><\/li>\n<\/ul>\t\t\t<\/nav>\n\t\t\t\t\t\t<\/div>\n\t\t\t\t<\/div>\n\t\t\t\t\t<\/div>\n\t\t\t\t<\/div>\n\t\t<div class=\"elementor-element elementor-element-9d1d5b6 elementor-hidden-desktop e-flex e-con-boxed e-con e-parent\" data-id=\"9d1d5b6\" data-element_type=\"container\" data-e-type=\"container\" data-settings=\"{&quot;background_background&quot;:&quot;classic&quot;}\">\n\t\t\t\t\t<div class=\"e-con-inner\">\n\t\t\t\t<div class=\"elementor-element elementor-element-efc6301 elementor-widget elementor-widget-heading\" data-id=\"efc6301\" data-element_type=\"widget\" data-e-type=\"widget\" data-settings=\"{&quot;sticky&quot;:&quot;top&quot;,&quot;sticky_offset&quot;:116,&quot;sticky_on&quot;:[&quot;desktop&quot;,&quot;tablet&quot;,&quot;mobile&quot;],&quot;sticky_effects_offset&quot;:0,&quot;sticky_anchor_link_offset&quot;:0}\" data-widget_type=\"heading.default\">\n\t\t\t\t<div class=\"elementor-widget-container\">\n\t\t\t\t\t<h1 class=\"elementor-heading-title elementor-size-default\">11<\/h1>\t\t\t\t<\/div>\n\t\t\t\t<\/div>\n\t\t\t\t<div class=\"elementor-element elementor-element-e78fdb2 elementor-widget elementor-widget-heading\" data-id=\"e78fdb2\" data-element_type=\"widget\" data-e-type=\"widget\" data-widget_type=\"heading.default\">\n\t\t\t\t<div class=\"elementor-widget-container\">\n\t\t\t\t\t<h2 class=\"elementor-heading-title elementor-size-default\">S\u00e5 h\u00e4r fungerar<br \/> destillation\u2028<\/h2>\t\t\t\t<\/div>\n\t\t\t\t<\/div>\n\t\t\t\t<div class=\"elementor-element elementor-element-b3277b7 elementor-widget elementor-widget-text-editor\" data-id=\"b3277b7\" data-element_type=\"widget\" data-e-type=\"widget\" data-widget_type=\"text-editor.default\">\n\t\t\t\t<div class=\"elementor-widget-container\">\n\t\t\t\t\t\t\t\t\t<p><strong>Med denna kryddestilleringsapparat producerades inte rom \u2013 men principen \u00e4r den samma:\u2028<\/strong><\/p><p><strong>Enkelpanna<\/strong><br \/>F\u00f6r att tillverka ett kryddestillat fylls alkolhol, vatten och kryddor i en enkelpanna. F\u00f6r att tillverka akvavit tar man t.ex. anis och kummin, f\u00f6r rom skulle man ta m\u00e4sk. Efter att ha skruvat igen pannan hettas den upp \u2013 n\u00e4r man tillverkade rom f\u00f6rr i tiden med eld, i den h\u00e4r apparaten av\u00e4nds \u00e5nga.<\/p><p><strong>Hj\u00e4lm<\/strong><br \/>H\u00e4r f\u00e5ngas skummet och en f\u00f6rsta kondensation \u00e4ger rum. Alkohol\u00e5ngan droppar tillbaka i enkelpannan \u2013 destillationen b\u00f6rjar d\u00e4rf\u00f6r skonsamt.<\/p><p><strong>Stigr\u00f6r<\/strong><br \/>Genom upphettningen har alkoholen slutligen f\u00f6rvandlats till \u00e5nga och stiger in i spiralkylaren.<\/p><p><strong>Spiralkylaren<\/strong><br \/>I kylaren kondenserar \u00e5ngorna dvs. de f\u00f6rvandlas till flytande form. Den kondenserade v\u00e4tskan kyls d\u00e5 ner till den \u00f6nskade temperaturen. Den rinner genom f\u00f6rzinkade kopparspiraler uppifr\u00e5n och ner, det kylande vattnet stiger i motstr\u00f6m nerifr\u00e5n och upp.<\/p><p><strong>Skiktfilter<\/strong><br \/>Innan den f\u00e4rdiga spirituosan dras p\u00e5 flaskor filtreras den t.ex. med ett s\u00e5dant finskiktfilter med pappersskikt s\u00e5 att den inte \u00e4r grumlig.<\/p><p><strong>Alkoholpump<\/strong><br \/>Centrifugalpump som pumpar f\u00e4rdiga spritdrycker, mellanprodukter eller \u00e4ven rom fr\u00e5n fat till blandbeh\u00e5llare eller tv\u00e4rtom.<\/p>\t\t\t\t\t\t\t\t<\/div>\n\t\t\t\t<\/div>\n\t\t\t\t\t<\/div>\n\t\t\t\t<\/div>\n\t\t\t\t<\/div>\n\t\t","protected":false},"excerpt":{"rendered":"<p>11 S\u00e5 h\u00e4r fungerar destillation\u2028 Med denna kryddestilleringsapparat producerades inte rom \u2013 men principen \u00e4r den samma:\u2028 EnkelpannaF\u00f6r att tillverka ett kryddestillat fylls alkolhol, vatten och kryddor i en enkelpanna. F\u00f6r att tillverka akvavit tar man t.ex. anis och kummin, f\u00f6r rom skulle man ta m\u00e4sk. Efter att ha skruvat igen pannan hettas den upp [&hellip;]<\/p>\n","protected":false},"author":1,"featured_media":0,"parent":0,"menu_order":110,"comment_status":"closed","ping_status":"closed","template":"","meta":{"footnotes":""},"class_list":["post-3011","page","type-page","status-publish","hentry"],"_links":{"self":[{"href":"https:\/\/museum.braasch.sh\/sv\/wp-json\/wp\/v2\/pages\/3011","targetHints":{"allow":["GET"]}}],"collection":[{"href":"https:\/\/museum.braasch.sh\/sv\/wp-json\/wp\/v2\/pages"}],"about":[{"href":"https:\/\/museum.braasch.sh\/sv\/wp-json\/wp\/v2\/types\/page"}],"author":[{"embeddable":true,"href":"https:\/\/museum.braasch.sh\/sv\/wp-json\/wp\/v2\/users\/1"}],"replies":[{"embeddable":true,"href":"https:\/\/museum.braasch.sh\/sv\/wp-json\/wp\/v2\/comments?post=3011"}],"version-history":[{"count":25,"href":"https:\/\/museum.braasch.sh\/sv\/wp-json\/wp\/v2\/pages\/3011\/revisions"}],"predecessor-version":[{"id":4563,"href":"https:\/\/museum.braasch.sh\/sv\/wp-json\/wp\/v2\/pages\/3011\/revisions\/4563"}],"wp:attachment":[{"href":"https:\/\/museum.braasch.sh\/sv\/wp-json\/wp\/v2\/media?parent=3011"}],"curies":[{"name":"wp","href":"https:\/\/api.w.org\/{rel}","templated":true}]}}