{"id":3015,"date":"2024-07-31T12:59:05","date_gmt":"2024-07-31T10:59:05","guid":{"rendered":"https:\/\/museum.sites2.itd.tools\/tafel-12\/"},"modified":"2024-11-04T08:10:56","modified_gmt":"2024-11-04T07:10:56","slug":"tafel-12","status":"publish","type":"page","link":"https:\/\/museum.braasch.sh\/sv\/tafel-12\/","title":{"rendered":"12"},"content":{"rendered":"\t\t<div data-elementor-type=\"wp-page\" data-elementor-id=\"3015\" class=\"elementor elementor-3015 elementor-1757\" data-elementor-post-type=\"page\">\n\t\t\t\t<div class=\"elementor-element elementor-element-41b4e47 tafel-nav elementor-hidden-desktop e-flex e-con-boxed e-con e-parent\" data-id=\"41b4e47\" data-element_type=\"container\" data-e-type=\"container\" data-settings=\"{&quot;background_background&quot;:&quot;classic&quot;,&quot;sticky&quot;:&quot;top&quot;,&quot;sticky_offset_mobile&quot;:58,&quot;sticky_offset&quot;:50,&quot;sticky_on&quot;:[&quot;desktop&quot;,&quot;tablet&quot;,&quot;mobile&quot;],&quot;sticky_effects_offset&quot;:0,&quot;sticky_anchor_link_offset&quot;:0}\">\n\t\t\t\t\t<div class=\"e-con-inner\">\n\t\t\t\t<div class=\"elementor-element elementor-element-be95d9a elementor-nav-menu__align-center elementor-nav-menu--dropdown-none elementor-widget elementor-widget-nav-menu\" data-id=\"be95d9a\" data-element_type=\"widget\" data-e-type=\"widget\" data-settings=\"{&quot;layout&quot;:&quot;horizontal&quot;,&quot;submenu_icon&quot;:{&quot;value&quot;:&quot;&lt;svg aria-hidden=\\&quot;true\\&quot; class=\\&quot;e-font-icon-svg e-fas-caret-down\\&quot; viewBox=\\&quot;0 0 320 512\\&quot; xmlns=\\&quot;http:\\\/\\\/www.w3.org\\\/2000\\\/svg\\&quot;&gt;&lt;path d=\\&quot;M31.3 192h257.3c17.8 0 26.7 21.5 14.1 34.1L174.1 354.8c-7.8 7.8-20.5 7.8-28.3 0L17.2 226.1C4.6 213.5 13.5 192 31.3 192z\\&quot;&gt;&lt;\\\/path&gt;&lt;\\\/svg&gt;&quot;,&quot;library&quot;:&quot;fa-solid&quot;}}\" data-widget_type=\"nav-menu.default\">\n\t\t\t\t<div class=\"elementor-widget-container\">\n\t\t\t\t\t\t\t\t<nav aria-label=\"Men\u00fc\" class=\"elementor-nav-menu--main elementor-nav-menu__container elementor-nav-menu--layout-horizontal e--pointer-none\">\n\t\t\t\t<ul id=\"menu-1-be95d9a\" class=\"elementor-nav-menu\"><li class=\"left-tafel menu-item menu-item-type-post_type menu-item-object-page menu-item-4321\"><a href=\"https:\/\/museum.braasch.sh\/sv\/tafel-11\/\" class=\"elementor-item\">11<\/a><\/li>\n<li class=\"right-tafel menu-item menu-item-type-post_type menu-item-object-page menu-item-4477\"><a href=\"https:\/\/museum.braasch.sh\/sv\/tafel-13\/\" class=\"elementor-item\">13<\/a><\/li>\n<\/ul>\t\t\t<\/nav>\n\t\t\t\t\t\t<nav class=\"elementor-nav-menu--dropdown elementor-nav-menu__container\" aria-hidden=\"true\">\n\t\t\t\t<ul id=\"menu-2-be95d9a\" class=\"elementor-nav-menu\"><li class=\"left-tafel menu-item menu-item-type-post_type menu-item-object-page menu-item-4321\"><a href=\"https:\/\/museum.braasch.sh\/sv\/tafel-11\/\" class=\"elementor-item\" tabindex=\"-1\">11<\/a><\/li>\n<li class=\"right-tafel menu-item menu-item-type-post_type menu-item-object-page menu-item-4477\"><a href=\"https:\/\/museum.braasch.sh\/sv\/tafel-13\/\" class=\"elementor-item\" tabindex=\"-1\">13<\/a><\/li>\n<\/ul>\t\t\t<\/nav>\n\t\t\t\t\t\t<\/div>\n\t\t\t\t<\/div>\n\t\t\t\t\t<\/div>\n\t\t\t\t<\/div>\n\t\t<div class=\"elementor-element elementor-element-102a71e elementor-hidden-desktop e-flex e-con-boxed e-con e-parent\" data-id=\"102a71e\" data-element_type=\"container\" data-e-type=\"container\" data-settings=\"{&quot;background_background&quot;:&quot;classic&quot;}\">\n\t\t\t\t\t<div class=\"e-con-inner\">\n\t\t\t\t<div class=\"elementor-element elementor-element-6e83198 elementor-widget elementor-widget-heading\" data-id=\"6e83198\" data-element_type=\"widget\" data-e-type=\"widget\" data-settings=\"{&quot;sticky&quot;:&quot;top&quot;,&quot;sticky_offset&quot;:116,&quot;sticky_on&quot;:[&quot;desktop&quot;,&quot;tablet&quot;,&quot;mobile&quot;],&quot;sticky_effects_offset&quot;:0,&quot;sticky_anchor_link_offset&quot;:0}\" data-widget_type=\"heading.default\">\n\t\t\t\t<div class=\"elementor-widget-container\">\n\t\t\t\t\t<h1 class=\"elementor-heading-title elementor-size-default\">12<\/h1>\t\t\t\t<\/div>\n\t\t\t\t<\/div>\n\t\t\t\t<div class=\"elementor-element elementor-element-17ac48d elementor-widget elementor-widget-heading\" data-id=\"17ac48d\" data-element_type=\"widget\" data-e-type=\"widget\" data-widget_type=\"heading.default\">\n\t\t\t\t<div class=\"elementor-widget-container\">\n\t\t\t\t\t<h2 class=\"elementor-heading-title elementor-size-default\">Romtillverkning i<br \/>Flensburg<\/h2>\t\t\t\t<\/div>\n\t\t\t\t<\/div>\n\t\t\t\t<div class=\"elementor-element elementor-element-eaccb72 elementor-widget elementor-widget-text-editor\" data-id=\"eaccb72\" data-element_type=\"widget\" data-e-type=\"widget\" data-widget_type=\"text-editor.default\">\n\t\t\t\t<div class=\"elementor-widget-container\">\n\t\t\t\t\t\t\t\t\t<p>Karibiens guld, \u201dPure Rum\u201d, som kom till Flensburg, med 70% var f\u00f6r stark f\u00f6r att kunna drickas outsp\u00e4dd. Den mognade i\u00a0 romfabrikanternas k\u00e4llare och lager innan den kunde sp\u00e4das ut med vatten till drickbar intensitet.<\/p><p>Och s\u00e5 som varje plantage p\u00e5 \u00f6arna destillerade sin egen romtyp s\u00e5 hade varje romfabrikant i Flensburg sin egen \u201dblandning\u201d, sitt eget, mycket speciella recept p\u00e5 hur romsorterna skulle\u2028komponeras.<\/p><p>S\u00e5 uppstod en otrolig m\u00e5ngfald och uts\u00f6kta kvaliteter. Det var ursprunget till Flensburgs rykte som romstad.<\/p><p>I mitten av 1700-talet l\u00e4r det ha funnits fler \u00e4n 200 br\u00e4nnvinsbr\u00e4nnerier i k\u00e4llarvalv och p\u00e5 bakg\u00e5rdar i gamla stan. Om det fanns tillr\u00e4ckligt med br\u00f6d till befolkningen var det till\u00e5tet f\u00f6r varje borgare att\u2028producera br\u00e4nnvin av det spannm\u00e5l som fanns kvar.<\/p><p>Detta fenomen och den h\u00f6ga tullen p\u00e5 utl\u00e4ndsk rom ledde till uppfinningen av f\u00f6rsk\u00e4rningen. Blandningen av br\u00e4nnvin som tillverkades av s\u00e4d (senare potatis) med det aromatiska, h\u00f6gprocentiga sockerr\u00f6rdestillatet var mycket omtyckt. Drycken s\u00e5ldes i stora m\u00e4ngder till norska valf\u00e5ngare.<\/p><p>I b\u00f6rjan av 1900-talet fanns det \u00e4nnu 30 rom- och spirituosatillverkare. Genom krig, olika gr\u00e4nsf\u00f6rlopp, tekniska f\u00f6r\u00e4ndringar och f\u00f6r\u00e4ndrade marknadssituationer reducerades antalet f\u00f6retag och de stora k\u00f6pte upp de sm\u00e5.<\/p><p>Sedan k\u00f6pmansfamiljen Dethleffsen slutade sina aff\u00e4rer med spritdrycker 1998 \u00e4r det bara n\u00e5gra f\u00e5 romaff\u00e4rer som f\u00f6ljer den gamla traditionen: bl.a. f\u00f6retagen Johannsen och Braasch.<\/p>\t\t\t\t\t\t\t\t<\/div>\n\t\t\t\t<\/div>\n\t\t\t\t\t<\/div>\n\t\t\t\t<\/div>\n\t\t\t\t<\/div>\n\t\t","protected":false},"excerpt":{"rendered":"<p>12 Romtillverkning iFlensburg Karibiens guld, \u201dPure Rum\u201d, som kom till Flensburg, med 70% var f\u00f6r stark f\u00f6r att kunna drickas outsp\u00e4dd. Den mognade i\u00a0 romfabrikanternas k\u00e4llare och lager innan den kunde sp\u00e4das ut med vatten till drickbar intensitet. Och s\u00e5 som varje plantage p\u00e5 \u00f6arna destillerade sin egen romtyp s\u00e5 hade varje romfabrikant i Flensburg [&hellip;]<\/p>\n","protected":false},"author":1,"featured_media":0,"parent":0,"menu_order":120,"comment_status":"closed","ping_status":"closed","template":"","meta":{"footnotes":""},"class_list":["post-3015","page","type-page","status-publish","hentry"],"_links":{"self":[{"href":"https:\/\/museum.braasch.sh\/sv\/wp-json\/wp\/v2\/pages\/3015","targetHints":{"allow":["GET"]}}],"collection":[{"href":"https:\/\/museum.braasch.sh\/sv\/wp-json\/wp\/v2\/pages"}],"about":[{"href":"https:\/\/museum.braasch.sh\/sv\/wp-json\/wp\/v2\/types\/page"}],"author":[{"embeddable":true,"href":"https:\/\/museum.braasch.sh\/sv\/wp-json\/wp\/v2\/users\/1"}],"replies":[{"embeddable":true,"href":"https:\/\/museum.braasch.sh\/sv\/wp-json\/wp\/v2\/comments?post=3015"}],"version-history":[{"count":22,"href":"https:\/\/museum.braasch.sh\/sv\/wp-json\/wp\/v2\/pages\/3015\/revisions"}],"predecessor-version":[{"id":4566,"href":"https:\/\/museum.braasch.sh\/sv\/wp-json\/wp\/v2\/pages\/3015\/revisions\/4566"}],"wp:attachment":[{"href":"https:\/\/museum.braasch.sh\/sv\/wp-json\/wp\/v2\/media?parent=3015"}],"curies":[{"name":"wp","href":"https:\/\/api.w.org\/{rel}","templated":true}]}}