{"id":3019,"date":"2024-07-31T13:04:30","date_gmt":"2024-07-31T11:04:30","guid":{"rendered":"https:\/\/museum.sites2.itd.tools\/tafel-13\/"},"modified":"2024-11-04T08:11:25","modified_gmt":"2024-11-04T07:11:25","slug":"tafel-13","status":"publish","type":"page","link":"https:\/\/museum.braasch.sh\/sv\/tafel-13\/","title":{"rendered":"13"},"content":{"rendered":"\t\t<div data-elementor-type=\"wp-page\" data-elementor-id=\"3019\" class=\"elementor elementor-3019 elementor-1762\" data-elementor-post-type=\"page\">\n\t\t\t\t<div class=\"elementor-element elementor-element-8ce7634 tafel-nav elementor-hidden-desktop e-flex e-con-boxed e-con e-parent\" data-id=\"8ce7634\" data-element_type=\"container\" data-e-type=\"container\" data-settings=\"{&quot;background_background&quot;:&quot;classic&quot;,&quot;sticky&quot;:&quot;top&quot;,&quot;sticky_offset_mobile&quot;:58,&quot;sticky_offset&quot;:50,&quot;sticky_on&quot;:[&quot;desktop&quot;,&quot;tablet&quot;,&quot;mobile&quot;],&quot;sticky_effects_offset&quot;:0,&quot;sticky_anchor_link_offset&quot;:0}\">\n\t\t\t\t\t<div class=\"e-con-inner\">\n\t\t\t\t<div class=\"elementor-element elementor-element-6cc5cf1 elementor-nav-menu__align-center elementor-nav-menu--dropdown-none elementor-widget elementor-widget-nav-menu\" data-id=\"6cc5cf1\" data-element_type=\"widget\" data-e-type=\"widget\" data-settings=\"{&quot;layout&quot;:&quot;horizontal&quot;,&quot;submenu_icon&quot;:{&quot;value&quot;:&quot;&lt;svg aria-hidden=\\&quot;true\\&quot; class=\\&quot;e-font-icon-svg e-fas-caret-down\\&quot; viewBox=\\&quot;0 0 320 512\\&quot; xmlns=\\&quot;http:\\\/\\\/www.w3.org\\\/2000\\\/svg\\&quot;&gt;&lt;path d=\\&quot;M31.3 192h257.3c17.8 0 26.7 21.5 14.1 34.1L174.1 354.8c-7.8 7.8-20.5 7.8-28.3 0L17.2 226.1C4.6 213.5 13.5 192 31.3 192z\\&quot;&gt;&lt;\\\/path&gt;&lt;\\\/svg&gt;&quot;,&quot;library&quot;:&quot;fa-solid&quot;}}\" data-widget_type=\"nav-menu.default\">\n\t\t\t\t<div class=\"elementor-widget-container\">\n\t\t\t\t\t\t\t\t<nav aria-label=\"Men\u00fc\" class=\"elementor-nav-menu--main elementor-nav-menu__container elementor-nav-menu--layout-horizontal e--pointer-none\">\n\t\t\t\t<ul id=\"menu-1-6cc5cf1\" class=\"elementor-nav-menu\"><li class=\"left-tafel menu-item menu-item-type-post_type menu-item-object-page menu-item-4323\"><a href=\"https:\/\/museum.braasch.sh\/sv\/tafel-12\/\" class=\"elementor-item\">12<\/a><\/li>\n<li class=\"right-tafel menu-item menu-item-type-post_type menu-item-object-page menu-item-3432\"><a href=\"https:\/\/museum.braasch.sh\/sv\/tafel-14\/\" class=\"elementor-item\">14<\/a><\/li>\n<\/ul>\t\t\t<\/nav>\n\t\t\t\t\t\t<nav class=\"elementor-nav-menu--dropdown elementor-nav-menu__container\" aria-hidden=\"true\">\n\t\t\t\t<ul id=\"menu-2-6cc5cf1\" class=\"elementor-nav-menu\"><li class=\"left-tafel menu-item menu-item-type-post_type menu-item-object-page menu-item-4323\"><a href=\"https:\/\/museum.braasch.sh\/sv\/tafel-12\/\" class=\"elementor-item\" tabindex=\"-1\">12<\/a><\/li>\n<li class=\"right-tafel menu-item menu-item-type-post_type menu-item-object-page menu-item-3432\"><a href=\"https:\/\/museum.braasch.sh\/sv\/tafel-14\/\" class=\"elementor-item\" tabindex=\"-1\">14<\/a><\/li>\n<\/ul>\t\t\t<\/nav>\n\t\t\t\t\t\t<\/div>\n\t\t\t\t<\/div>\n\t\t\t\t\t<\/div>\n\t\t\t\t<\/div>\n\t\t<div class=\"elementor-element elementor-element-34d3e1e elementor-hidden-desktop e-flex e-con-boxed e-con e-parent\" data-id=\"34d3e1e\" data-element_type=\"container\" data-e-type=\"container\" data-settings=\"{&quot;background_background&quot;:&quot;classic&quot;}\">\n\t\t\t\t\t<div class=\"e-con-inner\">\n\t\t\t\t<div class=\"elementor-element elementor-element-09dddab elementor-widget elementor-widget-heading\" data-id=\"09dddab\" data-element_type=\"widget\" data-e-type=\"widget\" data-settings=\"{&quot;sticky&quot;:&quot;top&quot;,&quot;sticky_offset&quot;:116,&quot;sticky_on&quot;:[&quot;desktop&quot;,&quot;tablet&quot;,&quot;mobile&quot;],&quot;sticky_effects_offset&quot;:0,&quot;sticky_anchor_link_offset&quot;:0}\" data-widget_type=\"heading.default\">\n\t\t\t\t<div class=\"elementor-widget-container\">\n\t\t\t\t\t<h1 class=\"elementor-heading-title elementor-size-default\">13<\/h1>\t\t\t\t<\/div>\n\t\t\t\t<\/div>\n\t\t\t\t<div class=\"elementor-element elementor-element-54707ed elementor-widget elementor-widget-heading\" data-id=\"54707ed\" data-element_type=\"widget\" data-e-type=\"widget\" data-widget_type=\"heading.default\">\n\t\t\t\t<div class=\"elementor-widget-container\">\n\t\t\t\t\t<h2 class=\"elementor-heading-title elementor-size-default\">Indigo g\u00e5rden<\/h2>\t\t\t\t<\/div>\n\t\t\t\t<\/div>\n\t\t\t\t<div class=\"elementor-element elementor-element-7277305 elementor-widget elementor-widget-text-editor\" data-id=\"7277305\" data-element_type=\"widget\" data-e-type=\"widget\" data-widget_type=\"text-editor.default\">\n\t\t\t\t<div class=\"elementor-widget-container\">\n\t\t\t\t\t\t\t\t\t<p>J\u00fcrgen Brodersen \u2013 en \u00e4ttling till V\u00e4stindienfararna Asmus och Nis Brodersen \u2013 var k\u00f6pman. \u00c5r 1867 k\u00f6pte han sin f\u00f6re detta m\u00e4stares kolonialvaruaff\u00e4r H. P. Schmidt i Flensburg. F\u00f6retaget som hade grundats 1779 fanns p\u00e5 Angelburger Strasse 28 och kallades f\u00f6r \u201dIndigo g\u00e5rden\u201d f\u00f6rr i tiden. Fr\u00e5n och med d\u00e5 hette f\u00f6retaget \u201dJ. Brodersen, Flensburg, Kolonialvarugrossist, Kafferosteri och Rom-Import\u201d. J\u00fcrgen Brodersen var ordf\u00f6rande f\u00f6r Flensburgs Handelsf\u00f6rening i n\u00e4stan 20 \u00e5r eftersom han \u00e4gde ett av de mest betydande handelshus i staden.<\/p><p>Hans son Franz Nis Brodersen utvidgade f\u00f6retaget senare med tobaksfabrikation, ett fotogenlager och ett br\u00e4nnvinsbr\u00e4nneri. Kolonialvarorna bearbetades, f\u00f6r\u00e4dlades och s\u00e5ldes i Flensburg. Det sista r\u00f6rsockret fr\u00e5n Karibien som kom med ett segelfartyg direkt fr\u00e5n Karibien levererades \u00e5r 1895. 1929 var f\u00f6retaget J. Brodersen tvunget att sl\u00e5 igen portarna eftersom det viktigaste avs\u00e4ttningsomr\u00e5det i Nordslesvig hade blivit danskt igen efter folkomr\u00f6stningen \u00e5r 1920. Huset p\u00e5 Angelburger Strasse revs 1973 och i st\u00e4llet byggdes varuhuset \u201dC&amp;A\u201d p\u00e5 denna plats.<\/p>\t\t\t\t\t\t\t\t<\/div>\n\t\t\t\t<\/div>\n\t\t\t\t<div class=\"elementor-element elementor-element-df06e69 elementor-widget elementor-widget-text-editor\" data-id=\"df06e69\" data-element_type=\"widget\" data-e-type=\"widget\" data-widget_type=\"text-editor.default\">\n\t\t\t\t<div class=\"elementor-widget-container\">\n\t\t\t\t\t\t\t\t\t<p><strong>Namnet \u201dIndigo g\u00e5rden\u201d<\/strong><br \/>Priserna f\u00f6r det djupt bl\u00e5 f\u00e4rg\u00e4mnet varierade starkt. Det ber\u00e4ttas att en av v\u00e4stindienfararna en g\u00e5ng hade lagrat stora m\u00e4ngder av denna kolonialvara h\u00e4r p\u00e5 denna plats. Han lyckades s\u00e4lja f\u00e4rgen med stor vinst och byggde sedan huset p\u00e5 Angelburger Strasse 28.<\/p>\t\t\t\t\t\t\t\t<\/div>\n\t\t\t\t<\/div>\n\t\t\t\t\t<\/div>\n\t\t\t\t<\/div>\n\t\t\t\t<\/div>\n\t\t","protected":false},"excerpt":{"rendered":"<p>13 Indigo g\u00e5rden J\u00fcrgen Brodersen \u2013 en \u00e4ttling till V\u00e4stindienfararna Asmus och Nis Brodersen \u2013 var k\u00f6pman. \u00c5r 1867 k\u00f6pte han sin f\u00f6re detta m\u00e4stares kolonialvaruaff\u00e4r H. P. Schmidt i Flensburg. F\u00f6retaget som hade grundats 1779 fanns p\u00e5 Angelburger Strasse 28 och kallades f\u00f6r \u201dIndigo g\u00e5rden\u201d f\u00f6rr i tiden. Fr\u00e5n och med d\u00e5 hette f\u00f6retaget [&hellip;]<\/p>\n","protected":false},"author":1,"featured_media":0,"parent":0,"menu_order":130,"comment_status":"closed","ping_status":"closed","template":"","meta":{"footnotes":""},"class_list":["post-3019","page","type-page","status-publish","hentry"],"_links":{"self":[{"href":"https:\/\/museum.braasch.sh\/sv\/wp-json\/wp\/v2\/pages\/3019","targetHints":{"allow":["GET"]}}],"collection":[{"href":"https:\/\/museum.braasch.sh\/sv\/wp-json\/wp\/v2\/pages"}],"about":[{"href":"https:\/\/museum.braasch.sh\/sv\/wp-json\/wp\/v2\/types\/page"}],"author":[{"embeddable":true,"href":"https:\/\/museum.braasch.sh\/sv\/wp-json\/wp\/v2\/users\/1"}],"replies":[{"embeddable":true,"href":"https:\/\/museum.braasch.sh\/sv\/wp-json\/wp\/v2\/comments?post=3019"}],"version-history":[{"count":22,"href":"https:\/\/museum.braasch.sh\/sv\/wp-json\/wp\/v2\/pages\/3019\/revisions"}],"predecessor-version":[{"id":4569,"href":"https:\/\/museum.braasch.sh\/sv\/wp-json\/wp\/v2\/pages\/3019\/revisions\/4569"}],"wp:attachment":[{"href":"https:\/\/museum.braasch.sh\/sv\/wp-json\/wp\/v2\/media?parent=3019"}],"curies":[{"name":"wp","href":"https:\/\/api.w.org\/{rel}","templated":true}]}}