{"id":3023,"date":"2024-07-31T13:04:45","date_gmt":"2024-07-31T11:04:45","guid":{"rendered":"https:\/\/museum.sites2.itd.tools\/tafel-14\/"},"modified":"2024-11-04T08:11:51","modified_gmt":"2024-11-04T07:11:51","slug":"tafel-14","status":"publish","type":"page","link":"https:\/\/museum.braasch.sh\/sv\/tafel-14\/","title":{"rendered":"14"},"content":{"rendered":"\t\t<div data-elementor-type=\"wp-page\" data-elementor-id=\"3023\" class=\"elementor elementor-3023 elementor-1764\" data-elementor-post-type=\"page\">\n\t\t\t\t<div class=\"elementor-element elementor-element-227af7e tafel-nav elementor-hidden-desktop e-flex e-con-boxed e-con e-parent\" data-id=\"227af7e\" data-element_type=\"container\" data-e-type=\"container\" data-settings=\"{&quot;background_background&quot;:&quot;classic&quot;,&quot;sticky&quot;:&quot;top&quot;,&quot;sticky_offset_mobile&quot;:58,&quot;sticky_offset&quot;:50,&quot;sticky_on&quot;:[&quot;desktop&quot;,&quot;tablet&quot;,&quot;mobile&quot;],&quot;sticky_effects_offset&quot;:0,&quot;sticky_anchor_link_offset&quot;:0}\">\n\t\t\t\t\t<div class=\"e-con-inner\">\n\t\t\t\t<div class=\"elementor-element elementor-element-079a400 elementor-nav-menu__align-center elementor-nav-menu--dropdown-none elementor-widget elementor-widget-nav-menu\" data-id=\"079a400\" data-element_type=\"widget\" data-e-type=\"widget\" data-settings=\"{&quot;layout&quot;:&quot;horizontal&quot;,&quot;submenu_icon&quot;:{&quot;value&quot;:&quot;&lt;svg aria-hidden=\\&quot;true\\&quot; class=\\&quot;e-font-icon-svg e-fas-caret-down\\&quot; viewBox=\\&quot;0 0 320 512\\&quot; xmlns=\\&quot;http:\\\/\\\/www.w3.org\\\/2000\\\/svg\\&quot;&gt;&lt;path d=\\&quot;M31.3 192h257.3c17.8 0 26.7 21.5 14.1 34.1L174.1 354.8c-7.8 7.8-20.5 7.8-28.3 0L17.2 226.1C4.6 213.5 13.5 192 31.3 192z\\&quot;&gt;&lt;\\\/path&gt;&lt;\\\/svg&gt;&quot;,&quot;library&quot;:&quot;fa-solid&quot;}}\" data-widget_type=\"nav-menu.default\">\n\t\t\t\t<div class=\"elementor-widget-container\">\n\t\t\t\t\t\t\t\t<nav aria-label=\"Men\u00fc\" class=\"elementor-nav-menu--main elementor-nav-menu__container elementor-nav-menu--layout-horizontal e--pointer-none\">\n\t\t\t\t<ul id=\"menu-1-079a400\" class=\"elementor-nav-menu\"><li class=\"left-tafel menu-item menu-item-type-post_type menu-item-object-page menu-item-4325\"><a href=\"https:\/\/museum.braasch.sh\/sv\/tafel-13\/\" class=\"elementor-item\">13<\/a><\/li>\n<li class=\"right-tafel menu-item menu-item-type-post_type menu-item-object-page menu-item-3434\"><a href=\"https:\/\/museum.braasch.sh\/sv\/tafel-15\/\" class=\"elementor-item\">15<\/a><\/li>\n<\/ul>\t\t\t<\/nav>\n\t\t\t\t\t\t<nav class=\"elementor-nav-menu--dropdown elementor-nav-menu__container\" aria-hidden=\"true\">\n\t\t\t\t<ul id=\"menu-2-079a400\" class=\"elementor-nav-menu\"><li class=\"left-tafel menu-item menu-item-type-post_type menu-item-object-page menu-item-4325\"><a href=\"https:\/\/museum.braasch.sh\/sv\/tafel-13\/\" class=\"elementor-item\" tabindex=\"-1\">13<\/a><\/li>\n<li class=\"right-tafel menu-item menu-item-type-post_type menu-item-object-page menu-item-3434\"><a href=\"https:\/\/museum.braasch.sh\/sv\/tafel-15\/\" class=\"elementor-item\" tabindex=\"-1\">15<\/a><\/li>\n<\/ul>\t\t\t<\/nav>\n\t\t\t\t\t\t<\/div>\n\t\t\t\t<\/div>\n\t\t\t\t\t<\/div>\n\t\t\t\t<\/div>\n\t\t<div class=\"elementor-element elementor-element-c7eaf6a elementor-hidden-desktop e-flex e-con-boxed e-con e-parent\" data-id=\"c7eaf6a\" data-element_type=\"container\" data-e-type=\"container\" data-settings=\"{&quot;background_background&quot;:&quot;classic&quot;}\">\n\t\t\t\t\t<div class=\"e-con-inner\">\n\t\t\t\t<div class=\"elementor-element elementor-element-d1e73ea elementor-widget elementor-widget-heading\" data-id=\"d1e73ea\" data-element_type=\"widget\" data-e-type=\"widget\" data-settings=\"{&quot;sticky&quot;:&quot;top&quot;,&quot;sticky_offset&quot;:116,&quot;sticky_on&quot;:[&quot;desktop&quot;,&quot;tablet&quot;,&quot;mobile&quot;],&quot;sticky_effects_offset&quot;:0,&quot;sticky_anchor_link_offset&quot;:0}\" data-widget_type=\"heading.default\">\n\t\t\t\t<div class=\"elementor-widget-container\">\n\t\t\t\t\t<h1 class=\"elementor-heading-title elementor-size-default\">14<\/h1>\t\t\t\t<\/div>\n\t\t\t\t<\/div>\n\t\t\t\t<div class=\"elementor-element elementor-element-30cea04 elementor-widget elementor-widget-heading\" data-id=\"30cea04\" data-element_type=\"widget\" data-e-type=\"widget\" data-widget_type=\"heading.default\">\n\t\t\t\t<div class=\"elementor-widget-container\">\n\t\t\t\t\t<h2 class=\"elementor-heading-title elementor-size-default\">Hurra, rommen \u00e4r<br \/> tillbaka!<\/h2>\t\t\t\t<\/div>\n\t\t\t\t<\/div>\n\t\t\t\t<div class=\"elementor-element elementor-element-20fa033 elementor-widget elementor-widget-text-editor\" data-id=\"20fa033\" data-element_type=\"widget\" data-e-type=\"widget\" data-widget_type=\"text-editor.default\">\n\t\t\t\t<div class=\"elementor-widget-container\">\n\t\t\t\t\t\t\t\t\t<p>I november 1949 var det f\u00f6rsta g\u00e5ngen p\u00e5 15 \u00e5r som rom kom fr\u00e5n Jamaica till Flensburg. Med sitt motordrivna fartyg \u201dArak\u201d levererade romhandelshuset E. A. Scheer fr\u00e5n Amsterdam 25.000 liter av det flytande guldet och 9.000 liter arrak fr\u00e5n Batavia.<\/p><p>Den h\u00f6gprocentiga frakten v\u00e4lkomnades i hamnen med jubel, flaggor och hurrarop av m\u00e5nga m\u00e4nniskor trots att det regnade. Med storflaggning f\u00f6rt\u00f6jdes b\u00e5ten vid v\u00e4rdshuset Piet Henningsen.<br \/>Nederl\u00e4ndska och tyska tidningar ber\u00e4ttade om denna h\u00e4ndelse.<\/p><p>Flensburgs destillat\u00f6rer var mycket glada eftersom de \u00e4ntligen kunde fylla p\u00e5 sina tomma fat med ny rom i god tid f\u00f6re julhandeln.<\/p>\t\t\t\t\t\t\t\t<\/div>\n\t\t\t\t<\/div>\n\t\t\t\t\t<\/div>\n\t\t\t\t<\/div>\n\t\t\t\t<\/div>\n\t\t","protected":false},"excerpt":{"rendered":"<p>14 Hurra, rommen \u00e4r tillbaka! I november 1949 var det f\u00f6rsta g\u00e5ngen p\u00e5 15 \u00e5r som rom kom fr\u00e5n Jamaica till Flensburg. Med sitt motordrivna fartyg \u201dArak\u201d levererade romhandelshuset E. A. Scheer fr\u00e5n Amsterdam 25.000 liter av det flytande guldet och 9.000 liter arrak fr\u00e5n Batavia. Den h\u00f6gprocentiga frakten v\u00e4lkomnades i hamnen med jubel, flaggor [&hellip;]<\/p>\n","protected":false},"author":1,"featured_media":0,"parent":0,"menu_order":140,"comment_status":"closed","ping_status":"closed","template":"","meta":{"footnotes":""},"class_list":["post-3023","page","type-page","status-publish","hentry"],"_links":{"self":[{"href":"https:\/\/museum.braasch.sh\/sv\/wp-json\/wp\/v2\/pages\/3023","targetHints":{"allow":["GET"]}}],"collection":[{"href":"https:\/\/museum.braasch.sh\/sv\/wp-json\/wp\/v2\/pages"}],"about":[{"href":"https:\/\/museum.braasch.sh\/sv\/wp-json\/wp\/v2\/types\/page"}],"author":[{"embeddable":true,"href":"https:\/\/museum.braasch.sh\/sv\/wp-json\/wp\/v2\/users\/1"}],"replies":[{"embeddable":true,"href":"https:\/\/museum.braasch.sh\/sv\/wp-json\/wp\/v2\/comments?post=3023"}],"version-history":[{"count":25,"href":"https:\/\/museum.braasch.sh\/sv\/wp-json\/wp\/v2\/pages\/3023\/revisions"}],"predecessor-version":[{"id":4572,"href":"https:\/\/museum.braasch.sh\/sv\/wp-json\/wp\/v2\/pages\/3023\/revisions\/4572"}],"wp:attachment":[{"href":"https:\/\/museum.braasch.sh\/sv\/wp-json\/wp\/v2\/media?parent=3023"}],"curies":[{"name":"wp","href":"https:\/\/api.w.org\/{rel}","templated":true}]}}