{"id":4584,"date":"2024-05-27T22:36:13","date_gmt":"2024-05-27T20:36:13","guid":{"rendered":"https:\/\/museum.braasch.sh\/impressum\/"},"modified":"2024-11-08T12:05:20","modified_gmt":"2024-11-08T11:05:20","slug":"imprint","status":"publish","type":"page","link":"https:\/\/museum.braasch.sh\/sv\/imprint\/","title":{"rendered":"Imprint"},"content":{"rendered":"<h1>Impressum<\/h1>\n<p><b>Braasch Flensburg oHG<br \/>\n<\/b><b>Wein- und Rumhaus<\/b><\/p>\n<p>Gesch\u00e4ftsf\u00fchrende Gesellschafter:<\/p>\n<p>Walter Braasch<br \/>\nKarsten W. Braasch<\/p>\n<p>Rote Stra\u00dfe 26 &#8211; 28<br \/>\n24937 Flensburg<\/p>\n<p>Telefon:\u00a0<a href=\"tel:+49 (0)461 14 16 00\">+49 (0)461 14 16 00<\/a><br \/>\nFax:\u00a0<a href=\"tel:+49 (0)461 14 16 013\">+49 (0)461 14 16 013<\/a><br \/>\n<a href=\"&#109;&#x61;&#105;&#x6c;&#116;&#x6f;&#58;&#x77;&#101;&#x69;&#110;&#x2d;r&#x75;m&#x40;b&#x72;a&#x61;s&#x63;h&#46;&#x73;&#104;\">&#119;&#x65;i&#110;&#x2d;r&#117;&#x6d;&#64;&#98;&#x72;a&#97;&#x73;&#99;&#x68;&#x2e;&#115;&#x68;<\/a><\/p>\n<p>Registergericht AG Flensburg<br \/>\nHRA 9594 FL<br \/>\nUst-Ident-Nr. DE319617996<\/p>\n<p><strong>Verantwortlich f\u00fcr die Inhalte:<\/strong><br \/>\nWalter Braasch, Karsten W. Braasch<\/p>\n<p><strong>Informationen zur Online-Streitbeilegung:<br \/>\n<\/strong>Online-Streitbeilegung gem\u00e4\u00df Art. 14 Abs. 1 ODR-VO: Die Europ\u00e4ische Kommission stellt eine Plattform zur Online-Streitbeilegung (OS) bereit, die Sie unter\u00a0<a href=\"http:\/\/ec.europa.eu\/consumers\/odr\/\">http:\/\/ec.europa.eu\/consumers\/odr\/<\/a>\u00a0finden.<\/p>\n<p>&nbsp;<\/p>\n","protected":false},"excerpt":{"rendered":"<p>Impressum Braasch Flensburg oHG Wein- und Rumhaus Gesch\u00e4ftsf\u00fchrende Gesellschafter: Walter Braasch Karsten W. Braasch Rote Stra\u00dfe 26 &#8211; 28 24937 Flensburg Telefon:\u00a0+49 (0)461 14 16 00 Fax:\u00a0+49 (0)461 14 16 013 &#x77;&#x65;&#105;n&#x2d;&#x72;&#117;&#109;&#64;&#x62;&#x72;&#97;&#97;s&#x63;&#x68;&#46;sh Registergericht AG Flensburg HRA 9594 FL Ust-Ident-Nr. DE319617996 Verantwortlich f\u00fcr die Inhalte: Walter Braasch, Karsten W. Braasch Informationen zur Online-Streitbeilegung: Online-Streitbeilegung gem\u00e4\u00df Art. [&hellip;]<\/p>\n","protected":false},"author":1,"featured_media":0,"parent":0,"menu_order":510,"comment_status":"closed","ping_status":"closed","template":"","meta":{"footnotes":""},"class_list":["post-4584","page","type-page","status-publish","hentry"],"_links":{"self":[{"href":"https:\/\/museum.braasch.sh\/sv\/wp-json\/wp\/v2\/pages\/4584","targetHints":{"allow":["GET"]}}],"collection":[{"href":"https:\/\/museum.braasch.sh\/sv\/wp-json\/wp\/v2\/pages"}],"about":[{"href":"https:\/\/museum.braasch.sh\/sv\/wp-json\/wp\/v2\/types\/page"}],"author":[{"embeddable":true,"href":"https:\/\/museum.braasch.sh\/sv\/wp-json\/wp\/v2\/users\/1"}],"replies":[{"embeddable":true,"href":"https:\/\/museum.braasch.sh\/sv\/wp-json\/wp\/v2\/comments?post=4584"}],"version-history":[{"count":2,"href":"https:\/\/museum.braasch.sh\/sv\/wp-json\/wp\/v2\/pages\/4584\/revisions"}],"predecessor-version":[{"id":4604,"href":"https:\/\/museum.braasch.sh\/sv\/wp-json\/wp\/v2\/pages\/4584\/revisions\/4604"}],"wp:attachment":[{"href":"https:\/\/museum.braasch.sh\/sv\/wp-json\/wp\/v2\/media?parent=4584"}],"curies":[{"name":"wp","href":"https:\/\/api.w.org\/{rel}","templated":true}]}}