{"id":4590,"date":"2024-05-27T22:36:35","date_gmt":"2024-05-27T20:36:35","guid":{"rendered":"https:\/\/museum.braasch.sh\/datenschutzhinweise\/"},"modified":"2024-11-08T12:05:28","modified_gmt":"2024-11-08T11:05:28","slug":"privacy-protection","status":"publish","type":"page","link":"https:\/\/museum.braasch.sh\/sv\/privacy-protection\/","title":{"rendered":"Privacy Protection"},"content":{"rendered":"<h1>Datenschutzhinweise<\/h1>\n<h2>Verantwortlicher<\/h2>\n<p>Verantwortlicher im Sinne der Datenschutzgesetze, insbesondere der EU-Datenschutz-Grundverordnung (DSGVO), ist: Walter Braasch, Karsten W. Braasch, Rote Stra\u00dfe 26 \u2013 28, 24937 Flensburg<br \/>\nTelefon:\u00a0<a href=\"tel:+49 (0)461 14 16 00\">+49 (0)461 14 16 00<\/a>, <a href=\"&#x6d;&#97;&#x69;&#x6c;&#116;&#x6f;&#58;w&#x65;&#105;n&#x2d;&#114;u&#x6d;&#64;b&#x72;&#97;&#x61;&#x73;&#99;&#x68;&#x2e;&#115;&#x68;\">&#x77;&#x65;&#x69;&#x6e;&#x2d;&#x72;&#x75;&#x6d;&#x40;&#x62;&#x72;&#x61;&#x61;&#x73;&#x63;&#x68;&#x2e;&#x73;&#x68;<\/a><\/p>\n<h2>Ihre Betroffenenrechte<\/h2>\n<p>Unter den angegebenen Kontaktdaten k\u00f6nnen Sie gem\u00e4\u00df EU-Datenschutz-Grundverordnung (DSGVO) jederzeit folgende Rechte aus\u00fcben:<\/p>\n<ul>\n<li>Auskunft \u00fcber Ihre bei uns gespeicherten Daten und deren Verarbeitung (Art. 15 DSGVO),<\/li>\n<li>Berichtigung unrichtiger personenbezogener Daten (Art. 16 DSGVO),<\/li>\n<li>L\u00f6schung Ihrer bei uns gespeicherten Daten (Art. 17 DSGVO),<\/li>\n<li>Einschr\u00e4nkung der Datenverarbeitung, sofern wir Ihre Daten aufgrund gesetzlicher Pflichten noch nicht l\u00f6schen d\u00fcrfen (Art. 18 DSGVO),<\/li>\n<li>Widerspruch gegen die Verarbeitung Ihrer Daten bei uns (Art. 21 DSGVO) und<\/li>\n<li>Daten\u00fcbertragbarkeit, sofern Sie in die Datenverarbeitung eingewilligt haben oder einen Vertrag mit uns abgeschlossen haben (Art. 20 DSGVO).<\/li>\n<\/ul>\n<p>Sofern Sie uns eine Einwilligung erteilt haben, k\u00f6nnen Sie diese jederzeit mit Wirkung f\u00fcr die Zukunft widerrufen.<\/p>\n<p>Sie k\u00f6nnen sich jederzeit mit einer Beschwerde an eine Aufsichtsbeh\u00f6rde wenden, z. B. an die zust\u00e4ndige Aufsichtsbeh\u00f6rde des Bundeslands Ihres Wohnsitzes oder an die f\u00fcr uns als verantwortliche Stelle zust\u00e4ndige Beh\u00f6rde.<\/p>\n<p>Eine Liste der Aufsichtsbeh\u00f6rden (f\u00fcr den nicht\u00f6ffentlichen Bereich) mit Anschrift finden Sie unter: <a href=\"https:\/\/www.bfdi.bund.de\/DE\/Infothek\/Anschriften_Links\/anschriften_links-node.html\">https:\/\/www.bfdi.bund.de\/DE\/Infothek\/Anschriften_Links\/anschriften_links-node.html<\/a>.<\/p>\n<h2>Verarbeitungst\u00e4tigkeiten<\/h2>\n<h3>Erfassung allgemeiner Informationen beim Besuch unserer Website<\/h3>\n<h4>Art und Zweck der Verarbeitung<\/h4>\n<p>Wenn Sie auf unsere Website zugreifen, d.h., wenn Sie sich nicht registrieren oder anderweitig Informationen \u00fcbermitteln, werden automatisch Informationen allgemeiner Natur erfasst. Diese Informationen (Server-Logfiles) beinhalten etwa die Art des Webbrowsers, das verwendete Betriebssystem, den Domainnamen Ihres Internet-Service-Providers, Ihre IP-Adresse und \u00e4hnliches.<\/p>\n<p>Sie werden insbesondere zu folgenden Zwecken verarbeitet:<\/p>\n<ul>\n<li>zur technisch fehlerfreien Darstellung und Optimierung der Website<\/li>\n<\/ul>\n<p>Wir verwenden Ihre Daten nicht, um R\u00fcckschl\u00fcsse auf Ihre Person zu ziehen. Allerdings behalten wir uns vor, die Server-Logfiles nachtr\u00e4glich zu \u00fcberpr\u00fcfen, sollten konkrete Anhaltspunkte auf eine rechtswidrige Nutzung hinweisen.<\/p>\n<h4>Rechtsgrundlage und berechtigtes Interesse<\/h4>\n<p>Die Verarbeitung erfolgt gem\u00e4\u00df Art. 6 Abs. 1 lit. f DSGVO auf Basis unseres berechtigten Interesses an der Verbesserung der Stabilit\u00e4t und Funktionalit\u00e4t unserer Website sowie der Sicherstellung der Systemsicherheit und Missbrauchserkennung.<\/p>\n<h4>Empf\u00e4nger<\/h4>\n<p>Empf\u00e4nger der Daten sind ggf. technische Dienstleister, die f\u00fcr den Betrieb und die Wartung unserer Webseite als Auftragsverarbeiter t\u00e4tig werden.<\/p>\n<h4>Speicherdauer<\/h4>\n<p>Daten werden in Server-Log-Dateien in einer Form, die die Identifizierung der betroffenen Personen erm\u00f6glicht, maximal f\u00fcr 14 Tage gespeichert; es sei denn, dass ein sicherheitsrelevantes Ereignis auftritt (z.B. ein DDoS-Angriff).<\/p>\n<p>Im Falle eines solchen Ereignisses werden Server-Log-Dateien bis zur Beseitigung und vollst\u00e4ndigen Aufkl\u00e4rung des sicherheitsrelevanten Ereignisses gespeichert.<\/p>\n<h4>Bereitstellung vorgeschrieben oder erforderlich<\/h4>\n<p>Die Bereitstellung der vorgenannten personenbezogenen Daten ist weder gesetzlich noch vertraglich vorgeschrieben. Ohne die IP-Adresse ist jedoch der Dienst und die Funktionsf\u00e4higkeit unserer Website nicht gew\u00e4hrleistet. Zudem k\u00f6nnen einzelne Dienste und Services nicht verf\u00fcgbar oder eingeschr\u00e4nkt sein.<\/p>\n<h4>Widerspruch<\/h4>\n<p>Lesen Sie dazu die Informationen \u00fcber Ihr Widerspruchsrecht nach Art. 21 DSGVO weiter unten.<\/p>\n<h2>Cookies<\/h2>\n<p>Ein Cookie ist ein kleiner Datensatz, der beim Besuch einer Website erstellt und auf dem System Websitebesuchers zwischengespeichert wird. Wird der Server dieser Website erneut vom Nutzer der Website aufgerufen, sendet der Browser des Nutzers der Website das zuvor empfangenen Cookie wieder zur\u00fcck an den Server. Der Server kann die durch dieses Verfahren erhaltenen Informationen auswerten. Durch Cookies kann insbesondere das Navigieren auf einer Website erleichtert werden.<\/p>\n<p>Ausf\u00fchrliche Informationen zum Thema Cookies, und welche Cookies auf dieser Website zu welchem Zweck im Einsatz sind, k\u00f6nnen Sie jederzeit in den Cookie-Einstellungen aufrufen.<\/p>\n<h4>L\u00f6schen von Cookies<\/h4>\n<p>Sie k\u00f6nnen einzelne Cookies oder den gesamten Cookie-Bestand l\u00f6schen. Dar\u00fcber hinaus erhalten Sie Informationen und Anleitungen, wie diese Cookies gel\u00f6scht oder deren Speicherung vorab blockiert werden k\u00f6nnen. Je nach Anbieter Ihres Browsers finden Sie die notwendigen Informationen unter den nachfolgenden Links:<\/p>\n<ul>\n<li>Mozilla Firefox: <a href=\"https:\/\/support.mozilla.org\/de\/kb\/cookies-loeschen-daten-von-websites-entfernen\">https:\/\/support.mozilla.org\/de\/kb\/cookies-loeschen-daten-von-websites-entfernen<\/a><\/li>\n<li>Microsoft Edge: <a href=\"https:\/\/support.microsoft.com\/de-de\/windows\/verwalten-von-cookies-in-microsoft-edge-anzeigen-zulassen-blockieren-l%C3%B6schen-und-verwenden-168dab11-0753-043d-7c16-ede5947fc64d\">https:\/\/support.microsoft.com\/de-de\/windows\/verwalten-von-cookies-in-microsoft-edge-anzeigen-zulassen-blockieren-l%C3%B6schen-und-verwenden-168dab11-0753-043d-7c16-ede5947fc64d<\/a><\/li>\n<li>Google Chrome: <a href=\"https:\/\/support.google.com\/accounts\/answer\/61416?hl=de\">https:\/\/support.google.com\/accounts\/answer\/61416?hl=de<\/a><\/li>\n<li>Opera: <a href=\"http:\/\/www.opera.com\/de\/help\">http:\/\/www.opera.com\/de\/help<\/a><\/li>\n<li>Safari: <a href=\"https:\/\/support.apple.com\/kb\/PH17191?locale=de_DE&amp;viewlocale=de_DE\">https:\/\/support.apple.com\/kb\/PH17191?locale=de_DE&amp;viewlocale=de_DE<\/a><\/li>\n<\/ul>\n<p>Zus\u00e4tzlich k\u00f6nnen Sie standardm\u00e4\u00dfig das Laden sog. Scripts verhindern. NoScript erlaubt das Ausf\u00fchren von JavaScript, Java und anderen Plugins nur bei vertrauensw\u00fcrdigen Domains Ihrer Wahl.<\/p>\n<p>Informationen und Anleitungen, wie Sie diese Funktion bearbeiten k\u00f6nnen, erhalten Sie \u00fcber den Anbieter Ihres Browsers (z.B. f\u00fcr Mozilla Firefox: <a href=\"https:\/\/addons.mozilla.org\/de\/firefox\/addon\/noscript\/\">https:\/\/addons.mozilla.org\/de\/firefox\/addon\/noscript\/<\/a>).<\/p>\n<h3>Technisch notwendige Cookies<\/h3>\n<h4>Art und Zweck der Verarbeitung<\/h4>\n<p>Wir setzen Cookies ein, um unsere Website nutzerfreundlicher zu gestalten. Einige Elemente unserer Website erfordern es, dass der aufrufende Browser auch nach einem Seitenwechsel identifiziert werden kann.<\/p>\n<p>Der Zweck der Verwendung technisch notwendiger Cookies ist, die Nutzung von Websites f\u00fcr die Nutzer zu vereinfachen. Einige Funktionen unserer Website k\u00f6nnen ohne den Einsatz von Cookies nicht angeboten werden. F\u00fcr diese ist es erforderlich, dass der Browser auch nach einem Seitenwechsel wiedererkannt wird.<\/p>\n<p>F\u00fcr folgende Anwendungen ben\u00f6tigen wir Cookies:<\/p>\n<p>Eine \u00dcbersicht finden \u00fcber die eingesetzten Cookies finden Sie in unserem Cookie-Consent-Tool.<\/p>\n<h4>Rechtsgrundlage und berechtigtes Interesse<\/h4>\n<p>Die Datenverarbeitung erfolgt insoweit allein auf Basis unseres berechtigten Interesses an einer nutzerfreundlichen Gestaltung unserer Website und an der Dokumentation der Einwilligung gem. Art. 6 Abs. 1 lit. f DSGVO in Verbindung mit einer Abw\u00e4gung nach \u00a725 Abs. 2 TDDDG.<\/p>\n<h4>Empf\u00e4nger<\/h4>\n<p>Empf\u00e4nger der Daten sind ggf. technische Dienstleister, die f\u00fcr den Betrieb und die Wartung unserer Website als Auftragsverarbeiter t\u00e4tig werden.<\/p>\n<h4>Speicherdauer<\/h4>\n<p>Die jeweilige Speicherdauer der Cookies entnehmen Sie bitte dem Cookie-Consent-Tool.<\/p>\n<h4>Bereitstellung vorgeschrieben oder erforderlich<\/h4>\n<p>Die Bereitstellung der vorgenannten personenbezogenen Daten ist weder gesetzlich noch vertraglich vorgeschrieben. Ohne diese Daten sind jedoch der Dienst und die Funktionsf\u00e4higkeit unserer Website nicht gew\u00e4hrleistet. Zudem k\u00f6nnen einzelne Dienste und Services nicht verf\u00fcgbar oder eingeschr\u00e4nkt sein.<\/p>\n<h4>Widerspruch<\/h4>\n<p>Lesen Sie dazu die Informationen \u00fcber Ihr Widerspruchsrecht nach Art. 21 DSGVO weiter unten.<\/p>\n<h2>Information \u00fcber Ihr Widerspruchsrecht nach Art. 21 DSGVO<\/h2>\n<h3>Einzelfallbezogenes Widerspruchsrecht<\/h3>\n<p>Sie haben das Recht, aus Gr\u00fcnden, die sich aus Ihrer besonderen Situation ergeben, jederzeit gegen die Verarbeitung Sie betreffender personenbezogener Daten, die aufgrund Art. 6 Abs. 1 lit. f DSGVO (Datenverarbeitung auf der Grundlage einer Interessenabw\u00e4gung) erfolgt, Widerspruch einzulegen; dies gilt auch f\u00fcr ein auf diese Bestimmung gest\u00fctztes Profiling im Sinne von Art. 4 Nr. 4 DSGVO.<\/p>\n<p>Legen Sie Widerspruch ein, werden wir Ihre personenbezogenen Daten nicht mehr verarbeiten, es sei denn, wir k\u00f6nnen zwingende schutzw\u00fcrdige Gr\u00fcnde f\u00fcr die Verarbeitung nachweisen, die Ihre Interessen, Rechte und Freiheiten \u00fcberwiegen, oder die Verarbeitung dient der Geltendmachung, Aus\u00fcbung oder Verteidigung von Rechtsanspr\u00fcchen.<\/p>\n<h3>Empf\u00e4nger eines Widerspruchs<\/h3>\n<p>Walter Braasch, Karsten W. Braasch, Rote Stra\u00dfe 26 \u2013 28, 24937 Flensburg<br \/>\nTelefon:\u00a0<a href=\"tel:+49 (0)461 14 16 00\">+49 (0)461 14 16 00<\/a>, <a href=\"mailto:wein-rum&#64;braasch&#46;&#115;&#104;\">&#119;&#x65;i&#x6e;&#x2d;&#114;&#x75;m&#64;&#x62;&#114;&#x61;a&#115;&#x63;h&#x2e;s&#104;<\/a><\/p>\n<h2>\u00c4nderung unserer Datenschutzerkl\u00e4rung<\/h2>\n<p>Wir behalten uns vor, diese Datenschutzerkl\u00e4rung anzupassen, damit sie stets den aktuellen rechtlichen Anforderungen entspricht oder um \u00c4nderungen unserer Leistungen in der Datenschutzerkl\u00e4rung umzusetzen, z.B. bei der Einf\u00fchrung neuer Services. F\u00fcr Ihren erneuten Besuch gilt dann die neue Datenschutzerkl\u00e4rung.<\/p>\n<h2>Fragen zum Datenschutz<\/h2>\n<p>Wenn Sie Fragen zum Datenschutz haben, schreiben Sie uns bitte eine E-Mail an die oben angegebene Adresse.<\/p>\n<h2>Urheberrechtliche Hinweise<\/h2>\n<p><em>Diese Datenschutzerkl\u00e4rung wurde mit Hilfe der activeMind AG erstellt \u2013 den Experten f\u00fcr <a href=\"https:\/\/www.activemind.de\/datenschutz\/datenschutzbeauftragter\/\" target=\"_blank\" rel=\"noopener dofollow\">externe Datenschutzbeauftragte<\/a> (Version #2024-10-25).<\/em><\/p>\n","protected":false},"excerpt":{"rendered":"<p>Datenschutzhinweise Verantwortlicher Verantwortlicher im Sinne der Datenschutzgesetze, insbesondere der EU-Datenschutz-Grundverordnung (DSGVO), ist: Walter Braasch, Karsten W. Braasch, Rote Stra\u00dfe 26 \u2013 28, 24937 Flensburg Telefon:\u00a0+49 (0)461 14 16 00, &#x77;&#101;i&#x6e;&#x2d;&#114;u&#x6d;&#64;b&#x72;&#x61;&#97;s&#x63;&#104;&#46;&#x73;&#x68; Ihre Betroffenenrechte Unter den angegebenen Kontaktdaten k\u00f6nnen Sie gem\u00e4\u00df EU-Datenschutz-Grundverordnung (DSGVO) jederzeit folgende Rechte aus\u00fcben: Auskunft \u00fcber Ihre bei uns gespeicherten Daten und deren Verarbeitung [&hellip;]<\/p>\n","protected":false},"author":1,"featured_media":0,"parent":0,"menu_order":520,"comment_status":"closed","ping_status":"closed","template":"","meta":{"footnotes":""},"class_list":["post-4590","page","type-page","status-publish","hentry"],"_links":{"self":[{"href":"https:\/\/museum.braasch.sh\/sv\/wp-json\/wp\/v2\/pages\/4590","targetHints":{"allow":["GET"]}}],"collection":[{"href":"https:\/\/museum.braasch.sh\/sv\/wp-json\/wp\/v2\/pages"}],"about":[{"href":"https:\/\/museum.braasch.sh\/sv\/wp-json\/wp\/v2\/types\/page"}],"author":[{"embeddable":true,"href":"https:\/\/museum.braasch.sh\/sv\/wp-json\/wp\/v2\/users\/1"}],"replies":[{"embeddable":true,"href":"https:\/\/museum.braasch.sh\/sv\/wp-json\/wp\/v2\/comments?post=4590"}],"version-history":[{"count":2,"href":"https:\/\/museum.braasch.sh\/sv\/wp-json\/wp\/v2\/pages\/4590\/revisions"}],"predecessor-version":[{"id":4605,"href":"https:\/\/museum.braasch.sh\/sv\/wp-json\/wp\/v2\/pages\/4590\/revisions\/4605"}],"wp:attachment":[{"href":"https:\/\/museum.braasch.sh\/sv\/wp-json\/wp\/v2\/media?parent=4590"}],"curies":[{"name":"wp","href":"https:\/\/api.w.org\/{rel}","templated":true}]}}